{"id":96508,"date":"2024-01-20T12:47:57","date_gmt":"2024-01-20T17:48:10","guid":{"rendered":"https:\/\/bebeochaud.com\/?post_type=product&#038;p=96508"},"modified":"2024-06-09T06:50:48","modified_gmt":"2024-06-09T11:50:48","slug":"blanket-american-animals-copie","status":"publish","type":"product","link":"https:\/\/bebeochaud.com\/en\/produit\/blanket-american-animals-copie\/","title":{"rendered":"Blanket &#8211; American animals &#8211; 24h"},"content":{"rendered":"<p>Unique and special, keeps your baby comfy while sleeping or playing while capturing their imagination.<\/p>\n","protected":false},"excerpt":{"rendered":"<p><strong>Composition :<\/strong> 100 % polyester<\/p>\n<p><strong>Maintenance :<\/strong> Can go to the washer and dryer<\/p>\n<p><strong>Fabrics :<\/strong> MINKY<\/p>\n<p><strong>Back : <\/strong>blue<\/p>\n","protected":false},"featured_media":92674,"comment_status":"open","ping_status":"closed","template":"","meta":[],"product_brand":[],"product_cat":[272,162],"product_tag":[414,397],"class_list":{"0":"post-96508","1":"product","2":"type-product","3":"status-publish","4":"has-post-thumbnail","6":"product_cat-24h_blanket","7":"product_cat-embroidery","8":"product_tag-animals","9":"product_tag-unisex","11":"first","12":"outofstock","13":"taxable","14":"shipping-taxable","15":"product-type-variable"},"yoast_head":"<!-- This site is optimized with the Yoast SEO plugin v26.6 - https:\/\/yoast.com\/wordpress\/plugins\/seo\/ -->\n<title>Blanket - American animals - 24h - B\u00e9b\u00e9 \u00d4 Chaud<\/title>\n<meta name=\"robots\" content=\"index, follow, max-snippet:-1, max-image-preview:large, max-video-preview:-1\" \/>\n<link rel=\"canonical\" href=\"https:\/\/bebeochaud.com\/produit\/couverture-animaux-damerique-24h\/\" \/>\n<meta property=\"og:locale\" content=\"en_US\" \/>\n<meta property=\"og:type\" content=\"article\" \/>\n<meta property=\"og:title\" content=\"Blanket - American animals - 24h - B\u00e9b\u00e9 \u00d4 Chaud\" \/>\n<meta property=\"og:description\" content=\"Composition : 100 % polyester  Maintenance : Can go to the washer and dryer  Fabrics : MINKY  Back : blue\" \/>\n<meta property=\"og:url\" content=\"https:\/\/bebeochaud.com\/produit\/couverture-animaux-damerique-24h\/\" \/>\n<meta property=\"og:site_name\" content=\"B\u00e9b\u00e9 \u00d4 Chaud\" \/>\n<meta property=\"article:publisher\" content=\"https:\/\/www.facebook.com\/Bebe.O.Chaud\" \/>\n<meta property=\"article:modified_time\" content=\"2024-06-09T11:50:48+00:00\" \/>\n<meta property=\"og:image\" content=\"https:\/\/bebeochaud.com\/wp-content\/uploads\/2023\/12\/Animaux_Damerique_Cv_Lit.jpg\" \/>\n\t<meta property=\"og:image:width\" content=\"2000\" \/>\n\t<meta property=\"og:image:height\" content=\"1600\" \/>\n\t<meta property=\"og:image:type\" content=\"image\/jpeg\" \/>\n<meta name=\"twitter:card\" content=\"summary_large_image\" \/>\n<script type=\"application\/ld+json\" class=\"yoast-schema-graph\">{\"@context\":\"https:\/\/schema.org\",\"@graph\":[{\"@type\":\"WebPage\",\"@id\":\"https:\/\/bebeochaud.com\/produit\/couverture-animaux-damerique-24h\/\",\"url\":\"https:\/\/bebeochaud.com\/produit\/couverture-animaux-damerique-24h\/\",\"name\":\"Blanket - American animals - 24h - B\u00e9b\u00e9 \u00d4 Chaud\",\"isPartOf\":{\"@id\":\"https:\/\/bebeochaud.com\/#website\"},\"primaryImageOfPage\":{\"@id\":\"https:\/\/bebeochaud.com\/produit\/couverture-animaux-damerique-24h\/#primaryimage\"},\"image\":{\"@id\":\"https:\/\/bebeochaud.com\/produit\/couverture-animaux-damerique-24h\/#primaryimage\"},\"thumbnailUrl\":\"https:\/\/bebeochaud.com\/wp-content\/uploads\/2023\/12\/Animaux_Damerique_Cv_Lit.jpg\",\"datePublished\":\"2024-01-20T17:48:10+00:00\",\"dateModified\":\"2024-06-09T11:50:48+00:00\",\"breadcrumb\":{\"@id\":\"https:\/\/bebeochaud.com\/produit\/couverture-animaux-damerique-24h\/#breadcrumb\"},\"inLanguage\":\"en-US\",\"potentialAction\":[{\"@type\":\"ReadAction\",\"target\":[\"https:\/\/bebeochaud.com\/produit\/couverture-animaux-damerique-24h\/\"]}]},{\"@type\":\"ImageObject\",\"inLanguage\":\"en-US\",\"@id\":\"https:\/\/bebeochaud.com\/produit\/couverture-animaux-damerique-24h\/#primaryimage\",\"url\":\"https:\/\/bebeochaud.com\/wp-content\/uploads\/2023\/12\/Animaux_Damerique_Cv_Lit.jpg\",\"contentUrl\":\"https:\/\/bebeochaud.com\/wp-content\/uploads\/2023\/12\/Animaux_Damerique_Cv_Lit.jpg\",\"width\":2000,\"height\":1600},{\"@type\":\"BreadcrumbList\",\"@id\":\"https:\/\/bebeochaud.com\/produit\/couverture-animaux-damerique-24h\/#breadcrumb\",\"itemListElement\":[{\"@type\":\"ListItem\",\"position\":1,\"name\":\"Accueil\",\"item\":\"https:\/\/bebeochaud.com\/en\/\"},{\"@type\":\"ListItem\",\"position\":2,\"name\":\"Shop\",\"item\":\"https:\/\/bebeochaud.com\/en\/shop\/\"},{\"@type\":\"ListItem\",\"position\":3,\"name\":\"Blanket &#8211; American animals &#8211; 24h\"}]},{\"@type\":\"WebSite\",\"@id\":\"https:\/\/bebeochaud.com\/#website\",\"url\":\"https:\/\/bebeochaud.com\/\",\"name\":\"B\u00e9b\u00e9 \u00d4 Chaud\",\"description\":\"V\u00eatements et accessoires pour b\u00e9b\u00e9s\",\"publisher\":{\"@id\":\"https:\/\/bebeochaud.com\/#organization\"},\"potentialAction\":[{\"@type\":\"SearchAction\",\"target\":{\"@type\":\"EntryPoint\",\"urlTemplate\":\"https:\/\/bebeochaud.com\/?s={search_term_string}\"},\"query-input\":{\"@type\":\"PropertyValueSpecification\",\"valueRequired\":true,\"valueName\":\"search_term_string\"}}],\"inLanguage\":\"en-US\"},{\"@type\":\"Organization\",\"@id\":\"https:\/\/bebeochaud.com\/#organization\",\"name\":\"B\u00e9b\u00e9 \u00f4 Chaud\",\"url\":\"https:\/\/bebeochaud.com\/\",\"logo\":{\"@type\":\"ImageObject\",\"inLanguage\":\"en-US\",\"@id\":\"https:\/\/bebeochaud.com\/#\/schema\/logo\/image\/\",\"url\":\"https:\/\/bebeochaud.com\/wp-content\/uploads\/2021\/06\/logo-noir-gris-carre.png\",\"contentUrl\":\"https:\/\/bebeochaud.com\/wp-content\/uploads\/2021\/06\/logo-noir-gris-carre.png\",\"width\":358,\"height\":277,\"caption\":\"B\u00e9b\u00e9 \u00f4 Chaud\"},\"image\":{\"@id\":\"https:\/\/bebeochaud.com\/#\/schema\/logo\/image\/\"},\"sameAs\":[\"https:\/\/www.facebook.com\/Bebe.O.Chaud\"]}]}<\/script>\n<!-- \/ Yoast SEO plugin. -->","yoast_head_json":{"title":"Blanket - American animals - 24h - B\u00e9b\u00e9 \u00d4 Chaud","robots":{"index":"index","follow":"follow","max-snippet":"max-snippet:-1","max-image-preview":"max-image-preview:large","max-video-preview":"max-video-preview:-1"},"canonical":"https:\/\/bebeochaud.com\/produit\/couverture-animaux-damerique-24h\/","og_locale":"en_US","og_type":"article","og_title":"Blanket - American animals - 24h - B\u00e9b\u00e9 \u00d4 Chaud","og_description":"Composition : 100 % polyester  Maintenance : Can go to the washer and dryer  Fabrics : MINKY  Back : blue","og_url":"https:\/\/bebeochaud.com\/produit\/couverture-animaux-damerique-24h\/","og_site_name":"B\u00e9b\u00e9 \u00d4 Chaud","article_publisher":"https:\/\/www.facebook.com\/Bebe.O.Chaud","article_modified_time":"2024-06-09T11:50:48+00:00","og_image":[{"width":2000,"height":1600,"url":"https:\/\/bebeochaud.com\/wp-content\/uploads\/2023\/12\/Animaux_Damerique_Cv_Lit.jpg","type":"image\/jpeg"}],"twitter_card":"summary_large_image","schema":{"@context":"https:\/\/schema.org","@graph":[{"@type":"WebPage","@id":"https:\/\/bebeochaud.com\/produit\/couverture-animaux-damerique-24h\/","url":"https:\/\/bebeochaud.com\/produit\/couverture-animaux-damerique-24h\/","name":"Blanket - American animals - 24h - B\u00e9b\u00e9 \u00d4 Chaud","isPartOf":{"@id":"https:\/\/bebeochaud.com\/#website"},"primaryImageOfPage":{"@id":"https:\/\/bebeochaud.com\/produit\/couverture-animaux-damerique-24h\/#primaryimage"},"image":{"@id":"https:\/\/bebeochaud.com\/produit\/couverture-animaux-damerique-24h\/#primaryimage"},"thumbnailUrl":"https:\/\/bebeochaud.com\/wp-content\/uploads\/2023\/12\/Animaux_Damerique_Cv_Lit.jpg","datePublished":"2024-01-20T17:48:10+00:00","dateModified":"2024-06-09T11:50:48+00:00","breadcrumb":{"@id":"https:\/\/bebeochaud.com\/produit\/couverture-animaux-damerique-24h\/#breadcrumb"},"inLanguage":"en-US","potentialAction":[{"@type":"ReadAction","target":["https:\/\/bebeochaud.com\/produit\/couverture-animaux-damerique-24h\/"]}]},{"@type":"ImageObject","inLanguage":"en-US","@id":"https:\/\/bebeochaud.com\/produit\/couverture-animaux-damerique-24h\/#primaryimage","url":"https:\/\/bebeochaud.com\/wp-content\/uploads\/2023\/12\/Animaux_Damerique_Cv_Lit.jpg","contentUrl":"https:\/\/bebeochaud.com\/wp-content\/uploads\/2023\/12\/Animaux_Damerique_Cv_Lit.jpg","width":2000,"height":1600},{"@type":"BreadcrumbList","@id":"https:\/\/bebeochaud.com\/produit\/couverture-animaux-damerique-24h\/#breadcrumb","itemListElement":[{"@type":"ListItem","position":1,"name":"Accueil","item":"https:\/\/bebeochaud.com\/en\/"},{"@type":"ListItem","position":2,"name":"Shop","item":"https:\/\/bebeochaud.com\/en\/shop\/"},{"@type":"ListItem","position":3,"name":"Blanket &#8211; American animals &#8211; 24h"}]},{"@type":"WebSite","@id":"https:\/\/bebeochaud.com\/#website","url":"https:\/\/bebeochaud.com\/","name":"B\u00e9b\u00e9 \u00d4 Chaud","description":"V\u00eatements et accessoires pour b\u00e9b\u00e9s","publisher":{"@id":"https:\/\/bebeochaud.com\/#organization"},"potentialAction":[{"@type":"SearchAction","target":{"@type":"EntryPoint","urlTemplate":"https:\/\/bebeochaud.com\/?s={search_term_string}"},"query-input":{"@type":"PropertyValueSpecification","valueRequired":true,"valueName":"search_term_string"}}],"inLanguage":"en-US"},{"@type":"Organization","@id":"https:\/\/bebeochaud.com\/#organization","name":"B\u00e9b\u00e9 \u00f4 Chaud","url":"https:\/\/bebeochaud.com\/","logo":{"@type":"ImageObject","inLanguage":"en-US","@id":"https:\/\/bebeochaud.com\/#\/schema\/logo\/image\/","url":"https:\/\/bebeochaud.com\/wp-content\/uploads\/2021\/06\/logo-noir-gris-carre.png","contentUrl":"https:\/\/bebeochaud.com\/wp-content\/uploads\/2021\/06\/logo-noir-gris-carre.png","width":358,"height":277,"caption":"B\u00e9b\u00e9 \u00f4 Chaud"},"image":{"@id":"https:\/\/bebeochaud.com\/#\/schema\/logo\/image\/"},"sameAs":["https:\/\/www.facebook.com\/Bebe.O.Chaud"]}]}},"_links":{"self":[{"href":"https:\/\/bebeochaud.com\/en\/wp-json\/wp\/v2\/product\/96508","targetHints":{"allow":["GET"]}}],"collection":[{"href":"https:\/\/bebeochaud.com\/en\/wp-json\/wp\/v2\/product"}],"about":[{"href":"https:\/\/bebeochaud.com\/en\/wp-json\/wp\/v2\/types\/product"}],"replies":[{"embeddable":true,"href":"https:\/\/bebeochaud.com\/en\/wp-json\/wp\/v2\/comments?post=96508"}],"wp:featuredmedia":[{"embeddable":true,"href":"https:\/\/bebeochaud.com\/en\/wp-json\/wp\/v2\/media\/92674"}],"wp:attachment":[{"href":"https:\/\/bebeochaud.com\/en\/wp-json\/wp\/v2\/media?parent=96508"}],"wp:term":[{"taxonomy":"product_brand","embeddable":true,"href":"https:\/\/bebeochaud.com\/en\/wp-json\/wp\/v2\/product_brand?post=96508"},{"taxonomy":"product_cat","embeddable":true,"href":"https:\/\/bebeochaud.com\/en\/wp-json\/wp\/v2\/product_cat?post=96508"},{"taxonomy":"product_tag","embeddable":true,"href":"https:\/\/bebeochaud.com\/en\/wp-json\/wp\/v2\/product_tag?post=96508"}],"curies":[{"name":"wp","href":"https:\/\/api.w.org\/{rel}","templated":true}]}}