{"id":79246,"date":"2023-03-22T21:04:29","date_gmt":"2023-03-23T02:04:29","guid":{"rendered":"https:\/\/bebeochaud.com\/?post_type=product&#038;p=79246"},"modified":"2023-03-23T05:50:18","modified_gmt":"2023-03-23T10:50:18","slug":"duo-washcloth-and-cuddle-cloth-rabbit-mr-brownie","status":"publish","type":"product","link":"https:\/\/bebeochaud.com\/en\/produit\/duo-washcloth-and-cuddle-cloth-rabbit-mr-brownie\/","title":{"rendered":"Duo washcloth and cuddle cloth rabbit &#8211; Mr Brownie"},"content":{"rendered":"<p>Unique, original and so soft, this soft toy will be your baby&#8217;s or child&#8217;s best friend.<\/p>\n<p>With his big smile, his peaceful face and his soft belly, your child will not want to leave him!<\/p>\n<p>The perfect companion for good and bad days!<\/p>\n<p>Then it&#8217;s bath time?<\/p>\n<p>Mr. Brownie has put on his bathing suit, changed into a cute, super soft plush washcloth, and is ready to jump in the water for hours of fun!<\/p>\n<p>Your child can play with him making him do all kinds of pirouettes!<br \/>\nWhen it&#8217;s time to soap up, Mr. Brownie&#8217;s belly will be perfect for receiving the soap.<\/p>\n<p>Made in a soft terry cloth, your child will appreciate his bath toy!<\/p>\n","protected":false},"excerpt":{"rendered":"<p><strong>Cuddle cloth&#8217;s specifications<\/strong><br \/>\n<strong>Composition :<\/strong> 100 % polyester<\/p>\n<p><strong>Maintenance :<\/strong> Goes in the washer (delicate cycle) and the dryer (low temperature)<\/p>\n<p><strong>Fabrics :<\/strong> MINKY<\/p>\n<p><strong>Size :<\/strong> 70cm high by 45cm wide<\/p>\n<p><strong>Washcloth&#8217;s specifications<\/strong><br \/>\n<strong>Composition:<\/strong> Absorbent terry cloth 40% Viscose bamboo 40% Polyester 20% Cotton<\/p>\n<p><strong>Maintenance:<\/strong> Washer \/ dryer<\/p>\n<p><strong>Size:<\/strong> 63cm X 33cm<\/p>\n","protected":false},"featured_media":79250,"comment_status":"open","ping_status":"closed","template":"","meta":[],"product_brand":[],"product_cat":[981,977],"product_tag":[],"class_list":{"0":"post-79246","1":"product","2":"type-product","3":"status-publish","4":"has-post-thumbnail","6":"product_cat-cuddle-cloths","7":"product_cat-washcloth","9":"first","10":"outofstock","11":"taxable","12":"shipping-taxable","13":"purchasable","14":"product-type-simple"},"yoast_head":"<!-- This site is optimized with the Yoast SEO plugin v26.6 - https:\/\/yoast.com\/wordpress\/plugins\/seo\/ -->\n<title>Duo washcloth and cuddle cloth rabbit - Mr Brownie - B\u00e9b\u00e9 \u00d4 Chaud<\/title>\n<meta name=\"description\" content=\"At times a cuddle cloth and at other times a soft toy washcloth, this duo will make children very happy to find their best friend to accompany them all day!\" \/>\n<meta name=\"robots\" content=\"index, follow, max-snippet:-1, max-image-preview:large, max-video-preview:-1\" \/>\n<link rel=\"canonical\" href=\"https:\/\/bebeochaud.com\/en\/produit\/duo-washcloth-and-cuddle-cloth-rabbit-mr-brownie\/\" \/>\n<meta property=\"og:locale\" content=\"en_US\" \/>\n<meta property=\"og:type\" content=\"article\" \/>\n<meta property=\"og:title\" content=\"Duo washcloth and cuddle cloth rabbit - Mr Brownie - B\u00e9b\u00e9 \u00d4 Chaud\" \/>\n<meta property=\"og:description\" content=\"At times a cuddle cloth and at other times a soft toy washcloth, this duo will make children very happy to find their best friend to accompany them all day!\" \/>\n<meta property=\"og:url\" content=\"https:\/\/bebeochaud.com\/en\/produit\/duo-washcloth-and-cuddle-cloth-rabbit-mr-brownie\/\" \/>\n<meta property=\"og:site_name\" content=\"B\u00e9b\u00e9 \u00d4 Chaud\" \/>\n<meta property=\"article:publisher\" content=\"https:\/\/www.facebook.com\/Bebe.O.Chaud\" \/>\n<meta property=\"article:modified_time\" content=\"2023-03-23T10:50:18+00:00\" \/>\n<meta property=\"og:image\" content=\"https:\/\/bebeochaud.com\/wp-content\/uploads\/2023\/03\/Duo-brownie-1-scaled.jpg\" \/>\n\t<meta property=\"og:image:width\" content=\"1910\" \/>\n\t<meta property=\"og:image:height\" content=\"2560\" \/>\n\t<meta property=\"og:image:type\" content=\"image\/jpeg\" \/>\n<meta name=\"twitter:card\" content=\"summary_large_image\" \/>\n<meta name=\"twitter:label1\" content=\"Est. reading time\" \/>\n\t<meta name=\"twitter:data1\" content=\"1 minute\" \/>\n<script type=\"application\/ld+json\" class=\"yoast-schema-graph\">{\"@context\":\"https:\/\/schema.org\",\"@graph\":[{\"@type\":\"WebPage\",\"@id\":\"https:\/\/bebeochaud.com\/en\/produit\/duo-washcloth-and-cuddle-cloth-rabbit-mr-brownie\/\",\"url\":\"https:\/\/bebeochaud.com\/en\/produit\/duo-washcloth-and-cuddle-cloth-rabbit-mr-brownie\/\",\"name\":\"Duo washcloth and cuddle cloth rabbit - Mr Brownie - B\u00e9b\u00e9 \u00d4 Chaud\",\"isPartOf\":{\"@id\":\"https:\/\/bebeochaud.com\/#website\"},\"primaryImageOfPage\":{\"@id\":\"https:\/\/bebeochaud.com\/en\/produit\/duo-washcloth-and-cuddle-cloth-rabbit-mr-brownie\/#primaryimage\"},\"image\":{\"@id\":\"https:\/\/bebeochaud.com\/en\/produit\/duo-washcloth-and-cuddle-cloth-rabbit-mr-brownie\/#primaryimage\"},\"thumbnailUrl\":\"https:\/\/bebeochaud.com\/wp-content\/uploads\/2023\/03\/Duo-brownie-1-scaled.jpg\",\"datePublished\":\"2023-03-23T02:04:29+00:00\",\"dateModified\":\"2023-03-23T10:50:18+00:00\",\"description\":\"At times a cuddle cloth and at other times a soft toy washcloth, this duo will make children very happy to find their best friend to accompany them all day!\",\"breadcrumb\":{\"@id\":\"https:\/\/bebeochaud.com\/en\/produit\/duo-washcloth-and-cuddle-cloth-rabbit-mr-brownie\/#breadcrumb\"},\"inLanguage\":\"en-US\",\"potentialAction\":[{\"@type\":\"ReadAction\",\"target\":[\"https:\/\/bebeochaud.com\/en\/produit\/duo-washcloth-and-cuddle-cloth-rabbit-mr-brownie\/\"]}]},{\"@type\":\"ImageObject\",\"inLanguage\":\"en-US\",\"@id\":\"https:\/\/bebeochaud.com\/en\/produit\/duo-washcloth-and-cuddle-cloth-rabbit-mr-brownie\/#primaryimage\",\"url\":\"https:\/\/bebeochaud.com\/wp-content\/uploads\/2023\/03\/Duo-brownie-1-scaled.jpg\",\"contentUrl\":\"https:\/\/bebeochaud.com\/wp-content\/uploads\/2023\/03\/Duo-brownie-1-scaled.jpg\",\"width\":1910,\"height\":2560},{\"@type\":\"BreadcrumbList\",\"@id\":\"https:\/\/bebeochaud.com\/en\/produit\/duo-washcloth-and-cuddle-cloth-rabbit-mr-brownie\/#breadcrumb\",\"itemListElement\":[{\"@type\":\"ListItem\",\"position\":1,\"name\":\"Accueil\",\"item\":\"https:\/\/bebeochaud.com\/en\/\"},{\"@type\":\"ListItem\",\"position\":2,\"name\":\"Shop\",\"item\":\"https:\/\/bebeochaud.com\/en\/shop\/\"},{\"@type\":\"ListItem\",\"position\":3,\"name\":\"Duo washcloth and cuddle cloth rabbit &#8211; Mr Brownie\"}]},{\"@type\":\"WebSite\",\"@id\":\"https:\/\/bebeochaud.com\/#website\",\"url\":\"https:\/\/bebeochaud.com\/\",\"name\":\"B\u00e9b\u00e9 \u00d4 Chaud\",\"description\":\"V\u00eatements et accessoires pour b\u00e9b\u00e9s\",\"publisher\":{\"@id\":\"https:\/\/bebeochaud.com\/#organization\"},\"potentialAction\":[{\"@type\":\"SearchAction\",\"target\":{\"@type\":\"EntryPoint\",\"urlTemplate\":\"https:\/\/bebeochaud.com\/?s={search_term_string}\"},\"query-input\":{\"@type\":\"PropertyValueSpecification\",\"valueRequired\":true,\"valueName\":\"search_term_string\"}}],\"inLanguage\":\"en-US\"},{\"@type\":\"Organization\",\"@id\":\"https:\/\/bebeochaud.com\/#organization\",\"name\":\"B\u00e9b\u00e9 \u00f4 Chaud\",\"url\":\"https:\/\/bebeochaud.com\/\",\"logo\":{\"@type\":\"ImageObject\",\"inLanguage\":\"en-US\",\"@id\":\"https:\/\/bebeochaud.com\/#\/schema\/logo\/image\/\",\"url\":\"https:\/\/bebeochaud.com\/wp-content\/uploads\/2021\/06\/logo-noir-gris-carre.png\",\"contentUrl\":\"https:\/\/bebeochaud.com\/wp-content\/uploads\/2021\/06\/logo-noir-gris-carre.png\",\"width\":358,\"height\":277,\"caption\":\"B\u00e9b\u00e9 \u00f4 Chaud\"},\"image\":{\"@id\":\"https:\/\/bebeochaud.com\/#\/schema\/logo\/image\/\"},\"sameAs\":[\"https:\/\/www.facebook.com\/Bebe.O.Chaud\"]}]}<\/script>\n<!-- \/ Yoast SEO plugin. -->","yoast_head_json":{"title":"Duo washcloth and cuddle cloth rabbit - Mr Brownie - B\u00e9b\u00e9 \u00d4 Chaud","description":"At times a cuddle cloth and at other times a soft toy washcloth, this duo will make children very happy to find their best friend to accompany them all day!","robots":{"index":"index","follow":"follow","max-snippet":"max-snippet:-1","max-image-preview":"max-image-preview:large","max-video-preview":"max-video-preview:-1"},"canonical":"https:\/\/bebeochaud.com\/en\/produit\/duo-washcloth-and-cuddle-cloth-rabbit-mr-brownie\/","og_locale":"en_US","og_type":"article","og_title":"Duo washcloth and cuddle cloth rabbit - Mr Brownie - B\u00e9b\u00e9 \u00d4 Chaud","og_description":"At times a cuddle cloth and at other times a soft toy washcloth, this duo will make children very happy to find their best friend to accompany them all day!","og_url":"https:\/\/bebeochaud.com\/en\/produit\/duo-washcloth-and-cuddle-cloth-rabbit-mr-brownie\/","og_site_name":"B\u00e9b\u00e9 \u00d4 Chaud","article_publisher":"https:\/\/www.facebook.com\/Bebe.O.Chaud","article_modified_time":"2023-03-23T10:50:18+00:00","og_image":[{"width":1910,"height":2560,"url":"https:\/\/bebeochaud.com\/wp-content\/uploads\/2023\/03\/Duo-brownie-1-scaled.jpg","type":"image\/jpeg"}],"twitter_card":"summary_large_image","twitter_misc":{"Est. reading time":"1 minute"},"schema":{"@context":"https:\/\/schema.org","@graph":[{"@type":"WebPage","@id":"https:\/\/bebeochaud.com\/en\/produit\/duo-washcloth-and-cuddle-cloth-rabbit-mr-brownie\/","url":"https:\/\/bebeochaud.com\/en\/produit\/duo-washcloth-and-cuddle-cloth-rabbit-mr-brownie\/","name":"Duo washcloth and cuddle cloth rabbit - Mr Brownie - B\u00e9b\u00e9 \u00d4 Chaud","isPartOf":{"@id":"https:\/\/bebeochaud.com\/#website"},"primaryImageOfPage":{"@id":"https:\/\/bebeochaud.com\/en\/produit\/duo-washcloth-and-cuddle-cloth-rabbit-mr-brownie\/#primaryimage"},"image":{"@id":"https:\/\/bebeochaud.com\/en\/produit\/duo-washcloth-and-cuddle-cloth-rabbit-mr-brownie\/#primaryimage"},"thumbnailUrl":"https:\/\/bebeochaud.com\/wp-content\/uploads\/2023\/03\/Duo-brownie-1-scaled.jpg","datePublished":"2023-03-23T02:04:29+00:00","dateModified":"2023-03-23T10:50:18+00:00","description":"At times a cuddle cloth and at other times a soft toy washcloth, this duo will make children very happy to find their best friend to accompany them all day!","breadcrumb":{"@id":"https:\/\/bebeochaud.com\/en\/produit\/duo-washcloth-and-cuddle-cloth-rabbit-mr-brownie\/#breadcrumb"},"inLanguage":"en-US","potentialAction":[{"@type":"ReadAction","target":["https:\/\/bebeochaud.com\/en\/produit\/duo-washcloth-and-cuddle-cloth-rabbit-mr-brownie\/"]}]},{"@type":"ImageObject","inLanguage":"en-US","@id":"https:\/\/bebeochaud.com\/en\/produit\/duo-washcloth-and-cuddle-cloth-rabbit-mr-brownie\/#primaryimage","url":"https:\/\/bebeochaud.com\/wp-content\/uploads\/2023\/03\/Duo-brownie-1-scaled.jpg","contentUrl":"https:\/\/bebeochaud.com\/wp-content\/uploads\/2023\/03\/Duo-brownie-1-scaled.jpg","width":1910,"height":2560},{"@type":"BreadcrumbList","@id":"https:\/\/bebeochaud.com\/en\/produit\/duo-washcloth-and-cuddle-cloth-rabbit-mr-brownie\/#breadcrumb","itemListElement":[{"@type":"ListItem","position":1,"name":"Accueil","item":"https:\/\/bebeochaud.com\/en\/"},{"@type":"ListItem","position":2,"name":"Shop","item":"https:\/\/bebeochaud.com\/en\/shop\/"},{"@type":"ListItem","position":3,"name":"Duo washcloth and cuddle cloth rabbit &#8211; Mr Brownie"}]},{"@type":"WebSite","@id":"https:\/\/bebeochaud.com\/#website","url":"https:\/\/bebeochaud.com\/","name":"B\u00e9b\u00e9 \u00d4 Chaud","description":"V\u00eatements et accessoires pour b\u00e9b\u00e9s","publisher":{"@id":"https:\/\/bebeochaud.com\/#organization"},"potentialAction":[{"@type":"SearchAction","target":{"@type":"EntryPoint","urlTemplate":"https:\/\/bebeochaud.com\/?s={search_term_string}"},"query-input":{"@type":"PropertyValueSpecification","valueRequired":true,"valueName":"search_term_string"}}],"inLanguage":"en-US"},{"@type":"Organization","@id":"https:\/\/bebeochaud.com\/#organization","name":"B\u00e9b\u00e9 \u00f4 Chaud","url":"https:\/\/bebeochaud.com\/","logo":{"@type":"ImageObject","inLanguage":"en-US","@id":"https:\/\/bebeochaud.com\/#\/schema\/logo\/image\/","url":"https:\/\/bebeochaud.com\/wp-content\/uploads\/2021\/06\/logo-noir-gris-carre.png","contentUrl":"https:\/\/bebeochaud.com\/wp-content\/uploads\/2021\/06\/logo-noir-gris-carre.png","width":358,"height":277,"caption":"B\u00e9b\u00e9 \u00f4 Chaud"},"image":{"@id":"https:\/\/bebeochaud.com\/#\/schema\/logo\/image\/"},"sameAs":["https:\/\/www.facebook.com\/Bebe.O.Chaud"]}]}},"_links":{"self":[{"href":"https:\/\/bebeochaud.com\/en\/wp-json\/wp\/v2\/product\/79246","targetHints":{"allow":["GET"]}}],"collection":[{"href":"https:\/\/bebeochaud.com\/en\/wp-json\/wp\/v2\/product"}],"about":[{"href":"https:\/\/bebeochaud.com\/en\/wp-json\/wp\/v2\/types\/product"}],"replies":[{"embeddable":true,"href":"https:\/\/bebeochaud.com\/en\/wp-json\/wp\/v2\/comments?post=79246"}],"wp:featuredmedia":[{"embeddable":true,"href":"https:\/\/bebeochaud.com\/en\/wp-json\/wp\/v2\/media\/79250"}],"wp:attachment":[{"href":"https:\/\/bebeochaud.com\/en\/wp-json\/wp\/v2\/media?parent=79246"}],"wp:term":[{"taxonomy":"product_brand","embeddable":true,"href":"https:\/\/bebeochaud.com\/en\/wp-json\/wp\/v2\/product_brand?post=79246"},{"taxonomy":"product_cat","embeddable":true,"href":"https:\/\/bebeochaud.com\/en\/wp-json\/wp\/v2\/product_cat?post=79246"},{"taxonomy":"product_tag","embeddable":true,"href":"https:\/\/bebeochaud.com\/en\/wp-json\/wp\/v2\/product_tag?post=79246"}],"curies":[{"name":"wp","href":"https:\/\/api.w.org\/{rel}","templated":true}]}}