{"id":79178,"date":"2023-03-22T19:09:14","date_gmt":"2023-03-23T00:09:14","guid":{"rendered":"https:\/\/bebeochaud.com\/?post_type=product&#038;p=79178"},"modified":"2025-11-05T13:16:52","modified_gmt":"2025-11-05T18:16:52","slug":"toutou-doudou-lapin-m-olivio","status":"publish","type":"product","link":"https:\/\/bebeochaud.com\/en\/produit\/toutou-doudou-lapin-m-olivio\/","title":{"rendered":"Toutou-doudou Lapin &#8211; M. Olivio"},"content":{"rendered":"<p>Unique, original et tellement doux, ce toutou-doudou sera le meilleur ami de votre b\u00e9b\u00e9 ou votre enfant.<\/p>\n<p>Avec son grand sourire, son visage paisible et son ventre doux, votre enfant ne voudra plus le quitter !<\/p>\n<p>Le compagnon parfait pour les bonnes et mauvaises journ\u00e9es !<\/p>\n<p>&#8212;<\/p>\n<p>Seulement les pr\u00e9noms seront accept\u00e9s pour les broderies.<\/p>\n","protected":false},"excerpt":{"rendered":"<p><strong>Composition :<\/strong> 100 % polyester<\/p>\n<p><strong>Entretien :<\/strong> Va \u00e0 la laveuse ( cycle d\u00e9licat ) et la s\u00e9cheuse ( basse temp\u00e9rature ) <\/p>\n<p><strong>Tissu :<\/strong> MINKY<\/p>\n<p><strong>Dimensions :<\/strong> 70cm de haut par 45cm de large<\/p>\n","protected":false},"featured_media":79184,"comment_status":"open","ping_status":"closed","template":"","meta":[],"product_brand":[],"product_cat":[980,294,132],"product_tag":[395],"class_list":{"0":"post-79178","1":"product","2":"type-product","3":"status-publish","4":"has-post-thumbnail","6":"product_cat-toutou-doudous","7":"product_cat-peluche","8":"product_cat-broderie","9":"product_tag-unisexe","11":"first","12":"outofstock","13":"taxable","14":"shipping-taxable","15":"product-type-variable"},"yoast_head":"<!-- This site is optimized with the Yoast SEO plugin v26.6 - https:\/\/yoast.com\/wordpress\/plugins\/seo\/ -->\n<title>Toutou-doudou Lapin - M. Olivio - B\u00e9b\u00e9 \u00d4 Chaud<\/title>\n<meta name=\"description\" content=\"Unique, original et tellement doux, ce toutou-doudou sera le meilleur ami de votre b\u00e9b\u00e9 ou votre enfant.Avec son grand sourire, son visage paisible et son ventre doux, votre enfant ne voudra plus le quitter !Le compagnon parfait pour les bonnes et mauvaises journ\u00e9es !\" \/>\n<meta name=\"robots\" content=\"index, follow, max-snippet:-1, max-image-preview:large, max-video-preview:-1\" \/>\n<link rel=\"canonical\" href=\"https:\/\/bebeochaud.com\/produit\/toutou-doudou-lapin-m-olivio\/\" \/>\n<meta property=\"og:locale\" content=\"en_US\" \/>\n<meta property=\"og:type\" content=\"article\" \/>\n<meta property=\"og:title\" content=\"Toutou-doudou Lapin - M. Olivio - B\u00e9b\u00e9 \u00d4 Chaud\" \/>\n<meta property=\"og:description\" content=\"Unique, original et tellement doux, ce toutou-doudou sera le meilleur ami de votre b\u00e9b\u00e9 ou votre enfant.Avec son grand sourire, son visage paisible et son ventre doux, votre enfant ne voudra plus le quitter !Le compagnon parfait pour les bonnes et mauvaises journ\u00e9es !\" \/>\n<meta property=\"og:url\" content=\"https:\/\/bebeochaud.com\/produit\/toutou-doudou-lapin-m-olivio\/\" \/>\n<meta property=\"og:site_name\" content=\"B\u00e9b\u00e9 \u00d4 Chaud\" \/>\n<meta property=\"article:publisher\" content=\"https:\/\/www.facebook.com\/Bebe.O.Chaud\" \/>\n<meta property=\"article:modified_time\" content=\"2025-11-05T18:16:52+00:00\" \/>\n<meta property=\"og:image\" content=\"https:\/\/bebeochaud.com\/wp-content\/uploads\/2023\/03\/Toutou-lapin-M.-Olivio-1-scaled.jpg\" \/>\n\t<meta property=\"og:image:width\" content=\"1983\" \/>\n\t<meta property=\"og:image:height\" content=\"2560\" \/>\n\t<meta property=\"og:image:type\" content=\"image\/jpeg\" \/>\n<meta name=\"twitter:card\" content=\"summary_large_image\" \/>\n<script type=\"application\/ld+json\" class=\"yoast-schema-graph\">{\"@context\":\"https:\/\/schema.org\",\"@graph\":[{\"@type\":\"WebPage\",\"@id\":\"https:\/\/bebeochaud.com\/produit\/toutou-doudou-lapin-m-olivio\/\",\"url\":\"https:\/\/bebeochaud.com\/produit\/toutou-doudou-lapin-m-olivio\/\",\"name\":\"Toutou-doudou Lapin - M. Olivio - B\u00e9b\u00e9 \u00d4 Chaud\",\"isPartOf\":{\"@id\":\"https:\/\/bebeochaud.com\/#website\"},\"primaryImageOfPage\":{\"@id\":\"https:\/\/bebeochaud.com\/produit\/toutou-doudou-lapin-m-olivio\/#primaryimage\"},\"image\":{\"@id\":\"https:\/\/bebeochaud.com\/produit\/toutou-doudou-lapin-m-olivio\/#primaryimage\"},\"thumbnailUrl\":\"https:\/\/bebeochaud.com\/wp-content\/uploads\/2023\/03\/Toutou-lapin-M.-Olivio-1-scaled.jpg\",\"datePublished\":\"2023-03-23T00:09:14+00:00\",\"dateModified\":\"2025-11-05T18:16:52+00:00\",\"description\":\"Unique, original et tellement doux, ce toutou-doudou sera le meilleur ami de votre b\u00e9b\u00e9 ou votre enfant.Avec son grand sourire, son visage paisible et son ventre doux, votre enfant ne voudra plus le quitter !Le compagnon parfait pour les bonnes et mauvaises journ\u00e9es !\",\"breadcrumb\":{\"@id\":\"https:\/\/bebeochaud.com\/produit\/toutou-doudou-lapin-m-olivio\/#breadcrumb\"},\"inLanguage\":\"en-US\",\"potentialAction\":[{\"@type\":\"ReadAction\",\"target\":[\"https:\/\/bebeochaud.com\/produit\/toutou-doudou-lapin-m-olivio\/\"]}]},{\"@type\":\"ImageObject\",\"inLanguage\":\"en-US\",\"@id\":\"https:\/\/bebeochaud.com\/produit\/toutou-doudou-lapin-m-olivio\/#primaryimage\",\"url\":\"https:\/\/bebeochaud.com\/wp-content\/uploads\/2023\/03\/Toutou-lapin-M.-Olivio-1-scaled.jpg\",\"contentUrl\":\"https:\/\/bebeochaud.com\/wp-content\/uploads\/2023\/03\/Toutou-lapin-M.-Olivio-1-scaled.jpg\",\"width\":1983,\"height\":2560},{\"@type\":\"BreadcrumbList\",\"@id\":\"https:\/\/bebeochaud.com\/produit\/toutou-doudou-lapin-m-olivio\/#breadcrumb\",\"itemListElement\":[{\"@type\":\"ListItem\",\"position\":1,\"name\":\"Accueil\",\"item\":\"https:\/\/bebeochaud.com\/en\/\"},{\"@type\":\"ListItem\",\"position\":2,\"name\":\"Shop\",\"item\":\"https:\/\/bebeochaud.com\/en\/shop\/\"},{\"@type\":\"ListItem\",\"position\":3,\"name\":\"Toutou-doudou Lapin &#8211; M. Olivio\"}]},{\"@type\":\"WebSite\",\"@id\":\"https:\/\/bebeochaud.com\/#website\",\"url\":\"https:\/\/bebeochaud.com\/\",\"name\":\"B\u00e9b\u00e9 \u00d4 Chaud\",\"description\":\"V\u00eatements et accessoires pour b\u00e9b\u00e9s\",\"publisher\":{\"@id\":\"https:\/\/bebeochaud.com\/#organization\"},\"potentialAction\":[{\"@type\":\"SearchAction\",\"target\":{\"@type\":\"EntryPoint\",\"urlTemplate\":\"https:\/\/bebeochaud.com\/?s={search_term_string}\"},\"query-input\":{\"@type\":\"PropertyValueSpecification\",\"valueRequired\":true,\"valueName\":\"search_term_string\"}}],\"inLanguage\":\"en-US\"},{\"@type\":\"Organization\",\"@id\":\"https:\/\/bebeochaud.com\/#organization\",\"name\":\"B\u00e9b\u00e9 \u00f4 Chaud\",\"url\":\"https:\/\/bebeochaud.com\/\",\"logo\":{\"@type\":\"ImageObject\",\"inLanguage\":\"en-US\",\"@id\":\"https:\/\/bebeochaud.com\/#\/schema\/logo\/image\/\",\"url\":\"https:\/\/bebeochaud.com\/wp-content\/uploads\/2021\/06\/logo-noir-gris-carre.png\",\"contentUrl\":\"https:\/\/bebeochaud.com\/wp-content\/uploads\/2021\/06\/logo-noir-gris-carre.png\",\"width\":358,\"height\":277,\"caption\":\"B\u00e9b\u00e9 \u00f4 Chaud\"},\"image\":{\"@id\":\"https:\/\/bebeochaud.com\/#\/schema\/logo\/image\/\"},\"sameAs\":[\"https:\/\/www.facebook.com\/Bebe.O.Chaud\"]}]}<\/script>\n<!-- \/ Yoast SEO plugin. -->","yoast_head_json":{"title":"Toutou-doudou Lapin - M. Olivio - B\u00e9b\u00e9 \u00d4 Chaud","description":"Unique, original et tellement doux, ce toutou-doudou sera le meilleur ami de votre b\u00e9b\u00e9 ou votre enfant.Avec son grand sourire, son visage paisible et son ventre doux, votre enfant ne voudra plus le quitter !Le compagnon parfait pour les bonnes et mauvaises journ\u00e9es !","robots":{"index":"index","follow":"follow","max-snippet":"max-snippet:-1","max-image-preview":"max-image-preview:large","max-video-preview":"max-video-preview:-1"},"canonical":"https:\/\/bebeochaud.com\/produit\/toutou-doudou-lapin-m-olivio\/","og_locale":"en_US","og_type":"article","og_title":"Toutou-doudou Lapin - M. Olivio - B\u00e9b\u00e9 \u00d4 Chaud","og_description":"Unique, original et tellement doux, ce toutou-doudou sera le meilleur ami de votre b\u00e9b\u00e9 ou votre enfant.Avec son grand sourire, son visage paisible et son ventre doux, votre enfant ne voudra plus le quitter !Le compagnon parfait pour les bonnes et mauvaises journ\u00e9es !","og_url":"https:\/\/bebeochaud.com\/produit\/toutou-doudou-lapin-m-olivio\/","og_site_name":"B\u00e9b\u00e9 \u00d4 Chaud","article_publisher":"https:\/\/www.facebook.com\/Bebe.O.Chaud","article_modified_time":"2025-11-05T18:16:52+00:00","og_image":[{"width":1983,"height":2560,"url":"https:\/\/bebeochaud.com\/wp-content\/uploads\/2023\/03\/Toutou-lapin-M.-Olivio-1-scaled.jpg","type":"image\/jpeg"}],"twitter_card":"summary_large_image","schema":{"@context":"https:\/\/schema.org","@graph":[{"@type":"WebPage","@id":"https:\/\/bebeochaud.com\/produit\/toutou-doudou-lapin-m-olivio\/","url":"https:\/\/bebeochaud.com\/produit\/toutou-doudou-lapin-m-olivio\/","name":"Toutou-doudou Lapin - M. Olivio - B\u00e9b\u00e9 \u00d4 Chaud","isPartOf":{"@id":"https:\/\/bebeochaud.com\/#website"},"primaryImageOfPage":{"@id":"https:\/\/bebeochaud.com\/produit\/toutou-doudou-lapin-m-olivio\/#primaryimage"},"image":{"@id":"https:\/\/bebeochaud.com\/produit\/toutou-doudou-lapin-m-olivio\/#primaryimage"},"thumbnailUrl":"https:\/\/bebeochaud.com\/wp-content\/uploads\/2023\/03\/Toutou-lapin-M.-Olivio-1-scaled.jpg","datePublished":"2023-03-23T00:09:14+00:00","dateModified":"2025-11-05T18:16:52+00:00","description":"Unique, original et tellement doux, ce toutou-doudou sera le meilleur ami de votre b\u00e9b\u00e9 ou votre enfant.Avec son grand sourire, son visage paisible et son ventre doux, votre enfant ne voudra plus le quitter !Le compagnon parfait pour les bonnes et mauvaises journ\u00e9es !","breadcrumb":{"@id":"https:\/\/bebeochaud.com\/produit\/toutou-doudou-lapin-m-olivio\/#breadcrumb"},"inLanguage":"en-US","potentialAction":[{"@type":"ReadAction","target":["https:\/\/bebeochaud.com\/produit\/toutou-doudou-lapin-m-olivio\/"]}]},{"@type":"ImageObject","inLanguage":"en-US","@id":"https:\/\/bebeochaud.com\/produit\/toutou-doudou-lapin-m-olivio\/#primaryimage","url":"https:\/\/bebeochaud.com\/wp-content\/uploads\/2023\/03\/Toutou-lapin-M.-Olivio-1-scaled.jpg","contentUrl":"https:\/\/bebeochaud.com\/wp-content\/uploads\/2023\/03\/Toutou-lapin-M.-Olivio-1-scaled.jpg","width":1983,"height":2560},{"@type":"BreadcrumbList","@id":"https:\/\/bebeochaud.com\/produit\/toutou-doudou-lapin-m-olivio\/#breadcrumb","itemListElement":[{"@type":"ListItem","position":1,"name":"Accueil","item":"https:\/\/bebeochaud.com\/en\/"},{"@type":"ListItem","position":2,"name":"Shop","item":"https:\/\/bebeochaud.com\/en\/shop\/"},{"@type":"ListItem","position":3,"name":"Toutou-doudou Lapin &#8211; M. Olivio"}]},{"@type":"WebSite","@id":"https:\/\/bebeochaud.com\/#website","url":"https:\/\/bebeochaud.com\/","name":"B\u00e9b\u00e9 \u00d4 Chaud","description":"V\u00eatements et accessoires pour b\u00e9b\u00e9s","publisher":{"@id":"https:\/\/bebeochaud.com\/#organization"},"potentialAction":[{"@type":"SearchAction","target":{"@type":"EntryPoint","urlTemplate":"https:\/\/bebeochaud.com\/?s={search_term_string}"},"query-input":{"@type":"PropertyValueSpecification","valueRequired":true,"valueName":"search_term_string"}}],"inLanguage":"en-US"},{"@type":"Organization","@id":"https:\/\/bebeochaud.com\/#organization","name":"B\u00e9b\u00e9 \u00f4 Chaud","url":"https:\/\/bebeochaud.com\/","logo":{"@type":"ImageObject","inLanguage":"en-US","@id":"https:\/\/bebeochaud.com\/#\/schema\/logo\/image\/","url":"https:\/\/bebeochaud.com\/wp-content\/uploads\/2021\/06\/logo-noir-gris-carre.png","contentUrl":"https:\/\/bebeochaud.com\/wp-content\/uploads\/2021\/06\/logo-noir-gris-carre.png","width":358,"height":277,"caption":"B\u00e9b\u00e9 \u00f4 Chaud"},"image":{"@id":"https:\/\/bebeochaud.com\/#\/schema\/logo\/image\/"},"sameAs":["https:\/\/www.facebook.com\/Bebe.O.Chaud"]}]}},"_links":{"self":[{"href":"https:\/\/bebeochaud.com\/en\/wp-json\/wp\/v2\/product\/79178","targetHints":{"allow":["GET"]}}],"collection":[{"href":"https:\/\/bebeochaud.com\/en\/wp-json\/wp\/v2\/product"}],"about":[{"href":"https:\/\/bebeochaud.com\/en\/wp-json\/wp\/v2\/types\/product"}],"replies":[{"embeddable":true,"href":"https:\/\/bebeochaud.com\/en\/wp-json\/wp\/v2\/comments?post=79178"}],"wp:featuredmedia":[{"embeddable":true,"href":"https:\/\/bebeochaud.com\/en\/wp-json\/wp\/v2\/media\/79184"}],"wp:attachment":[{"href":"https:\/\/bebeochaud.com\/en\/wp-json\/wp\/v2\/media?parent=79178"}],"wp:term":[{"taxonomy":"product_brand","embeddable":true,"href":"https:\/\/bebeochaud.com\/en\/wp-json\/wp\/v2\/product_brand?post=79178"},{"taxonomy":"product_cat","embeddable":true,"href":"https:\/\/bebeochaud.com\/en\/wp-json\/wp\/v2\/product_cat?post=79178"},{"taxonomy":"product_tag","embeddable":true,"href":"https:\/\/bebeochaud.com\/en\/wp-json\/wp\/v2\/product_tag?post=79178"}],"curies":[{"name":"wp","href":"https:\/\/api.w.org\/{rel}","templated":true}]}}