{"id":79081,"date":"2023-03-21T10:26:32","date_gmt":"2023-03-21T15:26:32","guid":{"rendered":"https:\/\/bebeochaud.com\/?post_type=product&#038;p=79081"},"modified":"2023-03-21T10:52:15","modified_gmt":"2023-03-21T15:52:15","slug":"cuddle-cloth-bunny-mr-silver","status":"publish","type":"product","link":"https:\/\/bebeochaud.com\/en\/produit\/cuddle-cloth-bunny-mr-silver\/","title":{"rendered":"Cuddle cloth bunny &#8211; Mr. Silver"},"content":{"rendered":"<p>Unique, original and so soft, this soft toy will be your baby&#8217;s or child&#8217;s best friend.<\/p>\n<p>With his big smile, his peaceful face and his soft belly, your child will not want to leave him!<\/p>\n<p>The perfect companion for good and bad days!<\/p>\n<p>\u2014<\/p>\n<p>Only first names will be accepted for embroideries.<\/p>\n","protected":false},"excerpt":{"rendered":"<p><strong>Composition :<\/strong> 100 % polyester<\/p>\n<p><strong>Maintenance :<\/strong> Goes in the washer (delicate cycle) and the dryer (low temperature)<\/p>\n<p><strong>Fabrics :<\/strong> MINKY<\/p>\n<p><strong>Size :<\/strong> 70cm high by 45cm wide<\/p>\n","protected":false},"featured_media":79085,"comment_status":"open","ping_status":"closed","template":"","meta":[],"product_brand":[],"product_cat":[981,358,162],"product_tag":[397],"class_list":{"0":"post-79081","1":"product","2":"type-product","3":"status-publish","4":"has-post-thumbnail","6":"product_cat-cuddle-cloths","7":"product_cat-plush","8":"product_cat-embroidery","9":"product_tag-unisex","11":"first","12":"outofstock","13":"taxable","14":"shipping-taxable","15":"purchasable","16":"product-type-variable"},"yoast_head":"<!-- This site is optimized with the Yoast SEO plugin v26.6 - https:\/\/yoast.com\/wordpress\/plugins\/seo\/ -->\n<title>Cuddle cloth bunny - Mr. Silver - B\u00e9b\u00e9 \u00d4 Chaud<\/title>\n<meta name=\"description\" content=\"Unique, original and so soft, this soft toy will be your baby\u2019s or child\u2019s best friend. With his big smile, his peaceful face and his soft belly, your child will not want to leave him! The perfect companion for good and bad days!\" \/>\n<meta name=\"robots\" content=\"index, follow, max-snippet:-1, max-image-preview:large, max-video-preview:-1\" \/>\n<link rel=\"canonical\" href=\"https:\/\/bebeochaud.com\/en\/produit\/cuddle-cloth-bunny-mr-silver\/\" \/>\n<meta property=\"og:locale\" content=\"en_US\" \/>\n<meta property=\"og:type\" content=\"article\" \/>\n<meta property=\"og:title\" content=\"Cuddle cloth bunny - Mr. Silver - B\u00e9b\u00e9 \u00d4 Chaud\" \/>\n<meta property=\"og:description\" content=\"Unique, original and so soft, this soft toy will be your baby\u2019s or child\u2019s best friend. With his big smile, his peaceful face and his soft belly, your child will not want to leave him! The perfect companion for good and bad days!\" \/>\n<meta property=\"og:url\" content=\"https:\/\/bebeochaud.com\/en\/produit\/cuddle-cloth-bunny-mr-silver\/\" \/>\n<meta property=\"og:site_name\" content=\"B\u00e9b\u00e9 \u00d4 Chaud\" \/>\n<meta property=\"article:publisher\" content=\"https:\/\/www.facebook.com\/Bebe.O.Chaud\" \/>\n<meta property=\"article:modified_time\" content=\"2023-03-21T15:52:15+00:00\" \/>\n<meta property=\"og:image\" content=\"https:\/\/bebeochaud.com\/wp-content\/uploads\/2023\/03\/Lapin-Grisou-1-toutou-doudou-scaled.jpg\" \/>\n\t<meta property=\"og:image:width\" content=\"1825\" \/>\n\t<meta property=\"og:image:height\" content=\"2560\" \/>\n\t<meta property=\"og:image:type\" content=\"image\/jpeg\" \/>\n<meta name=\"twitter:card\" content=\"summary_large_image\" \/>\n<script type=\"application\/ld+json\" class=\"yoast-schema-graph\">{\"@context\":\"https:\/\/schema.org\",\"@graph\":[{\"@type\":\"WebPage\",\"@id\":\"https:\/\/bebeochaud.com\/en\/produit\/cuddle-cloth-bunny-mr-silver\/\",\"url\":\"https:\/\/bebeochaud.com\/en\/produit\/cuddle-cloth-bunny-mr-silver\/\",\"name\":\"Cuddle cloth bunny - Mr. Silver - B\u00e9b\u00e9 \u00d4 Chaud\",\"isPartOf\":{\"@id\":\"https:\/\/bebeochaud.com\/#website\"},\"primaryImageOfPage\":{\"@id\":\"https:\/\/bebeochaud.com\/en\/produit\/cuddle-cloth-bunny-mr-silver\/#primaryimage\"},\"image\":{\"@id\":\"https:\/\/bebeochaud.com\/en\/produit\/cuddle-cloth-bunny-mr-silver\/#primaryimage\"},\"thumbnailUrl\":\"https:\/\/bebeochaud.com\/wp-content\/uploads\/2023\/03\/Lapin-Grisou-1-toutou-doudou-scaled.jpg\",\"datePublished\":\"2023-03-21T15:26:32+00:00\",\"dateModified\":\"2023-03-21T15:52:15+00:00\",\"description\":\"Unique, original and so soft, this soft toy will be your baby\u2019s or child\u2019s best friend. With his big smile, his peaceful face and his soft belly, your child will not want to leave him! The perfect companion for good and bad days!\",\"breadcrumb\":{\"@id\":\"https:\/\/bebeochaud.com\/en\/produit\/cuddle-cloth-bunny-mr-silver\/#breadcrumb\"},\"inLanguage\":\"en-US\",\"potentialAction\":[{\"@type\":\"ReadAction\",\"target\":[\"https:\/\/bebeochaud.com\/en\/produit\/cuddle-cloth-bunny-mr-silver\/\"]}]},{\"@type\":\"ImageObject\",\"inLanguage\":\"en-US\",\"@id\":\"https:\/\/bebeochaud.com\/en\/produit\/cuddle-cloth-bunny-mr-silver\/#primaryimage\",\"url\":\"https:\/\/bebeochaud.com\/wp-content\/uploads\/2023\/03\/Lapin-Grisou-1-toutou-doudou-scaled.jpg\",\"contentUrl\":\"https:\/\/bebeochaud.com\/wp-content\/uploads\/2023\/03\/Lapin-Grisou-1-toutou-doudou-scaled.jpg\",\"width\":1825,\"height\":2560},{\"@type\":\"BreadcrumbList\",\"@id\":\"https:\/\/bebeochaud.com\/en\/produit\/cuddle-cloth-bunny-mr-silver\/#breadcrumb\",\"itemListElement\":[{\"@type\":\"ListItem\",\"position\":1,\"name\":\"Accueil\",\"item\":\"https:\/\/bebeochaud.com\/en\/\"},{\"@type\":\"ListItem\",\"position\":2,\"name\":\"Shop\",\"item\":\"https:\/\/bebeochaud.com\/en\/shop\/\"},{\"@type\":\"ListItem\",\"position\":3,\"name\":\"Cuddle cloth bunny &#8211; Mr. Silver\"}]},{\"@type\":\"WebSite\",\"@id\":\"https:\/\/bebeochaud.com\/#website\",\"url\":\"https:\/\/bebeochaud.com\/\",\"name\":\"B\u00e9b\u00e9 \u00d4 Chaud\",\"description\":\"V\u00eatements et accessoires pour b\u00e9b\u00e9s\",\"publisher\":{\"@id\":\"https:\/\/bebeochaud.com\/#organization\"},\"potentialAction\":[{\"@type\":\"SearchAction\",\"target\":{\"@type\":\"EntryPoint\",\"urlTemplate\":\"https:\/\/bebeochaud.com\/?s={search_term_string}\"},\"query-input\":{\"@type\":\"PropertyValueSpecification\",\"valueRequired\":true,\"valueName\":\"search_term_string\"}}],\"inLanguage\":\"en-US\"},{\"@type\":\"Organization\",\"@id\":\"https:\/\/bebeochaud.com\/#organization\",\"name\":\"B\u00e9b\u00e9 \u00f4 Chaud\",\"url\":\"https:\/\/bebeochaud.com\/\",\"logo\":{\"@type\":\"ImageObject\",\"inLanguage\":\"en-US\",\"@id\":\"https:\/\/bebeochaud.com\/#\/schema\/logo\/image\/\",\"url\":\"https:\/\/bebeochaud.com\/wp-content\/uploads\/2021\/06\/logo-noir-gris-carre.png\",\"contentUrl\":\"https:\/\/bebeochaud.com\/wp-content\/uploads\/2021\/06\/logo-noir-gris-carre.png\",\"width\":358,\"height\":277,\"caption\":\"B\u00e9b\u00e9 \u00f4 Chaud\"},\"image\":{\"@id\":\"https:\/\/bebeochaud.com\/#\/schema\/logo\/image\/\"},\"sameAs\":[\"https:\/\/www.facebook.com\/Bebe.O.Chaud\"]}]}<\/script>\n<!-- \/ Yoast SEO plugin. -->","yoast_head_json":{"title":"Cuddle cloth bunny - Mr. Silver - B\u00e9b\u00e9 \u00d4 Chaud","description":"Unique, original and so soft, this soft toy will be your baby\u2019s or child\u2019s best friend. With his big smile, his peaceful face and his soft belly, your child will not want to leave him! The perfect companion for good and bad days!","robots":{"index":"index","follow":"follow","max-snippet":"max-snippet:-1","max-image-preview":"max-image-preview:large","max-video-preview":"max-video-preview:-1"},"canonical":"https:\/\/bebeochaud.com\/en\/produit\/cuddle-cloth-bunny-mr-silver\/","og_locale":"en_US","og_type":"article","og_title":"Cuddle cloth bunny - Mr. Silver - B\u00e9b\u00e9 \u00d4 Chaud","og_description":"Unique, original and so soft, this soft toy will be your baby\u2019s or child\u2019s best friend. With his big smile, his peaceful face and his soft belly, your child will not want to leave him! The perfect companion for good and bad days!","og_url":"https:\/\/bebeochaud.com\/en\/produit\/cuddle-cloth-bunny-mr-silver\/","og_site_name":"B\u00e9b\u00e9 \u00d4 Chaud","article_publisher":"https:\/\/www.facebook.com\/Bebe.O.Chaud","article_modified_time":"2023-03-21T15:52:15+00:00","og_image":[{"width":1825,"height":2560,"url":"https:\/\/bebeochaud.com\/wp-content\/uploads\/2023\/03\/Lapin-Grisou-1-toutou-doudou-scaled.jpg","type":"image\/jpeg"}],"twitter_card":"summary_large_image","schema":{"@context":"https:\/\/schema.org","@graph":[{"@type":"WebPage","@id":"https:\/\/bebeochaud.com\/en\/produit\/cuddle-cloth-bunny-mr-silver\/","url":"https:\/\/bebeochaud.com\/en\/produit\/cuddle-cloth-bunny-mr-silver\/","name":"Cuddle cloth bunny - Mr. Silver - B\u00e9b\u00e9 \u00d4 Chaud","isPartOf":{"@id":"https:\/\/bebeochaud.com\/#website"},"primaryImageOfPage":{"@id":"https:\/\/bebeochaud.com\/en\/produit\/cuddle-cloth-bunny-mr-silver\/#primaryimage"},"image":{"@id":"https:\/\/bebeochaud.com\/en\/produit\/cuddle-cloth-bunny-mr-silver\/#primaryimage"},"thumbnailUrl":"https:\/\/bebeochaud.com\/wp-content\/uploads\/2023\/03\/Lapin-Grisou-1-toutou-doudou-scaled.jpg","datePublished":"2023-03-21T15:26:32+00:00","dateModified":"2023-03-21T15:52:15+00:00","description":"Unique, original and so soft, this soft toy will be your baby\u2019s or child\u2019s best friend. With his big smile, his peaceful face and his soft belly, your child will not want to leave him! The perfect companion for good and bad days!","breadcrumb":{"@id":"https:\/\/bebeochaud.com\/en\/produit\/cuddle-cloth-bunny-mr-silver\/#breadcrumb"},"inLanguage":"en-US","potentialAction":[{"@type":"ReadAction","target":["https:\/\/bebeochaud.com\/en\/produit\/cuddle-cloth-bunny-mr-silver\/"]}]},{"@type":"ImageObject","inLanguage":"en-US","@id":"https:\/\/bebeochaud.com\/en\/produit\/cuddle-cloth-bunny-mr-silver\/#primaryimage","url":"https:\/\/bebeochaud.com\/wp-content\/uploads\/2023\/03\/Lapin-Grisou-1-toutou-doudou-scaled.jpg","contentUrl":"https:\/\/bebeochaud.com\/wp-content\/uploads\/2023\/03\/Lapin-Grisou-1-toutou-doudou-scaled.jpg","width":1825,"height":2560},{"@type":"BreadcrumbList","@id":"https:\/\/bebeochaud.com\/en\/produit\/cuddle-cloth-bunny-mr-silver\/#breadcrumb","itemListElement":[{"@type":"ListItem","position":1,"name":"Accueil","item":"https:\/\/bebeochaud.com\/en\/"},{"@type":"ListItem","position":2,"name":"Shop","item":"https:\/\/bebeochaud.com\/en\/shop\/"},{"@type":"ListItem","position":3,"name":"Cuddle cloth bunny &#8211; Mr. Silver"}]},{"@type":"WebSite","@id":"https:\/\/bebeochaud.com\/#website","url":"https:\/\/bebeochaud.com\/","name":"B\u00e9b\u00e9 \u00d4 Chaud","description":"V\u00eatements et accessoires pour b\u00e9b\u00e9s","publisher":{"@id":"https:\/\/bebeochaud.com\/#organization"},"potentialAction":[{"@type":"SearchAction","target":{"@type":"EntryPoint","urlTemplate":"https:\/\/bebeochaud.com\/?s={search_term_string}"},"query-input":{"@type":"PropertyValueSpecification","valueRequired":true,"valueName":"search_term_string"}}],"inLanguage":"en-US"},{"@type":"Organization","@id":"https:\/\/bebeochaud.com\/#organization","name":"B\u00e9b\u00e9 \u00f4 Chaud","url":"https:\/\/bebeochaud.com\/","logo":{"@type":"ImageObject","inLanguage":"en-US","@id":"https:\/\/bebeochaud.com\/#\/schema\/logo\/image\/","url":"https:\/\/bebeochaud.com\/wp-content\/uploads\/2021\/06\/logo-noir-gris-carre.png","contentUrl":"https:\/\/bebeochaud.com\/wp-content\/uploads\/2021\/06\/logo-noir-gris-carre.png","width":358,"height":277,"caption":"B\u00e9b\u00e9 \u00f4 Chaud"},"image":{"@id":"https:\/\/bebeochaud.com\/#\/schema\/logo\/image\/"},"sameAs":["https:\/\/www.facebook.com\/Bebe.O.Chaud"]}]}},"_links":{"self":[{"href":"https:\/\/bebeochaud.com\/en\/wp-json\/wp\/v2\/product\/79081","targetHints":{"allow":["GET"]}}],"collection":[{"href":"https:\/\/bebeochaud.com\/en\/wp-json\/wp\/v2\/product"}],"about":[{"href":"https:\/\/bebeochaud.com\/en\/wp-json\/wp\/v2\/types\/product"}],"replies":[{"embeddable":true,"href":"https:\/\/bebeochaud.com\/en\/wp-json\/wp\/v2\/comments?post=79081"}],"wp:featuredmedia":[{"embeddable":true,"href":"https:\/\/bebeochaud.com\/en\/wp-json\/wp\/v2\/media\/79085"}],"wp:attachment":[{"href":"https:\/\/bebeochaud.com\/en\/wp-json\/wp\/v2\/media?parent=79081"}],"wp:term":[{"taxonomy":"product_brand","embeddable":true,"href":"https:\/\/bebeochaud.com\/en\/wp-json\/wp\/v2\/product_brand?post=79081"},{"taxonomy":"product_cat","embeddable":true,"href":"https:\/\/bebeochaud.com\/en\/wp-json\/wp\/v2\/product_cat?post=79081"},{"taxonomy":"product_tag","embeddable":true,"href":"https:\/\/bebeochaud.com\/en\/wp-json\/wp\/v2\/product_tag?post=79081"}],"curies":[{"name":"wp","href":"https:\/\/api.w.org\/{rel}","templated":true}]}}