{"id":75802,"date":"2023-02-11T12:51:00","date_gmt":"2023-02-11T17:51:03","guid":{"rendered":"https:\/\/bebeochaud.com\/?post_type=product&#038;p=75802"},"modified":"2023-02-13T10:16:35","modified_gmt":"2023-02-13T15:16:35","slug":"mou-d-bicolor","status":"publish","type":"product","link":"https:\/\/bebeochaud.com\/en\/produit\/mou-d-bicolor\/","title":{"rendered":"Mou-D &#8211; Bicolor"},"content":{"rendered":"<p>The reinvented cover, cut and made according to your physiognomy Mou-D is THE product you will not want to leave!<\/p>\n<p>Once you put it on, it will be difficult to take it off! Soft, warm, comfortable and made according to your tastes,<\/p>\n<p>the Mou-D will become the most coveted comfort item in your wardrobe.<\/p>\n<p>Size chart:<\/p>\n<p>Very small &#8211; Child around 7-11 years old<br \/>\nSmall &#8211; Teenager &#8211; Adult size small<br \/>\nMedium &#8211; Adult medium size<br \/>\nLarge &#8211; Adult size large<\/p>\n","protected":false},"excerpt":{"rendered":"<p><strong>Material:<\/strong> 100% polyester<br \/>\n(except the cuffs which are a random mix of textiles depending on the color)<\/p>\n<p><strong>Maintenance:<\/strong> Washer \/ dryer<\/p>\n<p><strong>Dimensions:<\/strong> See size chart below<\/p>\n<p><strong>For the choice of the pattern, see the page of the covers of the site and register it in the box for this purpose by clicking on the following link:<\/strong><br \/>\n\u2192 Click <a href=\"https:\/\/bebeochaud.com\/en\/categorie-produit\/plain-blanket\/\"><strong>HERE<\/strong><\/a> to view all available patterns<\/p>\n<p>For the choice of solid colors, see the photos in the photo carousel.<\/p>\n<p>The two-tone Mou-D has the front, back and hood in the color or pattern you have chosen and the sleeves will be white or black depending on the color\/pattern chosen.<\/p>\n","protected":false},"featured_media":98042,"comment_status":"open","ping_status":"closed","template":"","meta":[],"product_brand":[],"product_cat":[948],"product_tag":[412],"class_list":{"0":"post-75802","1":"product","2":"type-product","3":"status-publish","4":"has-post-thumbnail","6":"product_cat-mou-d-en","7":"product_tag-your-choice-motif","9":"first","10":"instock","11":"taxable","12":"shipping-taxable","13":"purchasable","14":"product-type-variable"},"yoast_head":"<!-- This site is optimized with the Yoast SEO plugin v26.6 - https:\/\/yoast.com\/wordpress\/plugins\/seo\/ -->\n<title>Mou-D - Bicolor - B\u00e9b\u00e9 \u00d4 Chaud<\/title>\n<meta name=\"robots\" content=\"index, follow, max-snippet:-1, max-image-preview:large, max-video-preview:-1\" \/>\n<link rel=\"canonical\" href=\"https:\/\/bebeochaud.com\/produit\/mou-d-manche-unie\/\" \/>\n<meta property=\"og:locale\" content=\"en_US\" \/>\n<meta property=\"og:type\" content=\"article\" \/>\n<meta property=\"og:title\" content=\"Mou-D - Bicolor - B\u00e9b\u00e9 \u00d4 Chaud\" \/>\n<meta property=\"og:description\" content=\"Material: 100% polyester (except the cuffs which are a random mix of textiles depending on the color)  Maintenance: Washer \/ dryer  Dimensions: See size chart below  For the choice of the pattern, see the page of the covers of the site and register it in the box for this purpose by clicking on the following link: \u2192 Click HERE to view all available patterns  For the choice of solid colors, see the photos in the photo carousel.  The two-tone Mou-D has the front, back and hood in the color or pattern you have chosen and the sleeves will be white or black depending on the color\/pattern chosen.\" \/>\n<meta property=\"og:url\" content=\"https:\/\/bebeochaud.com\/produit\/mou-d-manche-unie\/\" \/>\n<meta property=\"og:site_name\" content=\"B\u00e9b\u00e9 \u00d4 Chaud\" \/>\n<meta property=\"article:publisher\" content=\"https:\/\/www.facebook.com\/Bebe.O.Chaud\" \/>\n<meta property=\"article:modified_time\" content=\"2023-02-13T15:16:35+00:00\" \/>\n<meta property=\"og:image\" content=\"https:\/\/bebeochaud.com\/wp-content\/uploads\/2023\/02\/IMG_4760-copy-scaled.jpg\" \/>\n\t<meta property=\"og:image:width\" content=\"1920\" \/>\n\t<meta property=\"og:image:height\" content=\"2560\" \/>\n\t<meta property=\"og:image:type\" content=\"image\/jpeg\" \/>\n<meta name=\"twitter:card\" content=\"summary_large_image\" \/>\n<script type=\"application\/ld+json\" class=\"yoast-schema-graph\">{\"@context\":\"https:\/\/schema.org\",\"@graph\":[{\"@type\":\"WebPage\",\"@id\":\"https:\/\/bebeochaud.com\/produit\/mou-d-manche-unie\/\",\"url\":\"https:\/\/bebeochaud.com\/produit\/mou-d-manche-unie\/\",\"name\":\"Mou-D - Bicolor - B\u00e9b\u00e9 \u00d4 Chaud\",\"isPartOf\":{\"@id\":\"https:\/\/bebeochaud.com\/#website\"},\"primaryImageOfPage\":{\"@id\":\"https:\/\/bebeochaud.com\/produit\/mou-d-manche-unie\/#primaryimage\"},\"image\":{\"@id\":\"https:\/\/bebeochaud.com\/produit\/mou-d-manche-unie\/#primaryimage\"},\"thumbnailUrl\":\"https:\/\/bebeochaud.com\/wp-content\/uploads\/2023\/02\/IMG_3624-scaled.jpeg\",\"datePublished\":\"2023-02-11T17:51:03+00:00\",\"dateModified\":\"2023-02-13T15:16:35+00:00\",\"breadcrumb\":{\"@id\":\"https:\/\/bebeochaud.com\/produit\/mou-d-manche-unie\/#breadcrumb\"},\"inLanguage\":\"en-US\",\"potentialAction\":[{\"@type\":\"ReadAction\",\"target\":[\"https:\/\/bebeochaud.com\/produit\/mou-d-manche-unie\/\"]}]},{\"@type\":\"ImageObject\",\"inLanguage\":\"en-US\",\"@id\":\"https:\/\/bebeochaud.com\/produit\/mou-d-manche-unie\/#primaryimage\",\"url\":\"https:\/\/bebeochaud.com\/wp-content\/uploads\/2023\/02\/IMG_3624-scaled.jpeg\",\"contentUrl\":\"https:\/\/bebeochaud.com\/wp-content\/uploads\/2023\/02\/IMG_3624-scaled.jpeg\",\"width\":1920,\"height\":2560},{\"@type\":\"BreadcrumbList\",\"@id\":\"https:\/\/bebeochaud.com\/produit\/mou-d-manche-unie\/#breadcrumb\",\"itemListElement\":[{\"@type\":\"ListItem\",\"position\":1,\"name\":\"Accueil\",\"item\":\"https:\/\/bebeochaud.com\/en\/\"},{\"@type\":\"ListItem\",\"position\":2,\"name\":\"Shop\",\"item\":\"https:\/\/bebeochaud.com\/en\/shop\/\"},{\"@type\":\"ListItem\",\"position\":3,\"name\":\"Mou-D &#8211; Bicolor\"}]},{\"@type\":\"WebSite\",\"@id\":\"https:\/\/bebeochaud.com\/#website\",\"url\":\"https:\/\/bebeochaud.com\/\",\"name\":\"B\u00e9b\u00e9 \u00d4 Chaud\",\"description\":\"V\u00eatements et accessoires pour b\u00e9b\u00e9s\",\"publisher\":{\"@id\":\"https:\/\/bebeochaud.com\/#organization\"},\"potentialAction\":[{\"@type\":\"SearchAction\",\"target\":{\"@type\":\"EntryPoint\",\"urlTemplate\":\"https:\/\/bebeochaud.com\/?s={search_term_string}\"},\"query-input\":{\"@type\":\"PropertyValueSpecification\",\"valueRequired\":true,\"valueName\":\"search_term_string\"}}],\"inLanguage\":\"en-US\"},{\"@type\":\"Organization\",\"@id\":\"https:\/\/bebeochaud.com\/#organization\",\"name\":\"B\u00e9b\u00e9 \u00f4 Chaud\",\"url\":\"https:\/\/bebeochaud.com\/\",\"logo\":{\"@type\":\"ImageObject\",\"inLanguage\":\"en-US\",\"@id\":\"https:\/\/bebeochaud.com\/#\/schema\/logo\/image\/\",\"url\":\"https:\/\/bebeochaud.com\/wp-content\/uploads\/2021\/06\/logo-noir-gris-carre.png\",\"contentUrl\":\"https:\/\/bebeochaud.com\/wp-content\/uploads\/2021\/06\/logo-noir-gris-carre.png\",\"width\":358,\"height\":277,\"caption\":\"B\u00e9b\u00e9 \u00f4 Chaud\"},\"image\":{\"@id\":\"https:\/\/bebeochaud.com\/#\/schema\/logo\/image\/\"},\"sameAs\":[\"https:\/\/www.facebook.com\/Bebe.O.Chaud\"]}]}<\/script>\n<!-- \/ Yoast SEO plugin. -->","yoast_head_json":{"title":"Mou-D - Bicolor - B\u00e9b\u00e9 \u00d4 Chaud","robots":{"index":"index","follow":"follow","max-snippet":"max-snippet:-1","max-image-preview":"max-image-preview:large","max-video-preview":"max-video-preview:-1"},"canonical":"https:\/\/bebeochaud.com\/produit\/mou-d-manche-unie\/","og_locale":"en_US","og_type":"article","og_title":"Mou-D - Bicolor - B\u00e9b\u00e9 \u00d4 Chaud","og_description":"Material: 100% polyester (except the cuffs which are a random mix of textiles depending on the color)  Maintenance: Washer \/ dryer  Dimensions: See size chart below  For the choice of the pattern, see the page of the covers of the site and register it in the box for this purpose by clicking on the following link: \u2192 Click HERE to view all available patterns  For the choice of solid colors, see the photos in the photo carousel.  The two-tone Mou-D has the front, back and hood in the color or pattern you have chosen and the sleeves will be white or black depending on the color\/pattern chosen.","og_url":"https:\/\/bebeochaud.com\/produit\/mou-d-manche-unie\/","og_site_name":"B\u00e9b\u00e9 \u00d4 Chaud","article_publisher":"https:\/\/www.facebook.com\/Bebe.O.Chaud","article_modified_time":"2023-02-13T15:16:35+00:00","og_image":[{"width":1920,"height":2560,"url":"https:\/\/bebeochaud.com\/wp-content\/uploads\/2023\/02\/IMG_4760-copy-scaled.jpg","type":"image\/jpeg"}],"twitter_card":"summary_large_image","schema":{"@context":"https:\/\/schema.org","@graph":[{"@type":"WebPage","@id":"https:\/\/bebeochaud.com\/produit\/mou-d-manche-unie\/","url":"https:\/\/bebeochaud.com\/produit\/mou-d-manche-unie\/","name":"Mou-D - Bicolor - B\u00e9b\u00e9 \u00d4 Chaud","isPartOf":{"@id":"https:\/\/bebeochaud.com\/#website"},"primaryImageOfPage":{"@id":"https:\/\/bebeochaud.com\/produit\/mou-d-manche-unie\/#primaryimage"},"image":{"@id":"https:\/\/bebeochaud.com\/produit\/mou-d-manche-unie\/#primaryimage"},"thumbnailUrl":"https:\/\/bebeochaud.com\/wp-content\/uploads\/2023\/02\/IMG_3624-scaled.jpeg","datePublished":"2023-02-11T17:51:03+00:00","dateModified":"2023-02-13T15:16:35+00:00","breadcrumb":{"@id":"https:\/\/bebeochaud.com\/produit\/mou-d-manche-unie\/#breadcrumb"},"inLanguage":"en-US","potentialAction":[{"@type":"ReadAction","target":["https:\/\/bebeochaud.com\/produit\/mou-d-manche-unie\/"]}]},{"@type":"ImageObject","inLanguage":"en-US","@id":"https:\/\/bebeochaud.com\/produit\/mou-d-manche-unie\/#primaryimage","url":"https:\/\/bebeochaud.com\/wp-content\/uploads\/2023\/02\/IMG_3624-scaled.jpeg","contentUrl":"https:\/\/bebeochaud.com\/wp-content\/uploads\/2023\/02\/IMG_3624-scaled.jpeg","width":1920,"height":2560},{"@type":"BreadcrumbList","@id":"https:\/\/bebeochaud.com\/produit\/mou-d-manche-unie\/#breadcrumb","itemListElement":[{"@type":"ListItem","position":1,"name":"Accueil","item":"https:\/\/bebeochaud.com\/en\/"},{"@type":"ListItem","position":2,"name":"Shop","item":"https:\/\/bebeochaud.com\/en\/shop\/"},{"@type":"ListItem","position":3,"name":"Mou-D &#8211; Bicolor"}]},{"@type":"WebSite","@id":"https:\/\/bebeochaud.com\/#website","url":"https:\/\/bebeochaud.com\/","name":"B\u00e9b\u00e9 \u00d4 Chaud","description":"V\u00eatements et accessoires pour b\u00e9b\u00e9s","publisher":{"@id":"https:\/\/bebeochaud.com\/#organization"},"potentialAction":[{"@type":"SearchAction","target":{"@type":"EntryPoint","urlTemplate":"https:\/\/bebeochaud.com\/?s={search_term_string}"},"query-input":{"@type":"PropertyValueSpecification","valueRequired":true,"valueName":"search_term_string"}}],"inLanguage":"en-US"},{"@type":"Organization","@id":"https:\/\/bebeochaud.com\/#organization","name":"B\u00e9b\u00e9 \u00f4 Chaud","url":"https:\/\/bebeochaud.com\/","logo":{"@type":"ImageObject","inLanguage":"en-US","@id":"https:\/\/bebeochaud.com\/#\/schema\/logo\/image\/","url":"https:\/\/bebeochaud.com\/wp-content\/uploads\/2021\/06\/logo-noir-gris-carre.png","contentUrl":"https:\/\/bebeochaud.com\/wp-content\/uploads\/2021\/06\/logo-noir-gris-carre.png","width":358,"height":277,"caption":"B\u00e9b\u00e9 \u00f4 Chaud"},"image":{"@id":"https:\/\/bebeochaud.com\/#\/schema\/logo\/image\/"},"sameAs":["https:\/\/www.facebook.com\/Bebe.O.Chaud"]}]}},"_links":{"self":[{"href":"https:\/\/bebeochaud.com\/en\/wp-json\/wp\/v2\/product\/75802","targetHints":{"allow":["GET"]}}],"collection":[{"href":"https:\/\/bebeochaud.com\/en\/wp-json\/wp\/v2\/product"}],"about":[{"href":"https:\/\/bebeochaud.com\/en\/wp-json\/wp\/v2\/types\/product"}],"replies":[{"embeddable":true,"href":"https:\/\/bebeochaud.com\/en\/wp-json\/wp\/v2\/comments?post=75802"}],"wp:featuredmedia":[{"embeddable":true,"href":"https:\/\/bebeochaud.com\/en\/wp-json\/wp\/v2\/media\/98042"}],"wp:attachment":[{"href":"https:\/\/bebeochaud.com\/en\/wp-json\/wp\/v2\/media?parent=75802"}],"wp:term":[{"taxonomy":"product_brand","embeddable":true,"href":"https:\/\/bebeochaud.com\/en\/wp-json\/wp\/v2\/product_brand?post=75802"},{"taxonomy":"product_cat","embeddable":true,"href":"https:\/\/bebeochaud.com\/en\/wp-json\/wp\/v2\/product_cat?post=75802"},{"taxonomy":"product_tag","embeddable":true,"href":"https:\/\/bebeochaud.com\/en\/wp-json\/wp\/v2\/product_tag?post=75802"}],"curies":[{"name":"wp","href":"https:\/\/api.w.org\/{rel}","templated":true}]}}