{"id":647,"date":"2018-06-19T15:34:20","date_gmt":"2018-06-19T20:34:20","guid":{"rendered":"https:\/\/tempo.bebeochaud.com\/?post_type=product&#038;p=647"},"modified":"2020-10-12T11:08:49","modified_gmt":"2020-10-12T16:08:49","slug":"pantoufles-a-velcro-pied-de-poule-fille","status":"publish","type":"product","link":"https:\/\/bebeochaud.com\/en\/produit\/pantoufles-a-velcro-pied-de-poule-fille\/","title":{"rendered":"Pantoufles \u00e0 velcro &#8211; Pied-de-Poule Gris"},"content":{"rendered":"<p>Ne cherchez plus, vous les avez trouv\u00e9es. Munies d\u2019un \u00e9lastique \u00e0 la cheville, les pantoufles B\u00e9b\u00e9 \u00d4 Chaud vous feront oublier ces autres pantoufles qui tombent toujours des pieds. Douces, chaudes et confortables, leur ajustement \u00e0 velcro permet de les porter \u00e0 n\u2019importe quel moment de la journ\u00e9e. Avec semelles unies pour les tailles poupons, celles-ci deviennent antid\u00e9rapantes \u00e0 partir de la taille 6-9 mois afin de suivre le d\u00e9veloppement moteur de votre bambin. Un produit bien con\u00e7u et durable qui pourra tour \u00e0 tour tenir au chaud les pieds des petits fr\u00e8res et petites s\u0153urs.<\/p>\n","protected":false},"excerpt":{"rendered":"<p><em>\u00c0 partir de la grandeur 6-9 mois, les pantoufles B\u00e9b\u00e9 \u00d4 Chaud sont munies d&#8217;une semelle souple en su\u00e8de synth\u00e9tique.<\/em><\/p>\n<p><strong>Composition:<\/strong><\/p>\n<p>0-3 et 3-6 mois : 100% polyester<\/p>\n<p>6-9 mois \u00e0 36-48 mois : Ext\u00e9rieur 100% polyester &#8211; Semelle 60% nylon 40% polyur\u00e9thane<\/p>\n<p><strong> Entretien :<\/strong> Lavable \u00e0 la machine. S\u00e9cher \u00e0 la machine ou s\u00e9cher \u00e0 plat pour les semelles en su\u00e8de synth\u00e9tique<\/p>\n","protected":false},"featured_media":2821,"comment_status":"open","ping_status":"closed","template":"","meta":[],"product_brand":[],"product_cat":[133],"product_tag":[],"class_list":{"0":"post-647","1":"product","2":"type-product","3":"status-publish","4":"has-post-thumbnail","6":"product_cat-pantoufles-minky-imprime","8":"first","9":"outofstock","10":"taxable","11":"shipping-taxable","12":"product-type-variable"},"yoast_head":"<!-- This site is optimized with the Yoast SEO plugin v26.6 - https:\/\/yoast.com\/wordpress\/plugins\/seo\/ -->\n<title>Pantoufles \u00e0 velcro - Pied-de-Poule Gris - B\u00e9b\u00e9 \u00d4 Chaud<\/title>\n<meta name=\"robots\" content=\"index, follow, max-snippet:-1, max-image-preview:large, max-video-preview:-1\" \/>\n<link rel=\"canonical\" href=\"https:\/\/bebeochaud.com\/produit\/pantoufles-a-velcro-pied-de-poule-fille\/\" \/>\n<meta property=\"og:locale\" content=\"en_US\" \/>\n<meta property=\"og:type\" content=\"article\" \/>\n<meta property=\"og:title\" content=\"Pantoufles \u00e0 velcro - Pied-de-Poule Gris - B\u00e9b\u00e9 \u00d4 Chaud\" \/>\n<meta property=\"og:description\" content=\"\u00c0 partir de la grandeur 6-9 mois, les pantoufles B\u00e9b\u00e9 \u00d4 Chaud sont munies d&#039;une semelle souple en su\u00e8de synth\u00e9tique.  Composition:  0-3 et 3-6 mois : 100% polyester  6-9 mois \u00e0 36-48 mois : Ext\u00e9rieur 100% polyester - Semelle 60% nylon 40% polyur\u00e9thane   Entretien : Lavable \u00e0 la machine. S\u00e9cher \u00e0 la machine ou s\u00e9cher \u00e0 plat pour les semelles en su\u00e8de synth\u00e9tique\" \/>\n<meta property=\"og:url\" content=\"https:\/\/bebeochaud.com\/produit\/pantoufles-a-velcro-pied-de-poule-fille\/\" \/>\n<meta property=\"og:site_name\" content=\"B\u00e9b\u00e9 \u00d4 Chaud\" \/>\n<meta property=\"article:publisher\" content=\"https:\/\/www.facebook.com\/Bebe.O.Chaud\" \/>\n<meta property=\"article:modified_time\" content=\"2020-10-12T16:08:49+00:00\" \/>\n<meta property=\"og:image\" content=\"https:\/\/bebeochaud.com\/wp-content\/uploads\/2018\/06\/pantoufles-pp-gris3c.jpg\" \/>\n\t<meta property=\"og:image:width\" content=\"640\" \/>\n\t<meta property=\"og:image:height\" content=\"960\" \/>\n\t<meta property=\"og:image:type\" content=\"image\/jpeg\" \/>\n<meta name=\"twitter:card\" content=\"summary_large_image\" \/>\n<meta name=\"twitter:label1\" content=\"Est. reading time\" \/>\n\t<meta name=\"twitter:data1\" content=\"1 minute\" \/>\n<script type=\"application\/ld+json\" class=\"yoast-schema-graph\">{\"@context\":\"https:\/\/schema.org\",\"@graph\":[{\"@type\":\"WebPage\",\"@id\":\"https:\/\/bebeochaud.com\/produit\/pantoufles-a-velcro-pied-de-poule-fille\/\",\"url\":\"https:\/\/bebeochaud.com\/produit\/pantoufles-a-velcro-pied-de-poule-fille\/\",\"name\":\"Pantoufles \u00e0 velcro - Pied-de-Poule Gris - B\u00e9b\u00e9 \u00d4 Chaud\",\"isPartOf\":{\"@id\":\"https:\/\/bebeochaud.com\/#website\"},\"primaryImageOfPage\":{\"@id\":\"https:\/\/bebeochaud.com\/produit\/pantoufles-a-velcro-pied-de-poule-fille\/#primaryimage\"},\"image\":{\"@id\":\"https:\/\/bebeochaud.com\/produit\/pantoufles-a-velcro-pied-de-poule-fille\/#primaryimage\"},\"thumbnailUrl\":\"https:\/\/bebeochaud.com\/wp-content\/uploads\/2018\/06\/pantoufles-pp-gris3c.jpg\",\"datePublished\":\"2018-06-19T20:34:20+00:00\",\"dateModified\":\"2020-10-12T16:08:49+00:00\",\"breadcrumb\":{\"@id\":\"https:\/\/bebeochaud.com\/produit\/pantoufles-a-velcro-pied-de-poule-fille\/#breadcrumb\"},\"inLanguage\":\"en-US\",\"potentialAction\":[{\"@type\":\"ReadAction\",\"target\":[\"https:\/\/bebeochaud.com\/produit\/pantoufles-a-velcro-pied-de-poule-fille\/\"]}]},{\"@type\":\"ImageObject\",\"inLanguage\":\"en-US\",\"@id\":\"https:\/\/bebeochaud.com\/produit\/pantoufles-a-velcro-pied-de-poule-fille\/#primaryimage\",\"url\":\"https:\/\/bebeochaud.com\/wp-content\/uploads\/2018\/06\/pantoufles-pp-gris3c.jpg\",\"contentUrl\":\"https:\/\/bebeochaud.com\/wp-content\/uploads\/2018\/06\/pantoufles-pp-gris3c.jpg\",\"width\":640,\"height\":960},{\"@type\":\"BreadcrumbList\",\"@id\":\"https:\/\/bebeochaud.com\/produit\/pantoufles-a-velcro-pied-de-poule-fille\/#breadcrumb\",\"itemListElement\":[{\"@type\":\"ListItem\",\"position\":1,\"name\":\"Accueil\",\"item\":\"https:\/\/bebeochaud.com\/en\/\"},{\"@type\":\"ListItem\",\"position\":2,\"name\":\"Shop\",\"item\":\"https:\/\/bebeochaud.com\/en\/shop\/\"},{\"@type\":\"ListItem\",\"position\":3,\"name\":\"Pantoufles \u00e0 velcro &#8211; Pied-de-Poule Gris\"}]},{\"@type\":\"WebSite\",\"@id\":\"https:\/\/bebeochaud.com\/#website\",\"url\":\"https:\/\/bebeochaud.com\/\",\"name\":\"B\u00e9b\u00e9 \u00d4 Chaud\",\"description\":\"V\u00eatements et accessoires pour b\u00e9b\u00e9s\",\"publisher\":{\"@id\":\"https:\/\/bebeochaud.com\/#organization\"},\"potentialAction\":[{\"@type\":\"SearchAction\",\"target\":{\"@type\":\"EntryPoint\",\"urlTemplate\":\"https:\/\/bebeochaud.com\/?s={search_term_string}\"},\"query-input\":{\"@type\":\"PropertyValueSpecification\",\"valueRequired\":true,\"valueName\":\"search_term_string\"}}],\"inLanguage\":\"en-US\"},{\"@type\":\"Organization\",\"@id\":\"https:\/\/bebeochaud.com\/#organization\",\"name\":\"B\u00e9b\u00e9 \u00f4 Chaud\",\"url\":\"https:\/\/bebeochaud.com\/\",\"logo\":{\"@type\":\"ImageObject\",\"inLanguage\":\"en-US\",\"@id\":\"https:\/\/bebeochaud.com\/#\/schema\/logo\/image\/\",\"url\":\"https:\/\/bebeochaud.com\/wp-content\/uploads\/2021\/06\/logo-noir-gris-carre.png\",\"contentUrl\":\"https:\/\/bebeochaud.com\/wp-content\/uploads\/2021\/06\/logo-noir-gris-carre.png\",\"width\":358,\"height\":277,\"caption\":\"B\u00e9b\u00e9 \u00f4 Chaud\"},\"image\":{\"@id\":\"https:\/\/bebeochaud.com\/#\/schema\/logo\/image\/\"},\"sameAs\":[\"https:\/\/www.facebook.com\/Bebe.O.Chaud\"]}]}<\/script>\n<!-- \/ Yoast SEO plugin. -->","yoast_head_json":{"title":"Pantoufles \u00e0 velcro - Pied-de-Poule Gris - B\u00e9b\u00e9 \u00d4 Chaud","robots":{"index":"index","follow":"follow","max-snippet":"max-snippet:-1","max-image-preview":"max-image-preview:large","max-video-preview":"max-video-preview:-1"},"canonical":"https:\/\/bebeochaud.com\/produit\/pantoufles-a-velcro-pied-de-poule-fille\/","og_locale":"en_US","og_type":"article","og_title":"Pantoufles \u00e0 velcro - Pied-de-Poule Gris - B\u00e9b\u00e9 \u00d4 Chaud","og_description":"\u00c0 partir de la grandeur 6-9 mois, les pantoufles B\u00e9b\u00e9 \u00d4 Chaud sont munies d'une semelle souple en su\u00e8de synth\u00e9tique.  Composition:  0-3 et 3-6 mois : 100% polyester  6-9 mois \u00e0 36-48 mois : Ext\u00e9rieur 100% polyester - Semelle 60% nylon 40% polyur\u00e9thane   Entretien : Lavable \u00e0 la machine. S\u00e9cher \u00e0 la machine ou s\u00e9cher \u00e0 plat pour les semelles en su\u00e8de synth\u00e9tique","og_url":"https:\/\/bebeochaud.com\/produit\/pantoufles-a-velcro-pied-de-poule-fille\/","og_site_name":"B\u00e9b\u00e9 \u00d4 Chaud","article_publisher":"https:\/\/www.facebook.com\/Bebe.O.Chaud","article_modified_time":"2020-10-12T16:08:49+00:00","og_image":[{"width":640,"height":960,"url":"https:\/\/bebeochaud.com\/wp-content\/uploads\/2018\/06\/pantoufles-pp-gris3c.jpg","type":"image\/jpeg"}],"twitter_card":"summary_large_image","twitter_misc":{"Est. reading time":"1 minute"},"schema":{"@context":"https:\/\/schema.org","@graph":[{"@type":"WebPage","@id":"https:\/\/bebeochaud.com\/produit\/pantoufles-a-velcro-pied-de-poule-fille\/","url":"https:\/\/bebeochaud.com\/produit\/pantoufles-a-velcro-pied-de-poule-fille\/","name":"Pantoufles \u00e0 velcro - Pied-de-Poule Gris - B\u00e9b\u00e9 \u00d4 Chaud","isPartOf":{"@id":"https:\/\/bebeochaud.com\/#website"},"primaryImageOfPage":{"@id":"https:\/\/bebeochaud.com\/produit\/pantoufles-a-velcro-pied-de-poule-fille\/#primaryimage"},"image":{"@id":"https:\/\/bebeochaud.com\/produit\/pantoufles-a-velcro-pied-de-poule-fille\/#primaryimage"},"thumbnailUrl":"https:\/\/bebeochaud.com\/wp-content\/uploads\/2018\/06\/pantoufles-pp-gris3c.jpg","datePublished":"2018-06-19T20:34:20+00:00","dateModified":"2020-10-12T16:08:49+00:00","breadcrumb":{"@id":"https:\/\/bebeochaud.com\/produit\/pantoufles-a-velcro-pied-de-poule-fille\/#breadcrumb"},"inLanguage":"en-US","potentialAction":[{"@type":"ReadAction","target":["https:\/\/bebeochaud.com\/produit\/pantoufles-a-velcro-pied-de-poule-fille\/"]}]},{"@type":"ImageObject","inLanguage":"en-US","@id":"https:\/\/bebeochaud.com\/produit\/pantoufles-a-velcro-pied-de-poule-fille\/#primaryimage","url":"https:\/\/bebeochaud.com\/wp-content\/uploads\/2018\/06\/pantoufles-pp-gris3c.jpg","contentUrl":"https:\/\/bebeochaud.com\/wp-content\/uploads\/2018\/06\/pantoufles-pp-gris3c.jpg","width":640,"height":960},{"@type":"BreadcrumbList","@id":"https:\/\/bebeochaud.com\/produit\/pantoufles-a-velcro-pied-de-poule-fille\/#breadcrumb","itemListElement":[{"@type":"ListItem","position":1,"name":"Accueil","item":"https:\/\/bebeochaud.com\/en\/"},{"@type":"ListItem","position":2,"name":"Shop","item":"https:\/\/bebeochaud.com\/en\/shop\/"},{"@type":"ListItem","position":3,"name":"Pantoufles \u00e0 velcro &#8211; Pied-de-Poule Gris"}]},{"@type":"WebSite","@id":"https:\/\/bebeochaud.com\/#website","url":"https:\/\/bebeochaud.com\/","name":"B\u00e9b\u00e9 \u00d4 Chaud","description":"V\u00eatements et accessoires pour b\u00e9b\u00e9s","publisher":{"@id":"https:\/\/bebeochaud.com\/#organization"},"potentialAction":[{"@type":"SearchAction","target":{"@type":"EntryPoint","urlTemplate":"https:\/\/bebeochaud.com\/?s={search_term_string}"},"query-input":{"@type":"PropertyValueSpecification","valueRequired":true,"valueName":"search_term_string"}}],"inLanguage":"en-US"},{"@type":"Organization","@id":"https:\/\/bebeochaud.com\/#organization","name":"B\u00e9b\u00e9 \u00f4 Chaud","url":"https:\/\/bebeochaud.com\/","logo":{"@type":"ImageObject","inLanguage":"en-US","@id":"https:\/\/bebeochaud.com\/#\/schema\/logo\/image\/","url":"https:\/\/bebeochaud.com\/wp-content\/uploads\/2021\/06\/logo-noir-gris-carre.png","contentUrl":"https:\/\/bebeochaud.com\/wp-content\/uploads\/2021\/06\/logo-noir-gris-carre.png","width":358,"height":277,"caption":"B\u00e9b\u00e9 \u00f4 Chaud"},"image":{"@id":"https:\/\/bebeochaud.com\/#\/schema\/logo\/image\/"},"sameAs":["https:\/\/www.facebook.com\/Bebe.O.Chaud"]}]}},"_links":{"self":[{"href":"https:\/\/bebeochaud.com\/en\/wp-json\/wp\/v2\/product\/647","targetHints":{"allow":["GET"]}}],"collection":[{"href":"https:\/\/bebeochaud.com\/en\/wp-json\/wp\/v2\/product"}],"about":[{"href":"https:\/\/bebeochaud.com\/en\/wp-json\/wp\/v2\/types\/product"}],"replies":[{"embeddable":true,"href":"https:\/\/bebeochaud.com\/en\/wp-json\/wp\/v2\/comments?post=647"}],"wp:featuredmedia":[{"embeddable":true,"href":"https:\/\/bebeochaud.com\/en\/wp-json\/wp\/v2\/media\/2821"}],"wp:attachment":[{"href":"https:\/\/bebeochaud.com\/en\/wp-json\/wp\/v2\/media?parent=647"}],"wp:term":[{"taxonomy":"product_brand","embeddable":true,"href":"https:\/\/bebeochaud.com\/en\/wp-json\/wp\/v2\/product_brand?post=647"},{"taxonomy":"product_cat","embeddable":true,"href":"https:\/\/bebeochaud.com\/en\/wp-json\/wp\/v2\/product_cat?post=647"},{"taxonomy":"product_tag","embeddable":true,"href":"https:\/\/bebeochaud.com\/en\/wp-json\/wp\/v2\/product_tag?post=647"}],"curies":[{"name":"wp","href":"https:\/\/api.w.org\/{rel}","templated":true}]}}