{"id":60003,"date":"2022-02-22T14:10:35","date_gmt":"2022-02-22T19:11:05","guid":{"rendered":"https:\/\/bebeochaud.com\/?post_type=product&#038;p=60003"},"modified":"2022-07-06T07:39:55","modified_gmt":"2022-07-06T12:39:55","slug":"bathcape-youre-choice-2","status":"publish","type":"product","link":"https:\/\/bebeochaud.com\/en\/produit\/bathcape-youre-choice-2\/","title":{"rendered":"Bathcape &#8211; Youre choice"},"content":{"rendered":"<p>The perfect bath time accessory with an original enveloping design. The absorbent soft cotton terry lining quickly removes moisture from your child&#8217;s skin. Let&#8217;s make bath time fun for parents and children!<\/p>\n<div class=\"oSioSc\">\n<div id=\"tw-target\">\n<div id=\"kAz1tf\" class=\"g9WsWb\">\n<div id=\"tw-target-text-container\" class=\"tw-ta-container hide-focus-ring tw-nfl\" tabindex=\"0\">\n<h4 id=\"tw-target-text\" class=\"tw-data-text tw-text-large tw-ta\" dir=\"ltr\" data-placeholder=\"Traduction\"><strong><span lang=\"en\">Bathrobe of your choice, what does it mean? Go to the cover section and memorized the name of a fabric and copy it in the notes at the end of your purchase. Your outing will therefore have the same motif as the selected cover.<\/span><\/strong><\/h4>\n<\/div>\n<\/div>\n<\/div>\n<\/div>\n","protected":false},"excerpt":{"rendered":"<p><strong>Dimensions :<\/strong> 1m wide by 75cm high (excluding the hood)<\/p>\n<p><strong>Composition :<\/strong> Inside: 100% cotton Outside: 100% polyester<\/p>\n<p><strong>Maintenance :<\/strong> Machine washable<\/p>\n","protected":false},"featured_media":34215,"comment_status":"open","ping_status":"closed","template":"","meta":[],"product_brand":[],"product_cat":[171],"product_tag":[412],"class_list":{"0":"post-60003","1":"product","2":"type-product","3":"status-publish","4":"has-post-thumbnail","6":"product_cat-bathcape","7":"product_tag-your-choice-motif","9":"first","10":"instock","11":"taxable","12":"shipping-taxable","13":"purchasable","14":"product-type-simple"},"yoast_head":"<!-- This site is optimized with the Yoast SEO plugin v26.6 - https:\/\/yoast.com\/wordpress\/plugins\/seo\/ -->\n<title>Bathcape - Youre choice - B\u00e9b\u00e9 \u00d4 Chaud<\/title>\n<meta name=\"robots\" content=\"index, follow, max-snippet:-1, max-image-preview:large, max-video-preview:-1\" \/>\n<link rel=\"canonical\" href=\"https:\/\/bebeochaud.com\/produit\/sortie-de-bain-motif-au-choix\/\" \/>\n<meta property=\"og:locale\" content=\"en_US\" \/>\n<meta property=\"og:type\" content=\"article\" \/>\n<meta property=\"og:title\" content=\"Bathcape - Youre choice - B\u00e9b\u00e9 \u00d4 Chaud\" \/>\n<meta property=\"og:description\" content=\"Dimensions : 1m wide by 75cm high (excluding the hood)  Composition : Inside: 100% cotton Outside: 100% polyester  Maintenance : Machine washable\" \/>\n<meta property=\"og:url\" content=\"https:\/\/bebeochaud.com\/produit\/sortie-de-bain-motif-au-choix\/\" \/>\n<meta property=\"og:site_name\" content=\"B\u00e9b\u00e9 \u00d4 Chaud\" \/>\n<meta property=\"article:publisher\" content=\"https:\/\/www.facebook.com\/Bebe.O.Chaud\" \/>\n<meta property=\"article:modified_time\" content=\"2022-07-06T12:39:55+00:00\" \/>\n<meta property=\"og:image\" content=\"https:\/\/bebeochaud.com\/wp-content\/uploads\/2020\/04\/SB_Gris_01.jpg\" \/>\n\t<meta property=\"og:image:width\" content=\"640\" \/>\n\t<meta property=\"og:image:height\" content=\"960\" \/>\n\t<meta property=\"og:image:type\" content=\"image\/jpeg\" \/>\n<meta name=\"twitter:card\" content=\"summary_large_image\" \/>\n<script type=\"application\/ld+json\" class=\"yoast-schema-graph\">{\"@context\":\"https:\/\/schema.org\",\"@graph\":[{\"@type\":\"WebPage\",\"@id\":\"https:\/\/bebeochaud.com\/produit\/sortie-de-bain-motif-au-choix\/\",\"url\":\"https:\/\/bebeochaud.com\/produit\/sortie-de-bain-motif-au-choix\/\",\"name\":\"Bathcape - Youre choice - B\u00e9b\u00e9 \u00d4 Chaud\",\"isPartOf\":{\"@id\":\"https:\/\/bebeochaud.com\/#website\"},\"primaryImageOfPage\":{\"@id\":\"https:\/\/bebeochaud.com\/produit\/sortie-de-bain-motif-au-choix\/#primaryimage\"},\"image\":{\"@id\":\"https:\/\/bebeochaud.com\/produit\/sortie-de-bain-motif-au-choix\/#primaryimage\"},\"thumbnailUrl\":\"https:\/\/bebeochaud.com\/wp-content\/uploads\/2020\/04\/SB_Gris_01.jpg\",\"datePublished\":\"2022-02-22T19:11:05+00:00\",\"dateModified\":\"2022-07-06T12:39:55+00:00\",\"breadcrumb\":{\"@id\":\"https:\/\/bebeochaud.com\/produit\/sortie-de-bain-motif-au-choix\/#breadcrumb\"},\"inLanguage\":\"en-US\",\"potentialAction\":[{\"@type\":\"ReadAction\",\"target\":[\"https:\/\/bebeochaud.com\/produit\/sortie-de-bain-motif-au-choix\/\"]}]},{\"@type\":\"ImageObject\",\"inLanguage\":\"en-US\",\"@id\":\"https:\/\/bebeochaud.com\/produit\/sortie-de-bain-motif-au-choix\/#primaryimage\",\"url\":\"https:\/\/bebeochaud.com\/wp-content\/uploads\/2020\/04\/SB_Gris_01.jpg\",\"contentUrl\":\"https:\/\/bebeochaud.com\/wp-content\/uploads\/2020\/04\/SB_Gris_01.jpg\",\"width\":640,\"height\":960},{\"@type\":\"BreadcrumbList\",\"@id\":\"https:\/\/bebeochaud.com\/produit\/sortie-de-bain-motif-au-choix\/#breadcrumb\",\"itemListElement\":[{\"@type\":\"ListItem\",\"position\":1,\"name\":\"Accueil\",\"item\":\"https:\/\/bebeochaud.com\/en\/\"},{\"@type\":\"ListItem\",\"position\":2,\"name\":\"Shop\",\"item\":\"https:\/\/bebeochaud.com\/en\/shop\/\"},{\"@type\":\"ListItem\",\"position\":3,\"name\":\"Bathcape &#8211; Youre choice\"}]},{\"@type\":\"WebSite\",\"@id\":\"https:\/\/bebeochaud.com\/#website\",\"url\":\"https:\/\/bebeochaud.com\/\",\"name\":\"B\u00e9b\u00e9 \u00d4 Chaud\",\"description\":\"V\u00eatements et accessoires pour b\u00e9b\u00e9s\",\"publisher\":{\"@id\":\"https:\/\/bebeochaud.com\/#organization\"},\"potentialAction\":[{\"@type\":\"SearchAction\",\"target\":{\"@type\":\"EntryPoint\",\"urlTemplate\":\"https:\/\/bebeochaud.com\/?s={search_term_string}\"},\"query-input\":{\"@type\":\"PropertyValueSpecification\",\"valueRequired\":true,\"valueName\":\"search_term_string\"}}],\"inLanguage\":\"en-US\"},{\"@type\":\"Organization\",\"@id\":\"https:\/\/bebeochaud.com\/#organization\",\"name\":\"B\u00e9b\u00e9 \u00f4 Chaud\",\"url\":\"https:\/\/bebeochaud.com\/\",\"logo\":{\"@type\":\"ImageObject\",\"inLanguage\":\"en-US\",\"@id\":\"https:\/\/bebeochaud.com\/#\/schema\/logo\/image\/\",\"url\":\"https:\/\/bebeochaud.com\/wp-content\/uploads\/2021\/06\/logo-noir-gris-carre.png\",\"contentUrl\":\"https:\/\/bebeochaud.com\/wp-content\/uploads\/2021\/06\/logo-noir-gris-carre.png\",\"width\":358,\"height\":277,\"caption\":\"B\u00e9b\u00e9 \u00f4 Chaud\"},\"image\":{\"@id\":\"https:\/\/bebeochaud.com\/#\/schema\/logo\/image\/\"},\"sameAs\":[\"https:\/\/www.facebook.com\/Bebe.O.Chaud\"]}]}<\/script>\n<!-- \/ Yoast SEO plugin. -->","yoast_head_json":{"title":"Bathcape - Youre choice - B\u00e9b\u00e9 \u00d4 Chaud","robots":{"index":"index","follow":"follow","max-snippet":"max-snippet:-1","max-image-preview":"max-image-preview:large","max-video-preview":"max-video-preview:-1"},"canonical":"https:\/\/bebeochaud.com\/produit\/sortie-de-bain-motif-au-choix\/","og_locale":"en_US","og_type":"article","og_title":"Bathcape - Youre choice - B\u00e9b\u00e9 \u00d4 Chaud","og_description":"Dimensions : 1m wide by 75cm high (excluding the hood)  Composition : Inside: 100% cotton Outside: 100% polyester  Maintenance : Machine washable","og_url":"https:\/\/bebeochaud.com\/produit\/sortie-de-bain-motif-au-choix\/","og_site_name":"B\u00e9b\u00e9 \u00d4 Chaud","article_publisher":"https:\/\/www.facebook.com\/Bebe.O.Chaud","article_modified_time":"2022-07-06T12:39:55+00:00","og_image":[{"width":640,"height":960,"url":"https:\/\/bebeochaud.com\/wp-content\/uploads\/2020\/04\/SB_Gris_01.jpg","type":"image\/jpeg"}],"twitter_card":"summary_large_image","schema":{"@context":"https:\/\/schema.org","@graph":[{"@type":"WebPage","@id":"https:\/\/bebeochaud.com\/produit\/sortie-de-bain-motif-au-choix\/","url":"https:\/\/bebeochaud.com\/produit\/sortie-de-bain-motif-au-choix\/","name":"Bathcape - Youre choice - B\u00e9b\u00e9 \u00d4 Chaud","isPartOf":{"@id":"https:\/\/bebeochaud.com\/#website"},"primaryImageOfPage":{"@id":"https:\/\/bebeochaud.com\/produit\/sortie-de-bain-motif-au-choix\/#primaryimage"},"image":{"@id":"https:\/\/bebeochaud.com\/produit\/sortie-de-bain-motif-au-choix\/#primaryimage"},"thumbnailUrl":"https:\/\/bebeochaud.com\/wp-content\/uploads\/2020\/04\/SB_Gris_01.jpg","datePublished":"2022-02-22T19:11:05+00:00","dateModified":"2022-07-06T12:39:55+00:00","breadcrumb":{"@id":"https:\/\/bebeochaud.com\/produit\/sortie-de-bain-motif-au-choix\/#breadcrumb"},"inLanguage":"en-US","potentialAction":[{"@type":"ReadAction","target":["https:\/\/bebeochaud.com\/produit\/sortie-de-bain-motif-au-choix\/"]}]},{"@type":"ImageObject","inLanguage":"en-US","@id":"https:\/\/bebeochaud.com\/produit\/sortie-de-bain-motif-au-choix\/#primaryimage","url":"https:\/\/bebeochaud.com\/wp-content\/uploads\/2020\/04\/SB_Gris_01.jpg","contentUrl":"https:\/\/bebeochaud.com\/wp-content\/uploads\/2020\/04\/SB_Gris_01.jpg","width":640,"height":960},{"@type":"BreadcrumbList","@id":"https:\/\/bebeochaud.com\/produit\/sortie-de-bain-motif-au-choix\/#breadcrumb","itemListElement":[{"@type":"ListItem","position":1,"name":"Accueil","item":"https:\/\/bebeochaud.com\/en\/"},{"@type":"ListItem","position":2,"name":"Shop","item":"https:\/\/bebeochaud.com\/en\/shop\/"},{"@type":"ListItem","position":3,"name":"Bathcape &#8211; Youre choice"}]},{"@type":"WebSite","@id":"https:\/\/bebeochaud.com\/#website","url":"https:\/\/bebeochaud.com\/","name":"B\u00e9b\u00e9 \u00d4 Chaud","description":"V\u00eatements et accessoires pour b\u00e9b\u00e9s","publisher":{"@id":"https:\/\/bebeochaud.com\/#organization"},"potentialAction":[{"@type":"SearchAction","target":{"@type":"EntryPoint","urlTemplate":"https:\/\/bebeochaud.com\/?s={search_term_string}"},"query-input":{"@type":"PropertyValueSpecification","valueRequired":true,"valueName":"search_term_string"}}],"inLanguage":"en-US"},{"@type":"Organization","@id":"https:\/\/bebeochaud.com\/#organization","name":"B\u00e9b\u00e9 \u00f4 Chaud","url":"https:\/\/bebeochaud.com\/","logo":{"@type":"ImageObject","inLanguage":"en-US","@id":"https:\/\/bebeochaud.com\/#\/schema\/logo\/image\/","url":"https:\/\/bebeochaud.com\/wp-content\/uploads\/2021\/06\/logo-noir-gris-carre.png","contentUrl":"https:\/\/bebeochaud.com\/wp-content\/uploads\/2021\/06\/logo-noir-gris-carre.png","width":358,"height":277,"caption":"B\u00e9b\u00e9 \u00f4 Chaud"},"image":{"@id":"https:\/\/bebeochaud.com\/#\/schema\/logo\/image\/"},"sameAs":["https:\/\/www.facebook.com\/Bebe.O.Chaud"]}]}},"_links":{"self":[{"href":"https:\/\/bebeochaud.com\/en\/wp-json\/wp\/v2\/product\/60003","targetHints":{"allow":["GET"]}}],"collection":[{"href":"https:\/\/bebeochaud.com\/en\/wp-json\/wp\/v2\/product"}],"about":[{"href":"https:\/\/bebeochaud.com\/en\/wp-json\/wp\/v2\/types\/product"}],"replies":[{"embeddable":true,"href":"https:\/\/bebeochaud.com\/en\/wp-json\/wp\/v2\/comments?post=60003"}],"wp:featuredmedia":[{"embeddable":true,"href":"https:\/\/bebeochaud.com\/en\/wp-json\/wp\/v2\/media\/34215"}],"wp:attachment":[{"href":"https:\/\/bebeochaud.com\/en\/wp-json\/wp\/v2\/media?parent=60003"}],"wp:term":[{"taxonomy":"product_brand","embeddable":true,"href":"https:\/\/bebeochaud.com\/en\/wp-json\/wp\/v2\/product_brand?post=60003"},{"taxonomy":"product_cat","embeddable":true,"href":"https:\/\/bebeochaud.com\/en\/wp-json\/wp\/v2\/product_cat?post=60003"},{"taxonomy":"product_tag","embeddable":true,"href":"https:\/\/bebeochaud.com\/en\/wp-json\/wp\/v2\/product_tag?post=60003"}],"curies":[{"name":"wp","href":"https:\/\/api.w.org\/{rel}","templated":true}]}}