{"id":55281,"date":"2021-11-25T13:53:22","date_gmt":"2021-11-25T18:53:26","guid":{"rendered":"https:\/\/bebeochaud.com\/?post_type=product&#038;p=55281"},"modified":"2021-11-26T14:00:30","modified_gmt":"2021-11-26T19:00:30","slug":"blanket-dinosaurs-world-map-pink-background","status":"publish","type":"product","link":"https:\/\/bebeochaud.com\/en\/produit\/blanket-dinosaurs-world-map-pink-background\/","title":{"rendered":"Blanket &#8211; Dinosaurs world map pink background"},"content":{"rendered":"<p>Unique and special, keeps your baby comfy while sleeping or playing while capturing their imagination.<\/p>\n","protected":false},"excerpt":{"rendered":"<p><strong>Composition :<\/strong> 100 % polyester<\/p>\n<p><strong>Maintenance :<\/strong> Can go to the washer and dryer<\/p>\n<p><strong>Fabrics :<\/strong> MINKY<\/p>\n<p><strong>Back :<\/strong> <span id=\"tw-cst\" class=\"tw-menu-btn KTDgic hide-focus-ring\" tabindex=\"0\" role=\"button\" aria-label=\"Effacer le texte source\" data-ved=\"2ahUKEwiAzKCE0tDuAhXsGVkFHSFSC80QxZgCMAB6BAgBEA0\"><\/span><span lang=\"en\">The color is at the tailor&#8217;s choice, if you have any special request, write it down in the notes<\/span><\/p>\n<div class=\"oSioSc\">\n<div id=\"tw-target\">\n<div id=\"kAz1tf\" class=\"g9WsWb\">\n<div id=\"tw-target-rmn-container\" class=\"tw-ta-container hide-focus-ring tw-nfl\">\n<pre id=\"tw-target-rmn\" class=\"tw-data-placeholder tw-text-small tw-ta\" dir=\"ltr\" data-placeholder=\"\"><\/pre>\n<\/div>\n<\/div>\n<\/div>\n<\/div>\n","protected":false},"featured_media":55299,"comment_status":"open","ping_status":"closed","template":"","meta":[],"product_brand":[],"product_cat":[175],"product_tag":[414],"class_list":{"0":"post-55281","1":"product","2":"type-product","3":"status-publish","4":"has-post-thumbnail","6":"product_cat-plain-blanket","7":"product_tag-animals","9":"first","10":"instock","11":"sold-individually","12":"taxable","13":"shipping-taxable","14":"purchasable","15":"product-type-variable"},"yoast_head":"<!-- This site is optimized with the Yoast SEO plugin v26.6 - https:\/\/yoast.com\/wordpress\/plugins\/seo\/ -->\n<title>Blanket - Dinosaurs world map pink background - B\u00e9b\u00e9 \u00d4 Chaud<\/title>\n<meta name=\"robots\" content=\"index, follow, max-snippet:-1, max-image-preview:large, max-video-preview:-1\" \/>\n<link rel=\"canonical\" href=\"https:\/\/bebeochaud.com\/produit\/couverture-carte-du-monde-dinosaures-fond-rose\/\" \/>\n<meta property=\"og:locale\" content=\"en_US\" \/>\n<meta property=\"og:type\" content=\"article\" \/>\n<meta property=\"og:title\" content=\"Blanket - Dinosaurs world map pink background - B\u00e9b\u00e9 \u00d4 Chaud\" \/>\n<meta property=\"og:description\" content=\"Composition : 100 % polyester  Maintenance : Can go to the washer and dryer  Fabrics : MINKY  Back : The color is at the tailor&#039;s choice, if you have any special request, write it down in the notes\" \/>\n<meta property=\"og:url\" content=\"https:\/\/bebeochaud.com\/produit\/couverture-carte-du-monde-dinosaures-fond-rose\/\" \/>\n<meta property=\"og:site_name\" content=\"B\u00e9b\u00e9 \u00d4 Chaud\" \/>\n<meta property=\"article:publisher\" content=\"https:\/\/www.facebook.com\/Bebe.O.Chaud\" \/>\n<meta property=\"article:modified_time\" content=\"2021-11-26T19:00:30+00:00\" \/>\n<meta property=\"og:image\" content=\"https:\/\/bebeochaud.com\/wp-content\/uploads\/2021\/11\/Carte_du_Monde_Dino_F_Lit.jpg\" \/>\n\t<meta property=\"og:image:width\" content=\"2000\" \/>\n\t<meta property=\"og:image:height\" content=\"1600\" \/>\n\t<meta property=\"og:image:type\" content=\"image\/jpeg\" \/>\n<meta name=\"twitter:card\" content=\"summary_large_image\" \/>\n<script type=\"application\/ld+json\" class=\"yoast-schema-graph\">{\"@context\":\"https:\/\/schema.org\",\"@graph\":[{\"@type\":\"WebPage\",\"@id\":\"https:\/\/bebeochaud.com\/produit\/couverture-carte-du-monde-dinosaures-fond-rose\/\",\"url\":\"https:\/\/bebeochaud.com\/produit\/couverture-carte-du-monde-dinosaures-fond-rose\/\",\"name\":\"Blanket - Dinosaurs world map pink background - B\u00e9b\u00e9 \u00d4 Chaud\",\"isPartOf\":{\"@id\":\"https:\/\/bebeochaud.com\/#website\"},\"primaryImageOfPage\":{\"@id\":\"https:\/\/bebeochaud.com\/produit\/couverture-carte-du-monde-dinosaures-fond-rose\/#primaryimage\"},\"image\":{\"@id\":\"https:\/\/bebeochaud.com\/produit\/couverture-carte-du-monde-dinosaures-fond-rose\/#primaryimage\"},\"thumbnailUrl\":\"https:\/\/bebeochaud.com\/wp-content\/uploads\/2021\/11\/Carte_du_Monde_Dino_F_Lit.jpg\",\"datePublished\":\"2021-11-25T18:53:26+00:00\",\"dateModified\":\"2021-11-26T19:00:30+00:00\",\"breadcrumb\":{\"@id\":\"https:\/\/bebeochaud.com\/produit\/couverture-carte-du-monde-dinosaures-fond-rose\/#breadcrumb\"},\"inLanguage\":\"en-US\",\"potentialAction\":[{\"@type\":\"ReadAction\",\"target\":[\"https:\/\/bebeochaud.com\/produit\/couverture-carte-du-monde-dinosaures-fond-rose\/\"]}]},{\"@type\":\"ImageObject\",\"inLanguage\":\"en-US\",\"@id\":\"https:\/\/bebeochaud.com\/produit\/couverture-carte-du-monde-dinosaures-fond-rose\/#primaryimage\",\"url\":\"https:\/\/bebeochaud.com\/wp-content\/uploads\/2021\/11\/Carte_du_Monde_Dino_F_Lit.jpg\",\"contentUrl\":\"https:\/\/bebeochaud.com\/wp-content\/uploads\/2021\/11\/Carte_du_Monde_Dino_F_Lit.jpg\",\"width\":2000,\"height\":1600},{\"@type\":\"BreadcrumbList\",\"@id\":\"https:\/\/bebeochaud.com\/produit\/couverture-carte-du-monde-dinosaures-fond-rose\/#breadcrumb\",\"itemListElement\":[{\"@type\":\"ListItem\",\"position\":1,\"name\":\"Accueil\",\"item\":\"https:\/\/bebeochaud.com\/en\/\"},{\"@type\":\"ListItem\",\"position\":2,\"name\":\"Shop\",\"item\":\"https:\/\/bebeochaud.com\/en\/shop\/\"},{\"@type\":\"ListItem\",\"position\":3,\"name\":\"Blanket &#8211; Dinosaurs world map pink background\"}]},{\"@type\":\"WebSite\",\"@id\":\"https:\/\/bebeochaud.com\/#website\",\"url\":\"https:\/\/bebeochaud.com\/\",\"name\":\"B\u00e9b\u00e9 \u00d4 Chaud\",\"description\":\"V\u00eatements et accessoires pour b\u00e9b\u00e9s\",\"publisher\":{\"@id\":\"https:\/\/bebeochaud.com\/#organization\"},\"potentialAction\":[{\"@type\":\"SearchAction\",\"target\":{\"@type\":\"EntryPoint\",\"urlTemplate\":\"https:\/\/bebeochaud.com\/?s={search_term_string}\"},\"query-input\":{\"@type\":\"PropertyValueSpecification\",\"valueRequired\":true,\"valueName\":\"search_term_string\"}}],\"inLanguage\":\"en-US\"},{\"@type\":\"Organization\",\"@id\":\"https:\/\/bebeochaud.com\/#organization\",\"name\":\"B\u00e9b\u00e9 \u00f4 Chaud\",\"url\":\"https:\/\/bebeochaud.com\/\",\"logo\":{\"@type\":\"ImageObject\",\"inLanguage\":\"en-US\",\"@id\":\"https:\/\/bebeochaud.com\/#\/schema\/logo\/image\/\",\"url\":\"https:\/\/bebeochaud.com\/wp-content\/uploads\/2021\/06\/logo-noir-gris-carre.png\",\"contentUrl\":\"https:\/\/bebeochaud.com\/wp-content\/uploads\/2021\/06\/logo-noir-gris-carre.png\",\"width\":358,\"height\":277,\"caption\":\"B\u00e9b\u00e9 \u00f4 Chaud\"},\"image\":{\"@id\":\"https:\/\/bebeochaud.com\/#\/schema\/logo\/image\/\"},\"sameAs\":[\"https:\/\/www.facebook.com\/Bebe.O.Chaud\"]}]}<\/script>\n<!-- \/ Yoast SEO plugin. -->","yoast_head_json":{"title":"Blanket - Dinosaurs world map pink background - B\u00e9b\u00e9 \u00d4 Chaud","robots":{"index":"index","follow":"follow","max-snippet":"max-snippet:-1","max-image-preview":"max-image-preview:large","max-video-preview":"max-video-preview:-1"},"canonical":"https:\/\/bebeochaud.com\/produit\/couverture-carte-du-monde-dinosaures-fond-rose\/","og_locale":"en_US","og_type":"article","og_title":"Blanket - Dinosaurs world map pink background - B\u00e9b\u00e9 \u00d4 Chaud","og_description":"Composition : 100 % polyester  Maintenance : Can go to the washer and dryer  Fabrics : MINKY  Back : The color is at the tailor's choice, if you have any special request, write it down in the notes","og_url":"https:\/\/bebeochaud.com\/produit\/couverture-carte-du-monde-dinosaures-fond-rose\/","og_site_name":"B\u00e9b\u00e9 \u00d4 Chaud","article_publisher":"https:\/\/www.facebook.com\/Bebe.O.Chaud","article_modified_time":"2021-11-26T19:00:30+00:00","og_image":[{"width":2000,"height":1600,"url":"https:\/\/bebeochaud.com\/wp-content\/uploads\/2021\/11\/Carte_du_Monde_Dino_F_Lit.jpg","type":"image\/jpeg"}],"twitter_card":"summary_large_image","schema":{"@context":"https:\/\/schema.org","@graph":[{"@type":"WebPage","@id":"https:\/\/bebeochaud.com\/produit\/couverture-carte-du-monde-dinosaures-fond-rose\/","url":"https:\/\/bebeochaud.com\/produit\/couverture-carte-du-monde-dinosaures-fond-rose\/","name":"Blanket - Dinosaurs world map pink background - B\u00e9b\u00e9 \u00d4 Chaud","isPartOf":{"@id":"https:\/\/bebeochaud.com\/#website"},"primaryImageOfPage":{"@id":"https:\/\/bebeochaud.com\/produit\/couverture-carte-du-monde-dinosaures-fond-rose\/#primaryimage"},"image":{"@id":"https:\/\/bebeochaud.com\/produit\/couverture-carte-du-monde-dinosaures-fond-rose\/#primaryimage"},"thumbnailUrl":"https:\/\/bebeochaud.com\/wp-content\/uploads\/2021\/11\/Carte_du_Monde_Dino_F_Lit.jpg","datePublished":"2021-11-25T18:53:26+00:00","dateModified":"2021-11-26T19:00:30+00:00","breadcrumb":{"@id":"https:\/\/bebeochaud.com\/produit\/couverture-carte-du-monde-dinosaures-fond-rose\/#breadcrumb"},"inLanguage":"en-US","potentialAction":[{"@type":"ReadAction","target":["https:\/\/bebeochaud.com\/produit\/couverture-carte-du-monde-dinosaures-fond-rose\/"]}]},{"@type":"ImageObject","inLanguage":"en-US","@id":"https:\/\/bebeochaud.com\/produit\/couverture-carte-du-monde-dinosaures-fond-rose\/#primaryimage","url":"https:\/\/bebeochaud.com\/wp-content\/uploads\/2021\/11\/Carte_du_Monde_Dino_F_Lit.jpg","contentUrl":"https:\/\/bebeochaud.com\/wp-content\/uploads\/2021\/11\/Carte_du_Monde_Dino_F_Lit.jpg","width":2000,"height":1600},{"@type":"BreadcrumbList","@id":"https:\/\/bebeochaud.com\/produit\/couverture-carte-du-monde-dinosaures-fond-rose\/#breadcrumb","itemListElement":[{"@type":"ListItem","position":1,"name":"Accueil","item":"https:\/\/bebeochaud.com\/en\/"},{"@type":"ListItem","position":2,"name":"Shop","item":"https:\/\/bebeochaud.com\/en\/shop\/"},{"@type":"ListItem","position":3,"name":"Blanket &#8211; Dinosaurs world map pink background"}]},{"@type":"WebSite","@id":"https:\/\/bebeochaud.com\/#website","url":"https:\/\/bebeochaud.com\/","name":"B\u00e9b\u00e9 \u00d4 Chaud","description":"V\u00eatements et accessoires pour b\u00e9b\u00e9s","publisher":{"@id":"https:\/\/bebeochaud.com\/#organization"},"potentialAction":[{"@type":"SearchAction","target":{"@type":"EntryPoint","urlTemplate":"https:\/\/bebeochaud.com\/?s={search_term_string}"},"query-input":{"@type":"PropertyValueSpecification","valueRequired":true,"valueName":"search_term_string"}}],"inLanguage":"en-US"},{"@type":"Organization","@id":"https:\/\/bebeochaud.com\/#organization","name":"B\u00e9b\u00e9 \u00f4 Chaud","url":"https:\/\/bebeochaud.com\/","logo":{"@type":"ImageObject","inLanguage":"en-US","@id":"https:\/\/bebeochaud.com\/#\/schema\/logo\/image\/","url":"https:\/\/bebeochaud.com\/wp-content\/uploads\/2021\/06\/logo-noir-gris-carre.png","contentUrl":"https:\/\/bebeochaud.com\/wp-content\/uploads\/2021\/06\/logo-noir-gris-carre.png","width":358,"height":277,"caption":"B\u00e9b\u00e9 \u00f4 Chaud"},"image":{"@id":"https:\/\/bebeochaud.com\/#\/schema\/logo\/image\/"},"sameAs":["https:\/\/www.facebook.com\/Bebe.O.Chaud"]}]}},"_links":{"self":[{"href":"https:\/\/bebeochaud.com\/en\/wp-json\/wp\/v2\/product\/55281","targetHints":{"allow":["GET"]}}],"collection":[{"href":"https:\/\/bebeochaud.com\/en\/wp-json\/wp\/v2\/product"}],"about":[{"href":"https:\/\/bebeochaud.com\/en\/wp-json\/wp\/v2\/types\/product"}],"replies":[{"embeddable":true,"href":"https:\/\/bebeochaud.com\/en\/wp-json\/wp\/v2\/comments?post=55281"}],"wp:featuredmedia":[{"embeddable":true,"href":"https:\/\/bebeochaud.com\/en\/wp-json\/wp\/v2\/media\/55299"}],"wp:attachment":[{"href":"https:\/\/bebeochaud.com\/en\/wp-json\/wp\/v2\/media?parent=55281"}],"wp:term":[{"taxonomy":"product_brand","embeddable":true,"href":"https:\/\/bebeochaud.com\/en\/wp-json\/wp\/v2\/product_brand?post=55281"},{"taxonomy":"product_cat","embeddable":true,"href":"https:\/\/bebeochaud.com\/en\/wp-json\/wp\/v2\/product_cat?post=55281"},{"taxonomy":"product_tag","embeddable":true,"href":"https:\/\/bebeochaud.com\/en\/wp-json\/wp\/v2\/product_tag?post=55281"}],"curies":[{"name":"wp","href":"https:\/\/api.w.org\/{rel}","templated":true}]}}