{"id":4546,"date":"2018-09-11T13:05:00","date_gmt":"2018-09-11T13:05:06","guid":{"rendered":"https:\/\/tempo.bebeochaud.com\/?post_type=product&#038;p=4546"},"modified":"2022-09-16T11:01:15","modified_gmt":"2022-09-16T16:01:15","slug":"velcro-slippers-pink-watercolor","status":"publish","type":"product","link":"https:\/\/bebeochaud.com\/en\/produit\/velcro-slippers-pink-watercolor\/","title":{"rendered":"Velcro slippers &#8211; Pink Watercolor"},"content":{"rendered":"<p>Look no further, here they are! Featuring an elasticized ankle, B\u00e9b\u00e9 \u00d4 Chaud slippers offer babies and children a snug, safe fit. Soft, warm and comfy, they also feature a Velcro closure that provides versatility for any activity, any time of the day.<br \/>\nWith flat soles for baby sizes. Non-slip from size 6-9 months, to follow your toddler&#8217;s motor development. A well-designed and durable product that keeps the feet of little brothers and sisters warm.<\/p>\n","protected":false},"excerpt":{"rendered":"<p><em>From size 6-9 months, B\u00e9b\u00e9 \u00d4 Chaud slippers come with a soft suede synthetic sole.<\/em><\/p>\n<p><strong>Composition:<\/strong><\/p>\n<p>0-3 et 3-6 months : 100% polyester<\/p>\n<p>6-9 months \u00e0 36-48 months : Outside 100% polyester &#8211; Sole 60% nylon 40% polyurethane<\/p>\n<p><strong> Maintenance :<\/strong> Machine washable. Machine dry or lay dry for synthetic suede soles<\/p>\n","protected":false},"featured_media":5129,"comment_status":"open","ping_status":"closed","template":"","meta":[],"product_brand":[],"product_cat":[173,362],"product_tag":[],"class_list":{"0":"post-4546","1":"product","2":"type-product","3":"status-publish","4":"has-post-thumbnail","6":"product_cat-velcro-slippers","7":"product_cat-autumn-2018","9":"first","10":"outofstock","11":"taxable","12":"shipping-taxable","13":"product-type-variable"},"yoast_head":"<!-- This site is optimized with the Yoast SEO plugin v26.6 - https:\/\/yoast.com\/wordpress\/plugins\/seo\/ -->\n<title>Velcro slippers - Pink Watercolor - B\u00e9b\u00e9 \u00d4 Chaud<\/title>\n<meta name=\"robots\" content=\"index, follow, max-snippet:-1, max-image-preview:large, max-video-preview:-1\" \/>\n<link rel=\"canonical\" href=\"https:\/\/bebeochaud.com\/en\/produit\/velcro-slippers-pink-watercolor\/\" \/>\n<meta property=\"og:locale\" content=\"en_US\" \/>\n<meta property=\"og:type\" content=\"article\" \/>\n<meta property=\"og:title\" content=\"Velcro slippers - Pink Watercolor - B\u00e9b\u00e9 \u00d4 Chaud\" \/>\n<meta property=\"og:description\" content=\"From size 6-9 months, B\u00e9b\u00e9 \u00d4 Chaud slippers come with a soft suede synthetic sole.  Composition:  0-3 et 3-6 months : 100% polyester  6-9 months \u00e0 36-48 months : Outside 100% polyester - Sole 60% nylon 40% polyurethane   Maintenance : Machine washable. Machine dry or lay dry for synthetic suede soles\" \/>\n<meta property=\"og:url\" content=\"https:\/\/bebeochaud.com\/en\/produit\/velcro-slippers-pink-watercolor\/\" \/>\n<meta property=\"og:site_name\" content=\"B\u00e9b\u00e9 \u00d4 Chaud\" \/>\n<meta property=\"article:publisher\" content=\"https:\/\/www.facebook.com\/Bebe.O.Chaud\" \/>\n<meta property=\"article:modified_time\" content=\"2022-09-16T16:01:15+00:00\" \/>\n<meta property=\"og:image\" content=\"https:\/\/bebeochaud.com\/wp-content\/uploads\/2018\/09\/haaa.jpg\" \/>\n\t<meta property=\"og:image:width\" content=\"640\" \/>\n\t<meta property=\"og:image:height\" content=\"960\" \/>\n\t<meta property=\"og:image:type\" content=\"image\/jpeg\" \/>\n<meta name=\"twitter:card\" content=\"summary_large_image\" \/>\n<script type=\"application\/ld+json\" class=\"yoast-schema-graph\">{\"@context\":\"https:\/\/schema.org\",\"@graph\":[{\"@type\":\"WebPage\",\"@id\":\"https:\/\/bebeochaud.com\/en\/produit\/velcro-slippers-pink-watercolor\/\",\"url\":\"https:\/\/bebeochaud.com\/en\/produit\/velcro-slippers-pink-watercolor\/\",\"name\":\"Velcro slippers - Pink Watercolor - B\u00e9b\u00e9 \u00d4 Chaud\",\"isPartOf\":{\"@id\":\"https:\/\/bebeochaud.com\/#website\"},\"primaryImageOfPage\":{\"@id\":\"https:\/\/bebeochaud.com\/en\/produit\/velcro-slippers-pink-watercolor\/#primaryimage\"},\"image\":{\"@id\":\"https:\/\/bebeochaud.com\/en\/produit\/velcro-slippers-pink-watercolor\/#primaryimage\"},\"thumbnailUrl\":\"https:\/\/bebeochaud.com\/wp-content\/uploads\/2018\/09\/haaa.jpg\",\"datePublished\":\"2018-09-11T13:05:06+00:00\",\"dateModified\":\"2022-09-16T16:01:15+00:00\",\"breadcrumb\":{\"@id\":\"https:\/\/bebeochaud.com\/en\/produit\/velcro-slippers-pink-watercolor\/#breadcrumb\"},\"inLanguage\":\"en-US\",\"potentialAction\":[{\"@type\":\"ReadAction\",\"target\":[\"https:\/\/bebeochaud.com\/en\/produit\/velcro-slippers-pink-watercolor\/\"]}]},{\"@type\":\"ImageObject\",\"inLanguage\":\"en-US\",\"@id\":\"https:\/\/bebeochaud.com\/en\/produit\/velcro-slippers-pink-watercolor\/#primaryimage\",\"url\":\"https:\/\/bebeochaud.com\/wp-content\/uploads\/2018\/09\/haaa.jpg\",\"contentUrl\":\"https:\/\/bebeochaud.com\/wp-content\/uploads\/2018\/09\/haaa.jpg\",\"width\":640,\"height\":960},{\"@type\":\"BreadcrumbList\",\"@id\":\"https:\/\/bebeochaud.com\/en\/produit\/velcro-slippers-pink-watercolor\/#breadcrumb\",\"itemListElement\":[{\"@type\":\"ListItem\",\"position\":1,\"name\":\"Accueil\",\"item\":\"https:\/\/bebeochaud.com\/en\/\"},{\"@type\":\"ListItem\",\"position\":2,\"name\":\"Shop\",\"item\":\"https:\/\/bebeochaud.com\/en\/shop\/\"},{\"@type\":\"ListItem\",\"position\":3,\"name\":\"Velcro slippers &#8211; Pink Watercolor\"}]},{\"@type\":\"WebSite\",\"@id\":\"https:\/\/bebeochaud.com\/#website\",\"url\":\"https:\/\/bebeochaud.com\/\",\"name\":\"B\u00e9b\u00e9 \u00d4 Chaud\",\"description\":\"V\u00eatements et accessoires pour b\u00e9b\u00e9s\",\"publisher\":{\"@id\":\"https:\/\/bebeochaud.com\/#organization\"},\"potentialAction\":[{\"@type\":\"SearchAction\",\"target\":{\"@type\":\"EntryPoint\",\"urlTemplate\":\"https:\/\/bebeochaud.com\/?s={search_term_string}\"},\"query-input\":{\"@type\":\"PropertyValueSpecification\",\"valueRequired\":true,\"valueName\":\"search_term_string\"}}],\"inLanguage\":\"en-US\"},{\"@type\":\"Organization\",\"@id\":\"https:\/\/bebeochaud.com\/#organization\",\"name\":\"B\u00e9b\u00e9 \u00f4 Chaud\",\"url\":\"https:\/\/bebeochaud.com\/\",\"logo\":{\"@type\":\"ImageObject\",\"inLanguage\":\"en-US\",\"@id\":\"https:\/\/bebeochaud.com\/#\/schema\/logo\/image\/\",\"url\":\"https:\/\/bebeochaud.com\/wp-content\/uploads\/2021\/06\/logo-noir-gris-carre.png\",\"contentUrl\":\"https:\/\/bebeochaud.com\/wp-content\/uploads\/2021\/06\/logo-noir-gris-carre.png\",\"width\":358,\"height\":277,\"caption\":\"B\u00e9b\u00e9 \u00f4 Chaud\"},\"image\":{\"@id\":\"https:\/\/bebeochaud.com\/#\/schema\/logo\/image\/\"},\"sameAs\":[\"https:\/\/www.facebook.com\/Bebe.O.Chaud\"]}]}<\/script>\n<!-- \/ Yoast SEO plugin. -->","yoast_head_json":{"title":"Velcro slippers - Pink Watercolor - B\u00e9b\u00e9 \u00d4 Chaud","robots":{"index":"index","follow":"follow","max-snippet":"max-snippet:-1","max-image-preview":"max-image-preview:large","max-video-preview":"max-video-preview:-1"},"canonical":"https:\/\/bebeochaud.com\/en\/produit\/velcro-slippers-pink-watercolor\/","og_locale":"en_US","og_type":"article","og_title":"Velcro slippers - Pink Watercolor - B\u00e9b\u00e9 \u00d4 Chaud","og_description":"From size 6-9 months, B\u00e9b\u00e9 \u00d4 Chaud slippers come with a soft suede synthetic sole.  Composition:  0-3 et 3-6 months : 100% polyester  6-9 months \u00e0 36-48 months : Outside 100% polyester - Sole 60% nylon 40% polyurethane   Maintenance : Machine washable. Machine dry or lay dry for synthetic suede soles","og_url":"https:\/\/bebeochaud.com\/en\/produit\/velcro-slippers-pink-watercolor\/","og_site_name":"B\u00e9b\u00e9 \u00d4 Chaud","article_publisher":"https:\/\/www.facebook.com\/Bebe.O.Chaud","article_modified_time":"2022-09-16T16:01:15+00:00","og_image":[{"width":640,"height":960,"url":"https:\/\/bebeochaud.com\/wp-content\/uploads\/2018\/09\/haaa.jpg","type":"image\/jpeg"}],"twitter_card":"summary_large_image","schema":{"@context":"https:\/\/schema.org","@graph":[{"@type":"WebPage","@id":"https:\/\/bebeochaud.com\/en\/produit\/velcro-slippers-pink-watercolor\/","url":"https:\/\/bebeochaud.com\/en\/produit\/velcro-slippers-pink-watercolor\/","name":"Velcro slippers - Pink Watercolor - B\u00e9b\u00e9 \u00d4 Chaud","isPartOf":{"@id":"https:\/\/bebeochaud.com\/#website"},"primaryImageOfPage":{"@id":"https:\/\/bebeochaud.com\/en\/produit\/velcro-slippers-pink-watercolor\/#primaryimage"},"image":{"@id":"https:\/\/bebeochaud.com\/en\/produit\/velcro-slippers-pink-watercolor\/#primaryimage"},"thumbnailUrl":"https:\/\/bebeochaud.com\/wp-content\/uploads\/2018\/09\/haaa.jpg","datePublished":"2018-09-11T13:05:06+00:00","dateModified":"2022-09-16T16:01:15+00:00","breadcrumb":{"@id":"https:\/\/bebeochaud.com\/en\/produit\/velcro-slippers-pink-watercolor\/#breadcrumb"},"inLanguage":"en-US","potentialAction":[{"@type":"ReadAction","target":["https:\/\/bebeochaud.com\/en\/produit\/velcro-slippers-pink-watercolor\/"]}]},{"@type":"ImageObject","inLanguage":"en-US","@id":"https:\/\/bebeochaud.com\/en\/produit\/velcro-slippers-pink-watercolor\/#primaryimage","url":"https:\/\/bebeochaud.com\/wp-content\/uploads\/2018\/09\/haaa.jpg","contentUrl":"https:\/\/bebeochaud.com\/wp-content\/uploads\/2018\/09\/haaa.jpg","width":640,"height":960},{"@type":"BreadcrumbList","@id":"https:\/\/bebeochaud.com\/en\/produit\/velcro-slippers-pink-watercolor\/#breadcrumb","itemListElement":[{"@type":"ListItem","position":1,"name":"Accueil","item":"https:\/\/bebeochaud.com\/en\/"},{"@type":"ListItem","position":2,"name":"Shop","item":"https:\/\/bebeochaud.com\/en\/shop\/"},{"@type":"ListItem","position":3,"name":"Velcro slippers &#8211; Pink Watercolor"}]},{"@type":"WebSite","@id":"https:\/\/bebeochaud.com\/#website","url":"https:\/\/bebeochaud.com\/","name":"B\u00e9b\u00e9 \u00d4 Chaud","description":"V\u00eatements et accessoires pour b\u00e9b\u00e9s","publisher":{"@id":"https:\/\/bebeochaud.com\/#organization"},"potentialAction":[{"@type":"SearchAction","target":{"@type":"EntryPoint","urlTemplate":"https:\/\/bebeochaud.com\/?s={search_term_string}"},"query-input":{"@type":"PropertyValueSpecification","valueRequired":true,"valueName":"search_term_string"}}],"inLanguage":"en-US"},{"@type":"Organization","@id":"https:\/\/bebeochaud.com\/#organization","name":"B\u00e9b\u00e9 \u00f4 Chaud","url":"https:\/\/bebeochaud.com\/","logo":{"@type":"ImageObject","inLanguage":"en-US","@id":"https:\/\/bebeochaud.com\/#\/schema\/logo\/image\/","url":"https:\/\/bebeochaud.com\/wp-content\/uploads\/2021\/06\/logo-noir-gris-carre.png","contentUrl":"https:\/\/bebeochaud.com\/wp-content\/uploads\/2021\/06\/logo-noir-gris-carre.png","width":358,"height":277,"caption":"B\u00e9b\u00e9 \u00f4 Chaud"},"image":{"@id":"https:\/\/bebeochaud.com\/#\/schema\/logo\/image\/"},"sameAs":["https:\/\/www.facebook.com\/Bebe.O.Chaud"]}]}},"_links":{"self":[{"href":"https:\/\/bebeochaud.com\/en\/wp-json\/wp\/v2\/product\/4546","targetHints":{"allow":["GET"]}}],"collection":[{"href":"https:\/\/bebeochaud.com\/en\/wp-json\/wp\/v2\/product"}],"about":[{"href":"https:\/\/bebeochaud.com\/en\/wp-json\/wp\/v2\/types\/product"}],"replies":[{"embeddable":true,"href":"https:\/\/bebeochaud.com\/en\/wp-json\/wp\/v2\/comments?post=4546"}],"wp:featuredmedia":[{"embeddable":true,"href":"https:\/\/bebeochaud.com\/en\/wp-json\/wp\/v2\/media\/5129"}],"wp:attachment":[{"href":"https:\/\/bebeochaud.com\/en\/wp-json\/wp\/v2\/media?parent=4546"}],"wp:term":[{"taxonomy":"product_brand","embeddable":true,"href":"https:\/\/bebeochaud.com\/en\/wp-json\/wp\/v2\/product_brand?post=4546"},{"taxonomy":"product_cat","embeddable":true,"href":"https:\/\/bebeochaud.com\/en\/wp-json\/wp\/v2\/product_cat?post=4546"},{"taxonomy":"product_tag","embeddable":true,"href":"https:\/\/bebeochaud.com\/en\/wp-json\/wp\/v2\/product_tag?post=4546"}],"curies":[{"name":"wp","href":"https:\/\/api.w.org\/{rel}","templated":true}]}}