{"id":3690,"date":"2018-09-04T16:46:18","date_gmt":"2018-09-04T16:46:20","guid":{"rendered":"https:\/\/tempo.bebeochaud.com\/?post_type=product&#038;p=3690"},"modified":"2020-10-07T15:33:09","modified_gmt":"2020-10-07T20:33:09","slug":"blanket-blue-cloud","status":"publish","type":"product","link":"https:\/\/bebeochaud.com\/en\/produit\/blanket-blue-cloud\/","title":{"rendered":"Blanket &#8211; Blue Cloud"},"content":{"rendered":"<p>Unique and special, keeps your baby comfy while sleeping or playing while capturing their imagination.<\/p>\n","protected":false},"excerpt":{"rendered":"<p><strong>Composition :<\/strong> 100 % polyester<\/p>\n<p><strong>Maintenance :<\/strong> Can go to the washer and dryer<\/p>\n","protected":false},"featured_media":5161,"comment_status":"open","ping_status":"closed","template":"","meta":[],"product_brand":[],"product_cat":[202,175,162],"product_tag":[],"class_list":{"0":"post-3690","1":"product","2":"type-product","3":"status-publish","4":"has-post-thumbnail","6":"product_cat-promotion-active-en","7":"product_cat-plain-blanket","8":"product_cat-embroidery","10":"first","11":"outofstock","12":"taxable","13":"shipping-taxable","14":"product-type-variable"},"yoast_head":"<!-- This site is optimized with the Yoast SEO plugin v26.6 - https:\/\/yoast.com\/wordpress\/plugins\/seo\/ -->\n<title>Blanket - Blue Cloud - B\u00e9b\u00e9 \u00d4 Chaud<\/title>\n<meta name=\"robots\" content=\"index, follow, max-snippet:-1, max-image-preview:large, max-video-preview:-1\" \/>\n<link rel=\"canonical\" href=\"https:\/\/bebeochaud.com\/en\/produit\/blanket-blue-cloud\/\" \/>\n<meta property=\"og:locale\" content=\"en_US\" \/>\n<meta property=\"og:type\" content=\"article\" \/>\n<meta property=\"og:title\" content=\"Blanket - Blue Cloud - B\u00e9b\u00e9 \u00d4 Chaud\" \/>\n<meta property=\"og:description\" content=\"Composition : 100 % polyester  Maintenance : Can go to the washer and dryer\" \/>\n<meta property=\"og:url\" content=\"https:\/\/bebeochaud.com\/en\/produit\/blanket-blue-cloud\/\" \/>\n<meta property=\"og:site_name\" content=\"B\u00e9b\u00e9 \u00d4 Chaud\" \/>\n<meta property=\"article:publisher\" content=\"https:\/\/www.facebook.com\/Bebe.O.Chaud\" \/>\n<meta property=\"article:modified_time\" content=\"2020-10-07T20:33:09+00:00\" \/>\n<meta property=\"og:image\" content=\"https:\/\/bebeochaud.com\/wp-content\/uploads\/2018\/09\/nuage_blue_couv.jpg\" \/>\n\t<meta property=\"og:image:width\" content=\"640\" \/>\n\t<meta property=\"og:image:height\" content=\"960\" \/>\n\t<meta property=\"og:image:type\" content=\"image\/jpeg\" \/>\n<meta name=\"twitter:card\" content=\"summary_large_image\" \/>\n<script type=\"application\/ld+json\" class=\"yoast-schema-graph\">{\"@context\":\"https:\/\/schema.org\",\"@graph\":[{\"@type\":\"WebPage\",\"@id\":\"https:\/\/bebeochaud.com\/en\/produit\/blanket-blue-cloud\/\",\"url\":\"https:\/\/bebeochaud.com\/en\/produit\/blanket-blue-cloud\/\",\"name\":\"Blanket - Blue Cloud - B\u00e9b\u00e9 \u00d4 Chaud\",\"isPartOf\":{\"@id\":\"https:\/\/bebeochaud.com\/#website\"},\"primaryImageOfPage\":{\"@id\":\"https:\/\/bebeochaud.com\/en\/produit\/blanket-blue-cloud\/#primaryimage\"},\"image\":{\"@id\":\"https:\/\/bebeochaud.com\/en\/produit\/blanket-blue-cloud\/#primaryimage\"},\"thumbnailUrl\":\"https:\/\/bebeochaud.com\/wp-content\/uploads\/2018\/09\/nuage_blue_couv.jpg\",\"datePublished\":\"2018-09-04T16:46:20+00:00\",\"dateModified\":\"2020-10-07T20:33:09+00:00\",\"breadcrumb\":{\"@id\":\"https:\/\/bebeochaud.com\/en\/produit\/blanket-blue-cloud\/#breadcrumb\"},\"inLanguage\":\"en-US\",\"potentialAction\":[{\"@type\":\"ReadAction\",\"target\":[\"https:\/\/bebeochaud.com\/en\/produit\/blanket-blue-cloud\/\"]}]},{\"@type\":\"ImageObject\",\"inLanguage\":\"en-US\",\"@id\":\"https:\/\/bebeochaud.com\/en\/produit\/blanket-blue-cloud\/#primaryimage\",\"url\":\"https:\/\/bebeochaud.com\/wp-content\/uploads\/2018\/09\/nuage_blue_couv.jpg\",\"contentUrl\":\"https:\/\/bebeochaud.com\/wp-content\/uploads\/2018\/09\/nuage_blue_couv.jpg\",\"width\":640,\"height\":960},{\"@type\":\"BreadcrumbList\",\"@id\":\"https:\/\/bebeochaud.com\/en\/produit\/blanket-blue-cloud\/#breadcrumb\",\"itemListElement\":[{\"@type\":\"ListItem\",\"position\":1,\"name\":\"Accueil\",\"item\":\"https:\/\/bebeochaud.com\/en\/\"},{\"@type\":\"ListItem\",\"position\":2,\"name\":\"Shop\",\"item\":\"https:\/\/bebeochaud.com\/en\/shop\/\"},{\"@type\":\"ListItem\",\"position\":3,\"name\":\"Blanket &#8211; Blue Cloud\"}]},{\"@type\":\"WebSite\",\"@id\":\"https:\/\/bebeochaud.com\/#website\",\"url\":\"https:\/\/bebeochaud.com\/\",\"name\":\"B\u00e9b\u00e9 \u00d4 Chaud\",\"description\":\"V\u00eatements et accessoires pour b\u00e9b\u00e9s\",\"publisher\":{\"@id\":\"https:\/\/bebeochaud.com\/#organization\"},\"potentialAction\":[{\"@type\":\"SearchAction\",\"target\":{\"@type\":\"EntryPoint\",\"urlTemplate\":\"https:\/\/bebeochaud.com\/?s={search_term_string}\"},\"query-input\":{\"@type\":\"PropertyValueSpecification\",\"valueRequired\":true,\"valueName\":\"search_term_string\"}}],\"inLanguage\":\"en-US\"},{\"@type\":\"Organization\",\"@id\":\"https:\/\/bebeochaud.com\/#organization\",\"name\":\"B\u00e9b\u00e9 \u00f4 Chaud\",\"url\":\"https:\/\/bebeochaud.com\/\",\"logo\":{\"@type\":\"ImageObject\",\"inLanguage\":\"en-US\",\"@id\":\"https:\/\/bebeochaud.com\/#\/schema\/logo\/image\/\",\"url\":\"https:\/\/bebeochaud.com\/wp-content\/uploads\/2021\/06\/logo-noir-gris-carre.png\",\"contentUrl\":\"https:\/\/bebeochaud.com\/wp-content\/uploads\/2021\/06\/logo-noir-gris-carre.png\",\"width\":358,\"height\":277,\"caption\":\"B\u00e9b\u00e9 \u00f4 Chaud\"},\"image\":{\"@id\":\"https:\/\/bebeochaud.com\/#\/schema\/logo\/image\/\"},\"sameAs\":[\"https:\/\/www.facebook.com\/Bebe.O.Chaud\"]}]}<\/script>\n<!-- \/ Yoast SEO plugin. -->","yoast_head_json":{"title":"Blanket - Blue Cloud - B\u00e9b\u00e9 \u00d4 Chaud","robots":{"index":"index","follow":"follow","max-snippet":"max-snippet:-1","max-image-preview":"max-image-preview:large","max-video-preview":"max-video-preview:-1"},"canonical":"https:\/\/bebeochaud.com\/en\/produit\/blanket-blue-cloud\/","og_locale":"en_US","og_type":"article","og_title":"Blanket - Blue Cloud - B\u00e9b\u00e9 \u00d4 Chaud","og_description":"Composition : 100 % polyester  Maintenance : Can go to the washer and dryer","og_url":"https:\/\/bebeochaud.com\/en\/produit\/blanket-blue-cloud\/","og_site_name":"B\u00e9b\u00e9 \u00d4 Chaud","article_publisher":"https:\/\/www.facebook.com\/Bebe.O.Chaud","article_modified_time":"2020-10-07T20:33:09+00:00","og_image":[{"width":640,"height":960,"url":"https:\/\/bebeochaud.com\/wp-content\/uploads\/2018\/09\/nuage_blue_couv.jpg","type":"image\/jpeg"}],"twitter_card":"summary_large_image","schema":{"@context":"https:\/\/schema.org","@graph":[{"@type":"WebPage","@id":"https:\/\/bebeochaud.com\/en\/produit\/blanket-blue-cloud\/","url":"https:\/\/bebeochaud.com\/en\/produit\/blanket-blue-cloud\/","name":"Blanket - Blue Cloud - B\u00e9b\u00e9 \u00d4 Chaud","isPartOf":{"@id":"https:\/\/bebeochaud.com\/#website"},"primaryImageOfPage":{"@id":"https:\/\/bebeochaud.com\/en\/produit\/blanket-blue-cloud\/#primaryimage"},"image":{"@id":"https:\/\/bebeochaud.com\/en\/produit\/blanket-blue-cloud\/#primaryimage"},"thumbnailUrl":"https:\/\/bebeochaud.com\/wp-content\/uploads\/2018\/09\/nuage_blue_couv.jpg","datePublished":"2018-09-04T16:46:20+00:00","dateModified":"2020-10-07T20:33:09+00:00","breadcrumb":{"@id":"https:\/\/bebeochaud.com\/en\/produit\/blanket-blue-cloud\/#breadcrumb"},"inLanguage":"en-US","potentialAction":[{"@type":"ReadAction","target":["https:\/\/bebeochaud.com\/en\/produit\/blanket-blue-cloud\/"]}]},{"@type":"ImageObject","inLanguage":"en-US","@id":"https:\/\/bebeochaud.com\/en\/produit\/blanket-blue-cloud\/#primaryimage","url":"https:\/\/bebeochaud.com\/wp-content\/uploads\/2018\/09\/nuage_blue_couv.jpg","contentUrl":"https:\/\/bebeochaud.com\/wp-content\/uploads\/2018\/09\/nuage_blue_couv.jpg","width":640,"height":960},{"@type":"BreadcrumbList","@id":"https:\/\/bebeochaud.com\/en\/produit\/blanket-blue-cloud\/#breadcrumb","itemListElement":[{"@type":"ListItem","position":1,"name":"Accueil","item":"https:\/\/bebeochaud.com\/en\/"},{"@type":"ListItem","position":2,"name":"Shop","item":"https:\/\/bebeochaud.com\/en\/shop\/"},{"@type":"ListItem","position":3,"name":"Blanket &#8211; Blue Cloud"}]},{"@type":"WebSite","@id":"https:\/\/bebeochaud.com\/#website","url":"https:\/\/bebeochaud.com\/","name":"B\u00e9b\u00e9 \u00d4 Chaud","description":"V\u00eatements et accessoires pour b\u00e9b\u00e9s","publisher":{"@id":"https:\/\/bebeochaud.com\/#organization"},"potentialAction":[{"@type":"SearchAction","target":{"@type":"EntryPoint","urlTemplate":"https:\/\/bebeochaud.com\/?s={search_term_string}"},"query-input":{"@type":"PropertyValueSpecification","valueRequired":true,"valueName":"search_term_string"}}],"inLanguage":"en-US"},{"@type":"Organization","@id":"https:\/\/bebeochaud.com\/#organization","name":"B\u00e9b\u00e9 \u00f4 Chaud","url":"https:\/\/bebeochaud.com\/","logo":{"@type":"ImageObject","inLanguage":"en-US","@id":"https:\/\/bebeochaud.com\/#\/schema\/logo\/image\/","url":"https:\/\/bebeochaud.com\/wp-content\/uploads\/2021\/06\/logo-noir-gris-carre.png","contentUrl":"https:\/\/bebeochaud.com\/wp-content\/uploads\/2021\/06\/logo-noir-gris-carre.png","width":358,"height":277,"caption":"B\u00e9b\u00e9 \u00f4 Chaud"},"image":{"@id":"https:\/\/bebeochaud.com\/#\/schema\/logo\/image\/"},"sameAs":["https:\/\/www.facebook.com\/Bebe.O.Chaud"]}]}},"_links":{"self":[{"href":"https:\/\/bebeochaud.com\/en\/wp-json\/wp\/v2\/product\/3690","targetHints":{"allow":["GET"]}}],"collection":[{"href":"https:\/\/bebeochaud.com\/en\/wp-json\/wp\/v2\/product"}],"about":[{"href":"https:\/\/bebeochaud.com\/en\/wp-json\/wp\/v2\/types\/product"}],"replies":[{"embeddable":true,"href":"https:\/\/bebeochaud.com\/en\/wp-json\/wp\/v2\/comments?post=3690"}],"wp:featuredmedia":[{"embeddable":true,"href":"https:\/\/bebeochaud.com\/en\/wp-json\/wp\/v2\/media\/5161"}],"wp:attachment":[{"href":"https:\/\/bebeochaud.com\/en\/wp-json\/wp\/v2\/media?parent=3690"}],"wp:term":[{"taxonomy":"product_brand","embeddable":true,"href":"https:\/\/bebeochaud.com\/en\/wp-json\/wp\/v2\/product_brand?post=3690"},{"taxonomy":"product_cat","embeddable":true,"href":"https:\/\/bebeochaud.com\/en\/wp-json\/wp\/v2\/product_cat?post=3690"},{"taxonomy":"product_tag","embeddable":true,"href":"https:\/\/bebeochaud.com\/en\/wp-json\/wp\/v2\/product_tag?post=3690"}],"curies":[{"name":"wp","href":"https:\/\/api.w.org\/{rel}","templated":true}]}}