{"id":29411,"date":"2020-08-12T13:13:03","date_gmt":"2020-08-12T18:13:04","guid":{"rendered":"https:\/\/bebeochaud.com\/?post_type=product&#038;p=29411"},"modified":"2021-03-17T10:53:57","modified_gmt":"2021-03-17T15:53:57","slug":"plush-big-albert-the-koala","status":"publish","type":"product","link":"https:\/\/bebeochaud.com\/en\/produit\/plush-big-albert-the-koala\/","title":{"rendered":"Plush &#8211; Big Albert the Koala"},"content":{"rendered":"<p>I present to you Albert! This cheerful, but slightly blundering little Koala spends his time inventing new scientific experiments. In his ardor, he tends to be a bit clumsy, but he never gets discouraged! ! Einstein is his hero!<\/p>\n<p>With its large ears, just like Mina the elephant or Sully the owl, it will be the ideal companion for your little one to play hide and seek or to gently fall asleep.<\/p>\n<p>All Petit Loulou models are tested by children and approved by my own son. Adopt Albert now!<\/p>\n<p>Prices may be different in store<\/p>\n","protected":false},"excerpt":{"rendered":"<p>PRODUCT FEATURES<\/p>\n<p>Dimensions:<br \/>\nMedium: 85 x 33 cm \/ 33\u00bd &#8220;x 13 &#8211; with open ears<\/p>\n<p>Materials: Minky fabric, hypoallergenic polyester filling, embroidery thread.<br \/>\nCare Tips: Hand wash or machine wash cold on gentle cycle, separately from other items. Dry flat, reshape when wet. Do not tumble dry, do not iron.<\/p>\n","protected":false},"featured_media":29407,"comment_status":"open","ping_status":"closed","template":"","meta":[],"product_brand":[],"product_cat":[356],"product_tag":[],"class_list":{"0":"post-29411","1":"product","2":"type-product","3":"status-publish","4":"has-post-thumbnail","6":"product_cat-petit-loulou-en","8":"first","9":"instock","10":"taxable","11":"shipping-taxable","12":"purchasable","13":"product-type-simple"},"yoast_head":"<!-- This site is optimized with the Yoast SEO plugin v26.6 - https:\/\/yoast.com\/wordpress\/plugins\/seo\/ -->\n<title>Plush - Big Albert the Koala - B\u00e9b\u00e9 \u00d4 Chaud<\/title>\n<meta name=\"robots\" content=\"index, follow, max-snippet:-1, max-image-preview:large, max-video-preview:-1\" \/>\n<link rel=\"canonical\" href=\"https:\/\/bebeochaud.com\/en\/produit\/plush-big-albert-the-koala\/\" \/>\n<meta property=\"og:locale\" content=\"en_US\" \/>\n<meta property=\"og:type\" content=\"article\" \/>\n<meta property=\"og:title\" content=\"Plush - Big Albert the Koala - B\u00e9b\u00e9 \u00d4 Chaud\" \/>\n<meta property=\"og:description\" content=\"PRODUCT FEATURES  Dimensions: Medium: 85 x 33 cm \/ 33\u00bd &quot;x 13 - with open ears  Materials: Minky fabric, hypoallergenic polyester filling, embroidery thread. Care Tips: Hand wash or machine wash cold on gentle cycle, separately from other items. Dry flat, reshape when wet. Do not tumble dry, do not iron.\" \/>\n<meta property=\"og:url\" content=\"https:\/\/bebeochaud.com\/en\/produit\/plush-big-albert-the-koala\/\" \/>\n<meta property=\"og:site_name\" content=\"B\u00e9b\u00e9 \u00d4 Chaud\" \/>\n<meta property=\"article:publisher\" content=\"https:\/\/www.facebook.com\/Bebe.O.Chaud\" \/>\n<meta property=\"article:modified_time\" content=\"2021-03-17T15:53:57+00:00\" \/>\n<meta property=\"og:image\" content=\"https:\/\/bebeochaud.com\/wp-content\/uploads\/2020\/08\/Screen-Shot-2020-08-12-at-2.11.31-PM.png\" \/>\n\t<meta property=\"og:image:width\" content=\"1243\" \/>\n\t<meta property=\"og:image:height\" content=\"1240\" \/>\n\t<meta property=\"og:image:type\" content=\"image\/png\" \/>\n<meta name=\"twitter:card\" content=\"summary_large_image\" \/>\n<script type=\"application\/ld+json\" class=\"yoast-schema-graph\">{\"@context\":\"https:\/\/schema.org\",\"@graph\":[{\"@type\":\"WebPage\",\"@id\":\"https:\/\/bebeochaud.com\/en\/produit\/plush-big-albert-the-koala\/\",\"url\":\"https:\/\/bebeochaud.com\/en\/produit\/plush-big-albert-the-koala\/\",\"name\":\"Plush - Big Albert the Koala - B\u00e9b\u00e9 \u00d4 Chaud\",\"isPartOf\":{\"@id\":\"https:\/\/bebeochaud.com\/#website\"},\"primaryImageOfPage\":{\"@id\":\"https:\/\/bebeochaud.com\/en\/produit\/plush-big-albert-the-koala\/#primaryimage\"},\"image\":{\"@id\":\"https:\/\/bebeochaud.com\/en\/produit\/plush-big-albert-the-koala\/#primaryimage\"},\"thumbnailUrl\":\"https:\/\/bebeochaud.com\/wp-content\/uploads\/2020\/08\/Screen-Shot-2020-08-12-at-2.11.31-PM.png\",\"datePublished\":\"2020-08-12T18:13:04+00:00\",\"dateModified\":\"2021-03-17T15:53:57+00:00\",\"breadcrumb\":{\"@id\":\"https:\/\/bebeochaud.com\/en\/produit\/plush-big-albert-the-koala\/#breadcrumb\"},\"inLanguage\":\"en-US\",\"potentialAction\":[{\"@type\":\"ReadAction\",\"target\":[\"https:\/\/bebeochaud.com\/en\/produit\/plush-big-albert-the-koala\/\"]}]},{\"@type\":\"ImageObject\",\"inLanguage\":\"en-US\",\"@id\":\"https:\/\/bebeochaud.com\/en\/produit\/plush-big-albert-the-koala\/#primaryimage\",\"url\":\"https:\/\/bebeochaud.com\/wp-content\/uploads\/2020\/08\/Screen-Shot-2020-08-12-at-2.11.31-PM.png\",\"contentUrl\":\"https:\/\/bebeochaud.com\/wp-content\/uploads\/2020\/08\/Screen-Shot-2020-08-12-at-2.11.31-PM.png\",\"width\":1243,\"height\":1240},{\"@type\":\"BreadcrumbList\",\"@id\":\"https:\/\/bebeochaud.com\/en\/produit\/plush-big-albert-the-koala\/#breadcrumb\",\"itemListElement\":[{\"@type\":\"ListItem\",\"position\":1,\"name\":\"Accueil\",\"item\":\"https:\/\/bebeochaud.com\/en\/\"},{\"@type\":\"ListItem\",\"position\":2,\"name\":\"Shop\",\"item\":\"https:\/\/bebeochaud.com\/en\/shop\/\"},{\"@type\":\"ListItem\",\"position\":3,\"name\":\"Plush &#8211; Big Albert the Koala\"}]},{\"@type\":\"WebSite\",\"@id\":\"https:\/\/bebeochaud.com\/#website\",\"url\":\"https:\/\/bebeochaud.com\/\",\"name\":\"B\u00e9b\u00e9 \u00d4 Chaud\",\"description\":\"V\u00eatements et accessoires pour b\u00e9b\u00e9s\",\"publisher\":{\"@id\":\"https:\/\/bebeochaud.com\/#organization\"},\"potentialAction\":[{\"@type\":\"SearchAction\",\"target\":{\"@type\":\"EntryPoint\",\"urlTemplate\":\"https:\/\/bebeochaud.com\/?s={search_term_string}\"},\"query-input\":{\"@type\":\"PropertyValueSpecification\",\"valueRequired\":true,\"valueName\":\"search_term_string\"}}],\"inLanguage\":\"en-US\"},{\"@type\":\"Organization\",\"@id\":\"https:\/\/bebeochaud.com\/#organization\",\"name\":\"B\u00e9b\u00e9 \u00f4 Chaud\",\"url\":\"https:\/\/bebeochaud.com\/\",\"logo\":{\"@type\":\"ImageObject\",\"inLanguage\":\"en-US\",\"@id\":\"https:\/\/bebeochaud.com\/#\/schema\/logo\/image\/\",\"url\":\"https:\/\/bebeochaud.com\/wp-content\/uploads\/2021\/06\/logo-noir-gris-carre.png\",\"contentUrl\":\"https:\/\/bebeochaud.com\/wp-content\/uploads\/2021\/06\/logo-noir-gris-carre.png\",\"width\":358,\"height\":277,\"caption\":\"B\u00e9b\u00e9 \u00f4 Chaud\"},\"image\":{\"@id\":\"https:\/\/bebeochaud.com\/#\/schema\/logo\/image\/\"},\"sameAs\":[\"https:\/\/www.facebook.com\/Bebe.O.Chaud\"]}]}<\/script>\n<!-- \/ Yoast SEO plugin. -->","yoast_head_json":{"title":"Plush - Big Albert the Koala - B\u00e9b\u00e9 \u00d4 Chaud","robots":{"index":"index","follow":"follow","max-snippet":"max-snippet:-1","max-image-preview":"max-image-preview:large","max-video-preview":"max-video-preview:-1"},"canonical":"https:\/\/bebeochaud.com\/en\/produit\/plush-big-albert-the-koala\/","og_locale":"en_US","og_type":"article","og_title":"Plush - Big Albert the Koala - B\u00e9b\u00e9 \u00d4 Chaud","og_description":"PRODUCT FEATURES  Dimensions: Medium: 85 x 33 cm \/ 33\u00bd \"x 13 - with open ears  Materials: Minky fabric, hypoallergenic polyester filling, embroidery thread. Care Tips: Hand wash or machine wash cold on gentle cycle, separately from other items. Dry flat, reshape when wet. Do not tumble dry, do not iron.","og_url":"https:\/\/bebeochaud.com\/en\/produit\/plush-big-albert-the-koala\/","og_site_name":"B\u00e9b\u00e9 \u00d4 Chaud","article_publisher":"https:\/\/www.facebook.com\/Bebe.O.Chaud","article_modified_time":"2021-03-17T15:53:57+00:00","og_image":[{"width":1243,"height":1240,"url":"https:\/\/bebeochaud.com\/wp-content\/uploads\/2020\/08\/Screen-Shot-2020-08-12-at-2.11.31-PM.png","type":"image\/png"}],"twitter_card":"summary_large_image","schema":{"@context":"https:\/\/schema.org","@graph":[{"@type":"WebPage","@id":"https:\/\/bebeochaud.com\/en\/produit\/plush-big-albert-the-koala\/","url":"https:\/\/bebeochaud.com\/en\/produit\/plush-big-albert-the-koala\/","name":"Plush - Big Albert the Koala - B\u00e9b\u00e9 \u00d4 Chaud","isPartOf":{"@id":"https:\/\/bebeochaud.com\/#website"},"primaryImageOfPage":{"@id":"https:\/\/bebeochaud.com\/en\/produit\/plush-big-albert-the-koala\/#primaryimage"},"image":{"@id":"https:\/\/bebeochaud.com\/en\/produit\/plush-big-albert-the-koala\/#primaryimage"},"thumbnailUrl":"https:\/\/bebeochaud.com\/wp-content\/uploads\/2020\/08\/Screen-Shot-2020-08-12-at-2.11.31-PM.png","datePublished":"2020-08-12T18:13:04+00:00","dateModified":"2021-03-17T15:53:57+00:00","breadcrumb":{"@id":"https:\/\/bebeochaud.com\/en\/produit\/plush-big-albert-the-koala\/#breadcrumb"},"inLanguage":"en-US","potentialAction":[{"@type":"ReadAction","target":["https:\/\/bebeochaud.com\/en\/produit\/plush-big-albert-the-koala\/"]}]},{"@type":"ImageObject","inLanguage":"en-US","@id":"https:\/\/bebeochaud.com\/en\/produit\/plush-big-albert-the-koala\/#primaryimage","url":"https:\/\/bebeochaud.com\/wp-content\/uploads\/2020\/08\/Screen-Shot-2020-08-12-at-2.11.31-PM.png","contentUrl":"https:\/\/bebeochaud.com\/wp-content\/uploads\/2020\/08\/Screen-Shot-2020-08-12-at-2.11.31-PM.png","width":1243,"height":1240},{"@type":"BreadcrumbList","@id":"https:\/\/bebeochaud.com\/en\/produit\/plush-big-albert-the-koala\/#breadcrumb","itemListElement":[{"@type":"ListItem","position":1,"name":"Accueil","item":"https:\/\/bebeochaud.com\/en\/"},{"@type":"ListItem","position":2,"name":"Shop","item":"https:\/\/bebeochaud.com\/en\/shop\/"},{"@type":"ListItem","position":3,"name":"Plush &#8211; Big Albert the Koala"}]},{"@type":"WebSite","@id":"https:\/\/bebeochaud.com\/#website","url":"https:\/\/bebeochaud.com\/","name":"B\u00e9b\u00e9 \u00d4 Chaud","description":"V\u00eatements et accessoires pour b\u00e9b\u00e9s","publisher":{"@id":"https:\/\/bebeochaud.com\/#organization"},"potentialAction":[{"@type":"SearchAction","target":{"@type":"EntryPoint","urlTemplate":"https:\/\/bebeochaud.com\/?s={search_term_string}"},"query-input":{"@type":"PropertyValueSpecification","valueRequired":true,"valueName":"search_term_string"}}],"inLanguage":"en-US"},{"@type":"Organization","@id":"https:\/\/bebeochaud.com\/#organization","name":"B\u00e9b\u00e9 \u00f4 Chaud","url":"https:\/\/bebeochaud.com\/","logo":{"@type":"ImageObject","inLanguage":"en-US","@id":"https:\/\/bebeochaud.com\/#\/schema\/logo\/image\/","url":"https:\/\/bebeochaud.com\/wp-content\/uploads\/2021\/06\/logo-noir-gris-carre.png","contentUrl":"https:\/\/bebeochaud.com\/wp-content\/uploads\/2021\/06\/logo-noir-gris-carre.png","width":358,"height":277,"caption":"B\u00e9b\u00e9 \u00f4 Chaud"},"image":{"@id":"https:\/\/bebeochaud.com\/#\/schema\/logo\/image\/"},"sameAs":["https:\/\/www.facebook.com\/Bebe.O.Chaud"]}]}},"_links":{"self":[{"href":"https:\/\/bebeochaud.com\/en\/wp-json\/wp\/v2\/product\/29411","targetHints":{"allow":["GET"]}}],"collection":[{"href":"https:\/\/bebeochaud.com\/en\/wp-json\/wp\/v2\/product"}],"about":[{"href":"https:\/\/bebeochaud.com\/en\/wp-json\/wp\/v2\/types\/product"}],"replies":[{"embeddable":true,"href":"https:\/\/bebeochaud.com\/en\/wp-json\/wp\/v2\/comments?post=29411"}],"wp:featuredmedia":[{"embeddable":true,"href":"https:\/\/bebeochaud.com\/en\/wp-json\/wp\/v2\/media\/29407"}],"wp:attachment":[{"href":"https:\/\/bebeochaud.com\/en\/wp-json\/wp\/v2\/media?parent=29411"}],"wp:term":[{"taxonomy":"product_brand","embeddable":true,"href":"https:\/\/bebeochaud.com\/en\/wp-json\/wp\/v2\/product_brand?post=29411"},{"taxonomy":"product_cat","embeddable":true,"href":"https:\/\/bebeochaud.com\/en\/wp-json\/wp\/v2\/product_cat?post=29411"},{"taxonomy":"product_tag","embeddable":true,"href":"https:\/\/bebeochaud.com\/en\/wp-json\/wp\/v2\/product_tag?post=29411"}],"curies":[{"name":"wp","href":"https:\/\/api.w.org\/{rel}","templated":true}]}}