{"id":29391,"date":"2020-08-12T13:06:42","date_gmt":"2020-08-12T18:06:43","guid":{"rendered":"https:\/\/bebeochaud.com\/?post_type=product&#038;p=29391"},"modified":"2021-03-17T10:54:08","modified_gmt":"2021-03-17T15:54:08","slug":"plush-decorative-cloud-cushion","status":"publish","type":"product","link":"https:\/\/bebeochaud.com\/en\/produit\/plush-decorative-cloud-cushion\/","title":{"rendered":"Plush &#8211; Decorative Cloud Cushion"},"content":{"rendered":"<p>This cozy and fluffy cloud decorative pillow, made of super soft Minky fabric, is made to order. It is the perfect touch to finalize the decoration of your baby&#8217;s room. Since my little one got his hands on my first cloud, he has never gone to bed without it !.<\/p>\n<p>Prices may be different in store<\/p>\n","protected":false},"excerpt":{"rendered":"<p>PRODUCT FEATURES<\/p>\n<p>Dimensions: 65 x 39cm \/ 25 x 16in<br \/>\nMaterials: thin fabric, hypoallergenic polyester filling, embroidery thread.<br \/>\nCare instructions: hand wash. Dry flat, pat it gently to restore its shape and spread its wad well. Do not tumble dry!<\/p>\n","protected":false},"featured_media":29397,"comment_status":"open","ping_status":"closed","template":"","meta":[],"product_brand":[],"product_cat":[356,358],"product_tag":[],"class_list":{"0":"post-29391","1":"product","2":"type-product","3":"status-publish","4":"has-post-thumbnail","6":"product_cat-petit-loulou-en","7":"product_cat-plush","9":"first","10":"instock","11":"taxable","12":"shipping-taxable","13":"purchasable","14":"product-type-simple"},"yoast_head":"<!-- This site is optimized with the Yoast SEO plugin v26.6 - https:\/\/yoast.com\/wordpress\/plugins\/seo\/ -->\n<title>Plush - Decorative Cloud Cushion - B\u00e9b\u00e9 \u00d4 Chaud<\/title>\n<meta name=\"robots\" content=\"index, follow, max-snippet:-1, max-image-preview:large, max-video-preview:-1\" \/>\n<link rel=\"canonical\" href=\"https:\/\/bebeochaud.com\/en\/produit\/plush-decorative-cloud-cushion\/\" \/>\n<meta property=\"og:locale\" content=\"en_US\" \/>\n<meta property=\"og:type\" content=\"article\" \/>\n<meta property=\"og:title\" content=\"Plush - Decorative Cloud Cushion - B\u00e9b\u00e9 \u00d4 Chaud\" \/>\n<meta property=\"og:description\" content=\"PRODUCT FEATURES  Dimensions: 65 x 39cm \/ 25 x 16in Materials: thin fabric, hypoallergenic polyester filling, embroidery thread. Care instructions: hand wash. Dry flat, pat it gently to restore its shape and spread its wad well. Do not tumble dry!\" \/>\n<meta property=\"og:url\" content=\"https:\/\/bebeochaud.com\/en\/produit\/plush-decorative-cloud-cushion\/\" \/>\n<meta property=\"og:site_name\" content=\"B\u00e9b\u00e9 \u00d4 Chaud\" \/>\n<meta property=\"article:publisher\" content=\"https:\/\/www.facebook.com\/Bebe.O.Chaud\" \/>\n<meta property=\"article:modified_time\" content=\"2021-03-17T15:54:08+00:00\" \/>\n<meta property=\"og:image\" content=\"https:\/\/bebeochaud.com\/wp-content\/uploads\/2020\/08\/Screen-Shot-2020-08-12-at-2.07.41-PM.png\" \/>\n\t<meta property=\"og:image:width\" content=\"1243\" \/>\n\t<meta property=\"og:image:height\" content=\"1245\" \/>\n\t<meta property=\"og:image:type\" content=\"image\/png\" \/>\n<meta name=\"twitter:card\" content=\"summary_large_image\" \/>\n<script type=\"application\/ld+json\" class=\"yoast-schema-graph\">{\"@context\":\"https:\/\/schema.org\",\"@graph\":[{\"@type\":\"WebPage\",\"@id\":\"https:\/\/bebeochaud.com\/en\/produit\/plush-decorative-cloud-cushion\/\",\"url\":\"https:\/\/bebeochaud.com\/en\/produit\/plush-decorative-cloud-cushion\/\",\"name\":\"Plush - Decorative Cloud Cushion - B\u00e9b\u00e9 \u00d4 Chaud\",\"isPartOf\":{\"@id\":\"https:\/\/bebeochaud.com\/#website\"},\"primaryImageOfPage\":{\"@id\":\"https:\/\/bebeochaud.com\/en\/produit\/plush-decorative-cloud-cushion\/#primaryimage\"},\"image\":{\"@id\":\"https:\/\/bebeochaud.com\/en\/produit\/plush-decorative-cloud-cushion\/#primaryimage\"},\"thumbnailUrl\":\"https:\/\/bebeochaud.com\/wp-content\/uploads\/2020\/08\/Screen-Shot-2020-08-12-at-2.07.41-PM.png\",\"datePublished\":\"2020-08-12T18:06:43+00:00\",\"dateModified\":\"2021-03-17T15:54:08+00:00\",\"breadcrumb\":{\"@id\":\"https:\/\/bebeochaud.com\/en\/produit\/plush-decorative-cloud-cushion\/#breadcrumb\"},\"inLanguage\":\"en-US\",\"potentialAction\":[{\"@type\":\"ReadAction\",\"target\":[\"https:\/\/bebeochaud.com\/en\/produit\/plush-decorative-cloud-cushion\/\"]}]},{\"@type\":\"ImageObject\",\"inLanguage\":\"en-US\",\"@id\":\"https:\/\/bebeochaud.com\/en\/produit\/plush-decorative-cloud-cushion\/#primaryimage\",\"url\":\"https:\/\/bebeochaud.com\/wp-content\/uploads\/2020\/08\/Screen-Shot-2020-08-12-at-2.07.41-PM.png\",\"contentUrl\":\"https:\/\/bebeochaud.com\/wp-content\/uploads\/2020\/08\/Screen-Shot-2020-08-12-at-2.07.41-PM.png\",\"width\":1243,\"height\":1245},{\"@type\":\"BreadcrumbList\",\"@id\":\"https:\/\/bebeochaud.com\/en\/produit\/plush-decorative-cloud-cushion\/#breadcrumb\",\"itemListElement\":[{\"@type\":\"ListItem\",\"position\":1,\"name\":\"Accueil\",\"item\":\"https:\/\/bebeochaud.com\/en\/\"},{\"@type\":\"ListItem\",\"position\":2,\"name\":\"Shop\",\"item\":\"https:\/\/bebeochaud.com\/en\/shop\/\"},{\"@type\":\"ListItem\",\"position\":3,\"name\":\"Plush &#8211; Decorative Cloud Cushion\"}]},{\"@type\":\"WebSite\",\"@id\":\"https:\/\/bebeochaud.com\/#website\",\"url\":\"https:\/\/bebeochaud.com\/\",\"name\":\"B\u00e9b\u00e9 \u00d4 Chaud\",\"description\":\"V\u00eatements et accessoires pour b\u00e9b\u00e9s\",\"publisher\":{\"@id\":\"https:\/\/bebeochaud.com\/#organization\"},\"potentialAction\":[{\"@type\":\"SearchAction\",\"target\":{\"@type\":\"EntryPoint\",\"urlTemplate\":\"https:\/\/bebeochaud.com\/?s={search_term_string}\"},\"query-input\":{\"@type\":\"PropertyValueSpecification\",\"valueRequired\":true,\"valueName\":\"search_term_string\"}}],\"inLanguage\":\"en-US\"},{\"@type\":\"Organization\",\"@id\":\"https:\/\/bebeochaud.com\/#organization\",\"name\":\"B\u00e9b\u00e9 \u00f4 Chaud\",\"url\":\"https:\/\/bebeochaud.com\/\",\"logo\":{\"@type\":\"ImageObject\",\"inLanguage\":\"en-US\",\"@id\":\"https:\/\/bebeochaud.com\/#\/schema\/logo\/image\/\",\"url\":\"https:\/\/bebeochaud.com\/wp-content\/uploads\/2021\/06\/logo-noir-gris-carre.png\",\"contentUrl\":\"https:\/\/bebeochaud.com\/wp-content\/uploads\/2021\/06\/logo-noir-gris-carre.png\",\"width\":358,\"height\":277,\"caption\":\"B\u00e9b\u00e9 \u00f4 Chaud\"},\"image\":{\"@id\":\"https:\/\/bebeochaud.com\/#\/schema\/logo\/image\/\"},\"sameAs\":[\"https:\/\/www.facebook.com\/Bebe.O.Chaud\"]}]}<\/script>\n<!-- \/ Yoast SEO plugin. -->","yoast_head_json":{"title":"Plush - Decorative Cloud Cushion - B\u00e9b\u00e9 \u00d4 Chaud","robots":{"index":"index","follow":"follow","max-snippet":"max-snippet:-1","max-image-preview":"max-image-preview:large","max-video-preview":"max-video-preview:-1"},"canonical":"https:\/\/bebeochaud.com\/en\/produit\/plush-decorative-cloud-cushion\/","og_locale":"en_US","og_type":"article","og_title":"Plush - Decorative Cloud Cushion - B\u00e9b\u00e9 \u00d4 Chaud","og_description":"PRODUCT FEATURES  Dimensions: 65 x 39cm \/ 25 x 16in Materials: thin fabric, hypoallergenic polyester filling, embroidery thread. Care instructions: hand wash. Dry flat, pat it gently to restore its shape and spread its wad well. Do not tumble dry!","og_url":"https:\/\/bebeochaud.com\/en\/produit\/plush-decorative-cloud-cushion\/","og_site_name":"B\u00e9b\u00e9 \u00d4 Chaud","article_publisher":"https:\/\/www.facebook.com\/Bebe.O.Chaud","article_modified_time":"2021-03-17T15:54:08+00:00","og_image":[{"width":1243,"height":1245,"url":"https:\/\/bebeochaud.com\/wp-content\/uploads\/2020\/08\/Screen-Shot-2020-08-12-at-2.07.41-PM.png","type":"image\/png"}],"twitter_card":"summary_large_image","schema":{"@context":"https:\/\/schema.org","@graph":[{"@type":"WebPage","@id":"https:\/\/bebeochaud.com\/en\/produit\/plush-decorative-cloud-cushion\/","url":"https:\/\/bebeochaud.com\/en\/produit\/plush-decorative-cloud-cushion\/","name":"Plush - Decorative Cloud Cushion - B\u00e9b\u00e9 \u00d4 Chaud","isPartOf":{"@id":"https:\/\/bebeochaud.com\/#website"},"primaryImageOfPage":{"@id":"https:\/\/bebeochaud.com\/en\/produit\/plush-decorative-cloud-cushion\/#primaryimage"},"image":{"@id":"https:\/\/bebeochaud.com\/en\/produit\/plush-decorative-cloud-cushion\/#primaryimage"},"thumbnailUrl":"https:\/\/bebeochaud.com\/wp-content\/uploads\/2020\/08\/Screen-Shot-2020-08-12-at-2.07.41-PM.png","datePublished":"2020-08-12T18:06:43+00:00","dateModified":"2021-03-17T15:54:08+00:00","breadcrumb":{"@id":"https:\/\/bebeochaud.com\/en\/produit\/plush-decorative-cloud-cushion\/#breadcrumb"},"inLanguage":"en-US","potentialAction":[{"@type":"ReadAction","target":["https:\/\/bebeochaud.com\/en\/produit\/plush-decorative-cloud-cushion\/"]}]},{"@type":"ImageObject","inLanguage":"en-US","@id":"https:\/\/bebeochaud.com\/en\/produit\/plush-decorative-cloud-cushion\/#primaryimage","url":"https:\/\/bebeochaud.com\/wp-content\/uploads\/2020\/08\/Screen-Shot-2020-08-12-at-2.07.41-PM.png","contentUrl":"https:\/\/bebeochaud.com\/wp-content\/uploads\/2020\/08\/Screen-Shot-2020-08-12-at-2.07.41-PM.png","width":1243,"height":1245},{"@type":"BreadcrumbList","@id":"https:\/\/bebeochaud.com\/en\/produit\/plush-decorative-cloud-cushion\/#breadcrumb","itemListElement":[{"@type":"ListItem","position":1,"name":"Accueil","item":"https:\/\/bebeochaud.com\/en\/"},{"@type":"ListItem","position":2,"name":"Shop","item":"https:\/\/bebeochaud.com\/en\/shop\/"},{"@type":"ListItem","position":3,"name":"Plush &#8211; Decorative Cloud Cushion"}]},{"@type":"WebSite","@id":"https:\/\/bebeochaud.com\/#website","url":"https:\/\/bebeochaud.com\/","name":"B\u00e9b\u00e9 \u00d4 Chaud","description":"V\u00eatements et accessoires pour b\u00e9b\u00e9s","publisher":{"@id":"https:\/\/bebeochaud.com\/#organization"},"potentialAction":[{"@type":"SearchAction","target":{"@type":"EntryPoint","urlTemplate":"https:\/\/bebeochaud.com\/?s={search_term_string}"},"query-input":{"@type":"PropertyValueSpecification","valueRequired":true,"valueName":"search_term_string"}}],"inLanguage":"en-US"},{"@type":"Organization","@id":"https:\/\/bebeochaud.com\/#organization","name":"B\u00e9b\u00e9 \u00f4 Chaud","url":"https:\/\/bebeochaud.com\/","logo":{"@type":"ImageObject","inLanguage":"en-US","@id":"https:\/\/bebeochaud.com\/#\/schema\/logo\/image\/","url":"https:\/\/bebeochaud.com\/wp-content\/uploads\/2021\/06\/logo-noir-gris-carre.png","contentUrl":"https:\/\/bebeochaud.com\/wp-content\/uploads\/2021\/06\/logo-noir-gris-carre.png","width":358,"height":277,"caption":"B\u00e9b\u00e9 \u00f4 Chaud"},"image":{"@id":"https:\/\/bebeochaud.com\/#\/schema\/logo\/image\/"},"sameAs":["https:\/\/www.facebook.com\/Bebe.O.Chaud"]}]}},"_links":{"self":[{"href":"https:\/\/bebeochaud.com\/en\/wp-json\/wp\/v2\/product\/29391","targetHints":{"allow":["GET"]}}],"collection":[{"href":"https:\/\/bebeochaud.com\/en\/wp-json\/wp\/v2\/product"}],"about":[{"href":"https:\/\/bebeochaud.com\/en\/wp-json\/wp\/v2\/types\/product"}],"replies":[{"embeddable":true,"href":"https:\/\/bebeochaud.com\/en\/wp-json\/wp\/v2\/comments?post=29391"}],"wp:featuredmedia":[{"embeddable":true,"href":"https:\/\/bebeochaud.com\/en\/wp-json\/wp\/v2\/media\/29397"}],"wp:attachment":[{"href":"https:\/\/bebeochaud.com\/en\/wp-json\/wp\/v2\/media?parent=29391"}],"wp:term":[{"taxonomy":"product_brand","embeddable":true,"href":"https:\/\/bebeochaud.com\/en\/wp-json\/wp\/v2\/product_brand?post=29391"},{"taxonomy":"product_cat","embeddable":true,"href":"https:\/\/bebeochaud.com\/en\/wp-json\/wp\/v2\/product_cat?post=29391"},{"taxonomy":"product_tag","embeddable":true,"href":"https:\/\/bebeochaud.com\/en\/wp-json\/wp\/v2\/product_tag?post=29391"}],"curies":[{"name":"wp","href":"https:\/\/api.w.org\/{rel}","templated":true}]}}