{"id":29381,"date":"2020-08-12T13:03:11","date_gmt":"2020-08-12T18:03:12","guid":{"rendered":"https:\/\/bebeochaud.com\/?post_type=product&#038;p=29381"},"modified":"2021-03-17T10:54:14","modified_gmt":"2021-03-17T15:54:14","slug":"plush-moony","status":"publish","type":"product","link":"https:\/\/bebeochaud.com\/en\/produit\/plush-moony\/","title":{"rendered":"Plush &#8211; Moony"},"content":{"rendered":"<p>Decorate your nursery with the theme of the moon and stars? This hand-sewn moon cushion with a little star is the perfect addition to your nursery decor! This moon pillow, which I affectionately nicknamed Moony, has its eyes closed to make your little one want to sleep. Soft and comfortable, it makes a great birth gift for a little boy or girl!<\/p>\n<p>Moony is made from extremely soft, high quality Minky fabric. The eyes and the little star are sewn by hand. Because each Moony is handmade, his eyes and the star&#8217;s position may differ from the photo.<\/p>\n<p>Prices may be different in store<\/p>\n","protected":false},"excerpt":{"rendered":"<p>PRODUCT FEATURES<\/p>\n<p>Dimensions: diameter 45 cm \/ 17\u00be in<br \/>\nMaterials: Minky fabric, hypoallergenic polyester filling, embroidery thread.<br \/>\nCare instructions: hand wash. Dry flat, pat it gently to restore its shape and distribute its wad well. Do not tumble dry, Moony is sensitive!<\/p>\n","protected":false},"featured_media":29387,"comment_status":"open","ping_status":"closed","template":"","meta":[],"product_brand":[],"product_cat":[356,358],"product_tag":[],"class_list":{"0":"post-29381","1":"product","2":"type-product","3":"status-publish","4":"has-post-thumbnail","6":"product_cat-petit-loulou-en","7":"product_cat-plush","9":"first","10":"outofstock","11":"taxable","12":"shipping-taxable","13":"purchasable","14":"product-type-simple"},"yoast_head":"<!-- This site is optimized with the Yoast SEO plugin v26.6 - https:\/\/yoast.com\/wordpress\/plugins\/seo\/ -->\n<title>Plush - Moony - B\u00e9b\u00e9 \u00d4 Chaud<\/title>\n<meta name=\"robots\" content=\"index, follow, max-snippet:-1, max-image-preview:large, max-video-preview:-1\" \/>\n<link rel=\"canonical\" href=\"https:\/\/bebeochaud.com\/en\/produit\/plush-moony\/\" \/>\n<meta property=\"og:locale\" content=\"en_US\" \/>\n<meta property=\"og:type\" content=\"article\" \/>\n<meta property=\"og:title\" content=\"Plush - Moony - B\u00e9b\u00e9 \u00d4 Chaud\" \/>\n<meta property=\"og:description\" content=\"PRODUCT FEATURES  Dimensions: diameter 45 cm \/ 17\u00be in Materials: Minky fabric, hypoallergenic polyester filling, embroidery thread. Care instructions: hand wash. Dry flat, pat it gently to restore its shape and distribute its wad well. Do not tumble dry, Moony is sensitive!\" \/>\n<meta property=\"og:url\" content=\"https:\/\/bebeochaud.com\/en\/produit\/plush-moony\/\" \/>\n<meta property=\"og:site_name\" content=\"B\u00e9b\u00e9 \u00d4 Chaud\" \/>\n<meta property=\"article:publisher\" content=\"https:\/\/www.facebook.com\/Bebe.O.Chaud\" \/>\n<meta property=\"article:modified_time\" content=\"2021-03-17T15:54:14+00:00\" \/>\n<meta property=\"og:image\" content=\"https:\/\/bebeochaud.com\/wp-content\/uploads\/2020\/08\/Screen-Shot-2020-08-12-at-2.04.13-PM.png\" \/>\n\t<meta property=\"og:image:width\" content=\"1246\" \/>\n\t<meta property=\"og:image:height\" content=\"1247\" \/>\n\t<meta property=\"og:image:type\" content=\"image\/png\" \/>\n<meta name=\"twitter:card\" content=\"summary_large_image\" \/>\n<meta name=\"twitter:label1\" content=\"Est. reading time\" \/>\n\t<meta name=\"twitter:data1\" content=\"1 minute\" \/>\n<script type=\"application\/ld+json\" class=\"yoast-schema-graph\">{\"@context\":\"https:\/\/schema.org\",\"@graph\":[{\"@type\":\"WebPage\",\"@id\":\"https:\/\/bebeochaud.com\/en\/produit\/plush-moony\/\",\"url\":\"https:\/\/bebeochaud.com\/en\/produit\/plush-moony\/\",\"name\":\"Plush - Moony - B\u00e9b\u00e9 \u00d4 Chaud\",\"isPartOf\":{\"@id\":\"https:\/\/bebeochaud.com\/#website\"},\"primaryImageOfPage\":{\"@id\":\"https:\/\/bebeochaud.com\/en\/produit\/plush-moony\/#primaryimage\"},\"image\":{\"@id\":\"https:\/\/bebeochaud.com\/en\/produit\/plush-moony\/#primaryimage\"},\"thumbnailUrl\":\"https:\/\/bebeochaud.com\/wp-content\/uploads\/2020\/08\/Screen-Shot-2020-08-12-at-2.04.13-PM.png\",\"datePublished\":\"2020-08-12T18:03:12+00:00\",\"dateModified\":\"2021-03-17T15:54:14+00:00\",\"breadcrumb\":{\"@id\":\"https:\/\/bebeochaud.com\/en\/produit\/plush-moony\/#breadcrumb\"},\"inLanguage\":\"en-US\",\"potentialAction\":[{\"@type\":\"ReadAction\",\"target\":[\"https:\/\/bebeochaud.com\/en\/produit\/plush-moony\/\"]}]},{\"@type\":\"ImageObject\",\"inLanguage\":\"en-US\",\"@id\":\"https:\/\/bebeochaud.com\/en\/produit\/plush-moony\/#primaryimage\",\"url\":\"https:\/\/bebeochaud.com\/wp-content\/uploads\/2020\/08\/Screen-Shot-2020-08-12-at-2.04.13-PM.png\",\"contentUrl\":\"https:\/\/bebeochaud.com\/wp-content\/uploads\/2020\/08\/Screen-Shot-2020-08-12-at-2.04.13-PM.png\",\"width\":1246,\"height\":1247},{\"@type\":\"BreadcrumbList\",\"@id\":\"https:\/\/bebeochaud.com\/en\/produit\/plush-moony\/#breadcrumb\",\"itemListElement\":[{\"@type\":\"ListItem\",\"position\":1,\"name\":\"Accueil\",\"item\":\"https:\/\/bebeochaud.com\/en\/\"},{\"@type\":\"ListItem\",\"position\":2,\"name\":\"Shop\",\"item\":\"https:\/\/bebeochaud.com\/en\/shop\/\"},{\"@type\":\"ListItem\",\"position\":3,\"name\":\"Plush &#8211; Moony\"}]},{\"@type\":\"WebSite\",\"@id\":\"https:\/\/bebeochaud.com\/#website\",\"url\":\"https:\/\/bebeochaud.com\/\",\"name\":\"B\u00e9b\u00e9 \u00d4 Chaud\",\"description\":\"V\u00eatements et accessoires pour b\u00e9b\u00e9s\",\"publisher\":{\"@id\":\"https:\/\/bebeochaud.com\/#organization\"},\"potentialAction\":[{\"@type\":\"SearchAction\",\"target\":{\"@type\":\"EntryPoint\",\"urlTemplate\":\"https:\/\/bebeochaud.com\/?s={search_term_string}\"},\"query-input\":{\"@type\":\"PropertyValueSpecification\",\"valueRequired\":true,\"valueName\":\"search_term_string\"}}],\"inLanguage\":\"en-US\"},{\"@type\":\"Organization\",\"@id\":\"https:\/\/bebeochaud.com\/#organization\",\"name\":\"B\u00e9b\u00e9 \u00f4 Chaud\",\"url\":\"https:\/\/bebeochaud.com\/\",\"logo\":{\"@type\":\"ImageObject\",\"inLanguage\":\"en-US\",\"@id\":\"https:\/\/bebeochaud.com\/#\/schema\/logo\/image\/\",\"url\":\"https:\/\/bebeochaud.com\/wp-content\/uploads\/2021\/06\/logo-noir-gris-carre.png\",\"contentUrl\":\"https:\/\/bebeochaud.com\/wp-content\/uploads\/2021\/06\/logo-noir-gris-carre.png\",\"width\":358,\"height\":277,\"caption\":\"B\u00e9b\u00e9 \u00f4 Chaud\"},\"image\":{\"@id\":\"https:\/\/bebeochaud.com\/#\/schema\/logo\/image\/\"},\"sameAs\":[\"https:\/\/www.facebook.com\/Bebe.O.Chaud\"]}]}<\/script>\n<!-- \/ Yoast SEO plugin. -->","yoast_head_json":{"title":"Plush - Moony - B\u00e9b\u00e9 \u00d4 Chaud","robots":{"index":"index","follow":"follow","max-snippet":"max-snippet:-1","max-image-preview":"max-image-preview:large","max-video-preview":"max-video-preview:-1"},"canonical":"https:\/\/bebeochaud.com\/en\/produit\/plush-moony\/","og_locale":"en_US","og_type":"article","og_title":"Plush - Moony - B\u00e9b\u00e9 \u00d4 Chaud","og_description":"PRODUCT FEATURES  Dimensions: diameter 45 cm \/ 17\u00be in Materials: Minky fabric, hypoallergenic polyester filling, embroidery thread. Care instructions: hand wash. Dry flat, pat it gently to restore its shape and distribute its wad well. Do not tumble dry, Moony is sensitive!","og_url":"https:\/\/bebeochaud.com\/en\/produit\/plush-moony\/","og_site_name":"B\u00e9b\u00e9 \u00d4 Chaud","article_publisher":"https:\/\/www.facebook.com\/Bebe.O.Chaud","article_modified_time":"2021-03-17T15:54:14+00:00","og_image":[{"width":1246,"height":1247,"url":"https:\/\/bebeochaud.com\/wp-content\/uploads\/2020\/08\/Screen-Shot-2020-08-12-at-2.04.13-PM.png","type":"image\/png"}],"twitter_card":"summary_large_image","twitter_misc":{"Est. reading time":"1 minute"},"schema":{"@context":"https:\/\/schema.org","@graph":[{"@type":"WebPage","@id":"https:\/\/bebeochaud.com\/en\/produit\/plush-moony\/","url":"https:\/\/bebeochaud.com\/en\/produit\/plush-moony\/","name":"Plush - Moony - B\u00e9b\u00e9 \u00d4 Chaud","isPartOf":{"@id":"https:\/\/bebeochaud.com\/#website"},"primaryImageOfPage":{"@id":"https:\/\/bebeochaud.com\/en\/produit\/plush-moony\/#primaryimage"},"image":{"@id":"https:\/\/bebeochaud.com\/en\/produit\/plush-moony\/#primaryimage"},"thumbnailUrl":"https:\/\/bebeochaud.com\/wp-content\/uploads\/2020\/08\/Screen-Shot-2020-08-12-at-2.04.13-PM.png","datePublished":"2020-08-12T18:03:12+00:00","dateModified":"2021-03-17T15:54:14+00:00","breadcrumb":{"@id":"https:\/\/bebeochaud.com\/en\/produit\/plush-moony\/#breadcrumb"},"inLanguage":"en-US","potentialAction":[{"@type":"ReadAction","target":["https:\/\/bebeochaud.com\/en\/produit\/plush-moony\/"]}]},{"@type":"ImageObject","inLanguage":"en-US","@id":"https:\/\/bebeochaud.com\/en\/produit\/plush-moony\/#primaryimage","url":"https:\/\/bebeochaud.com\/wp-content\/uploads\/2020\/08\/Screen-Shot-2020-08-12-at-2.04.13-PM.png","contentUrl":"https:\/\/bebeochaud.com\/wp-content\/uploads\/2020\/08\/Screen-Shot-2020-08-12-at-2.04.13-PM.png","width":1246,"height":1247},{"@type":"BreadcrumbList","@id":"https:\/\/bebeochaud.com\/en\/produit\/plush-moony\/#breadcrumb","itemListElement":[{"@type":"ListItem","position":1,"name":"Accueil","item":"https:\/\/bebeochaud.com\/en\/"},{"@type":"ListItem","position":2,"name":"Shop","item":"https:\/\/bebeochaud.com\/en\/shop\/"},{"@type":"ListItem","position":3,"name":"Plush &#8211; Moony"}]},{"@type":"WebSite","@id":"https:\/\/bebeochaud.com\/#website","url":"https:\/\/bebeochaud.com\/","name":"B\u00e9b\u00e9 \u00d4 Chaud","description":"V\u00eatements et accessoires pour b\u00e9b\u00e9s","publisher":{"@id":"https:\/\/bebeochaud.com\/#organization"},"potentialAction":[{"@type":"SearchAction","target":{"@type":"EntryPoint","urlTemplate":"https:\/\/bebeochaud.com\/?s={search_term_string}"},"query-input":{"@type":"PropertyValueSpecification","valueRequired":true,"valueName":"search_term_string"}}],"inLanguage":"en-US"},{"@type":"Organization","@id":"https:\/\/bebeochaud.com\/#organization","name":"B\u00e9b\u00e9 \u00f4 Chaud","url":"https:\/\/bebeochaud.com\/","logo":{"@type":"ImageObject","inLanguage":"en-US","@id":"https:\/\/bebeochaud.com\/#\/schema\/logo\/image\/","url":"https:\/\/bebeochaud.com\/wp-content\/uploads\/2021\/06\/logo-noir-gris-carre.png","contentUrl":"https:\/\/bebeochaud.com\/wp-content\/uploads\/2021\/06\/logo-noir-gris-carre.png","width":358,"height":277,"caption":"B\u00e9b\u00e9 \u00f4 Chaud"},"image":{"@id":"https:\/\/bebeochaud.com\/#\/schema\/logo\/image\/"},"sameAs":["https:\/\/www.facebook.com\/Bebe.O.Chaud"]}]}},"_links":{"self":[{"href":"https:\/\/bebeochaud.com\/en\/wp-json\/wp\/v2\/product\/29381","targetHints":{"allow":["GET"]}}],"collection":[{"href":"https:\/\/bebeochaud.com\/en\/wp-json\/wp\/v2\/product"}],"about":[{"href":"https:\/\/bebeochaud.com\/en\/wp-json\/wp\/v2\/types\/product"}],"replies":[{"embeddable":true,"href":"https:\/\/bebeochaud.com\/en\/wp-json\/wp\/v2\/comments?post=29381"}],"wp:featuredmedia":[{"embeddable":true,"href":"https:\/\/bebeochaud.com\/en\/wp-json\/wp\/v2\/media\/29387"}],"wp:attachment":[{"href":"https:\/\/bebeochaud.com\/en\/wp-json\/wp\/v2\/media?parent=29381"}],"wp:term":[{"taxonomy":"product_brand","embeddable":true,"href":"https:\/\/bebeochaud.com\/en\/wp-json\/wp\/v2\/product_brand?post=29381"},{"taxonomy":"product_cat","embeddable":true,"href":"https:\/\/bebeochaud.com\/en\/wp-json\/wp\/v2\/product_cat?post=29381"},{"taxonomy":"product_tag","embeddable":true,"href":"https:\/\/bebeochaud.com\/en\/wp-json\/wp\/v2\/product_tag?post=29381"}],"curies":[{"name":"wp","href":"https:\/\/api.w.org\/{rel}","templated":true}]}}