{"id":29351,"date":"2020-08-12T10:47:16","date_gmt":"2020-08-12T15:47:17","guid":{"rendered":"https:\/\/bebeochaud.com\/?post_type=product&#038;p=29351"},"modified":"2021-03-17T10:54:34","modified_gmt":"2021-03-17T15:54:34","slug":"plush-sewing-kit-orange","status":"publish","type":"product","link":"https:\/\/bebeochaud.com\/en\/produit\/plush-sewing-kit-orange\/","title":{"rendered":"Plush Sewing Kit &#8211; Orange"},"content":{"rendered":"<p>The sewing kit contains everything you need to create your own plush monster.<\/p>\n<p>Its large yellow horns are the pride and joy of this monster. He finds them quite worthy, which makes him a pretty happy monster. Her ear-to-ear smile will win your heart. Your monster can be orange or green. Choose the color you like the most!<\/p>\n<p>Prices may be different in store<\/p>\n","protected":false},"excerpt":{"rendered":"<p>PRODUCT FEATURES<\/p>\n<p>Material provided: 1 instruction booklet, necessary fabric, pins and needles, thread, padding, pattern.<br \/>\nMaterial not provided: scissors, felt-tip pen.<br \/>\nDimension: 13 cm (5 \u201d) height<br \/>\nDifficulty: intermediate &#8211; advanced<br \/>\nCompletion time: 3 to 5 hours<br \/>\nAge: 8+<br \/>\nActivity to be carried out under the direct supervision of an adult because of stinging and pointed materials<\/p>\n","protected":false},"featured_media":29353,"comment_status":"open","ping_status":"closed","template":"","meta":[],"product_brand":[],"product_cat":[357,356],"product_tag":[],"class_list":{"0":"post-29351","1":"product","2":"type-product","3":"status-publish","4":"has-post-thumbnail","6":"product_cat-sewing-kit","7":"product_cat-petit-loulou-en","9":"first","10":"outofstock","11":"taxable","12":"shipping-taxable","13":"purchasable","14":"product-type-simple"},"yoast_head":"<!-- This site is optimized with the Yoast SEO plugin v26.6 - https:\/\/yoast.com\/wordpress\/plugins\/seo\/ -->\n<title>Plush Sewing Kit - Orange - B\u00e9b\u00e9 \u00d4 Chaud<\/title>\n<meta name=\"robots\" content=\"index, follow, max-snippet:-1, max-image-preview:large, max-video-preview:-1\" \/>\n<link rel=\"canonical\" href=\"https:\/\/bebeochaud.com\/en\/produit\/plush-sewing-kit-orange\/\" \/>\n<meta property=\"og:locale\" content=\"en_US\" \/>\n<meta property=\"og:type\" content=\"article\" \/>\n<meta property=\"og:title\" content=\"Plush Sewing Kit - Orange - B\u00e9b\u00e9 \u00d4 Chaud\" \/>\n<meta property=\"og:description\" content=\"PRODUCT FEATURES  Material provided: 1 instruction booklet, necessary fabric, pins and needles, thread, padding, pattern. Material not provided: scissors, felt-tip pen. Dimension: 13 cm (5 \u201d) height Difficulty: intermediate - advanced Completion time: 3 to 5 hours Age: 8+ Activity to be carried out under the direct supervision of an adult because of stinging and pointed materials\" \/>\n<meta property=\"og:url\" content=\"https:\/\/bebeochaud.com\/en\/produit\/plush-sewing-kit-orange\/\" \/>\n<meta property=\"og:site_name\" content=\"B\u00e9b\u00e9 \u00d4 Chaud\" \/>\n<meta property=\"article:publisher\" content=\"https:\/\/www.facebook.com\/Bebe.O.Chaud\" \/>\n<meta property=\"article:modified_time\" content=\"2021-03-17T15:54:34+00:00\" \/>\n<meta property=\"og:image\" content=\"https:\/\/bebeochaud.com\/wp-content\/uploads\/2020\/08\/Screen-Shot-2020-08-12-at-11.48.01-AM.png\" \/>\n\t<meta property=\"og:image:width\" content=\"1413\" \/>\n\t<meta property=\"og:image:height\" content=\"898\" \/>\n\t<meta property=\"og:image:type\" content=\"image\/png\" \/>\n<meta name=\"twitter:card\" content=\"summary_large_image\" \/>\n<script type=\"application\/ld+json\" class=\"yoast-schema-graph\">{\"@context\":\"https:\/\/schema.org\",\"@graph\":[{\"@type\":\"WebPage\",\"@id\":\"https:\/\/bebeochaud.com\/en\/produit\/plush-sewing-kit-orange\/\",\"url\":\"https:\/\/bebeochaud.com\/en\/produit\/plush-sewing-kit-orange\/\",\"name\":\"Plush Sewing Kit - Orange - B\u00e9b\u00e9 \u00d4 Chaud\",\"isPartOf\":{\"@id\":\"https:\/\/bebeochaud.com\/#website\"},\"primaryImageOfPage\":{\"@id\":\"https:\/\/bebeochaud.com\/en\/produit\/plush-sewing-kit-orange\/#primaryimage\"},\"image\":{\"@id\":\"https:\/\/bebeochaud.com\/en\/produit\/plush-sewing-kit-orange\/#primaryimage\"},\"thumbnailUrl\":\"https:\/\/bebeochaud.com\/wp-content\/uploads\/2020\/08\/Screen-Shot-2020-08-12-at-11.48.01-AM.png\",\"datePublished\":\"2020-08-12T15:47:17+00:00\",\"dateModified\":\"2021-03-17T15:54:34+00:00\",\"breadcrumb\":{\"@id\":\"https:\/\/bebeochaud.com\/en\/produit\/plush-sewing-kit-orange\/#breadcrumb\"},\"inLanguage\":\"en-US\",\"potentialAction\":[{\"@type\":\"ReadAction\",\"target\":[\"https:\/\/bebeochaud.com\/en\/produit\/plush-sewing-kit-orange\/\"]}]},{\"@type\":\"ImageObject\",\"inLanguage\":\"en-US\",\"@id\":\"https:\/\/bebeochaud.com\/en\/produit\/plush-sewing-kit-orange\/#primaryimage\",\"url\":\"https:\/\/bebeochaud.com\/wp-content\/uploads\/2020\/08\/Screen-Shot-2020-08-12-at-11.48.01-AM.png\",\"contentUrl\":\"https:\/\/bebeochaud.com\/wp-content\/uploads\/2020\/08\/Screen-Shot-2020-08-12-at-11.48.01-AM.png\",\"width\":1413,\"height\":898},{\"@type\":\"BreadcrumbList\",\"@id\":\"https:\/\/bebeochaud.com\/en\/produit\/plush-sewing-kit-orange\/#breadcrumb\",\"itemListElement\":[{\"@type\":\"ListItem\",\"position\":1,\"name\":\"Accueil\",\"item\":\"https:\/\/bebeochaud.com\/en\/\"},{\"@type\":\"ListItem\",\"position\":2,\"name\":\"Shop\",\"item\":\"https:\/\/bebeochaud.com\/en\/shop\/\"},{\"@type\":\"ListItem\",\"position\":3,\"name\":\"Plush Sewing Kit &#8211; Orange\"}]},{\"@type\":\"WebSite\",\"@id\":\"https:\/\/bebeochaud.com\/#website\",\"url\":\"https:\/\/bebeochaud.com\/\",\"name\":\"B\u00e9b\u00e9 \u00d4 Chaud\",\"description\":\"V\u00eatements et accessoires pour b\u00e9b\u00e9s\",\"publisher\":{\"@id\":\"https:\/\/bebeochaud.com\/#organization\"},\"potentialAction\":[{\"@type\":\"SearchAction\",\"target\":{\"@type\":\"EntryPoint\",\"urlTemplate\":\"https:\/\/bebeochaud.com\/?s={search_term_string}\"},\"query-input\":{\"@type\":\"PropertyValueSpecification\",\"valueRequired\":true,\"valueName\":\"search_term_string\"}}],\"inLanguage\":\"en-US\"},{\"@type\":\"Organization\",\"@id\":\"https:\/\/bebeochaud.com\/#organization\",\"name\":\"B\u00e9b\u00e9 \u00f4 Chaud\",\"url\":\"https:\/\/bebeochaud.com\/\",\"logo\":{\"@type\":\"ImageObject\",\"inLanguage\":\"en-US\",\"@id\":\"https:\/\/bebeochaud.com\/#\/schema\/logo\/image\/\",\"url\":\"https:\/\/bebeochaud.com\/wp-content\/uploads\/2021\/06\/logo-noir-gris-carre.png\",\"contentUrl\":\"https:\/\/bebeochaud.com\/wp-content\/uploads\/2021\/06\/logo-noir-gris-carre.png\",\"width\":358,\"height\":277,\"caption\":\"B\u00e9b\u00e9 \u00f4 Chaud\"},\"image\":{\"@id\":\"https:\/\/bebeochaud.com\/#\/schema\/logo\/image\/\"},\"sameAs\":[\"https:\/\/www.facebook.com\/Bebe.O.Chaud\"]}]}<\/script>\n<!-- \/ Yoast SEO plugin. -->","yoast_head_json":{"title":"Plush Sewing Kit - Orange - B\u00e9b\u00e9 \u00d4 Chaud","robots":{"index":"index","follow":"follow","max-snippet":"max-snippet:-1","max-image-preview":"max-image-preview:large","max-video-preview":"max-video-preview:-1"},"canonical":"https:\/\/bebeochaud.com\/en\/produit\/plush-sewing-kit-orange\/","og_locale":"en_US","og_type":"article","og_title":"Plush Sewing Kit - Orange - B\u00e9b\u00e9 \u00d4 Chaud","og_description":"PRODUCT FEATURES  Material provided: 1 instruction booklet, necessary fabric, pins and needles, thread, padding, pattern. Material not provided: scissors, felt-tip pen. Dimension: 13 cm (5 \u201d) height Difficulty: intermediate - advanced Completion time: 3 to 5 hours Age: 8+ Activity to be carried out under the direct supervision of an adult because of stinging and pointed materials","og_url":"https:\/\/bebeochaud.com\/en\/produit\/plush-sewing-kit-orange\/","og_site_name":"B\u00e9b\u00e9 \u00d4 Chaud","article_publisher":"https:\/\/www.facebook.com\/Bebe.O.Chaud","article_modified_time":"2021-03-17T15:54:34+00:00","og_image":[{"width":1413,"height":898,"url":"https:\/\/bebeochaud.com\/wp-content\/uploads\/2020\/08\/Screen-Shot-2020-08-12-at-11.48.01-AM.png","type":"image\/png"}],"twitter_card":"summary_large_image","schema":{"@context":"https:\/\/schema.org","@graph":[{"@type":"WebPage","@id":"https:\/\/bebeochaud.com\/en\/produit\/plush-sewing-kit-orange\/","url":"https:\/\/bebeochaud.com\/en\/produit\/plush-sewing-kit-orange\/","name":"Plush Sewing Kit - Orange - B\u00e9b\u00e9 \u00d4 Chaud","isPartOf":{"@id":"https:\/\/bebeochaud.com\/#website"},"primaryImageOfPage":{"@id":"https:\/\/bebeochaud.com\/en\/produit\/plush-sewing-kit-orange\/#primaryimage"},"image":{"@id":"https:\/\/bebeochaud.com\/en\/produit\/plush-sewing-kit-orange\/#primaryimage"},"thumbnailUrl":"https:\/\/bebeochaud.com\/wp-content\/uploads\/2020\/08\/Screen-Shot-2020-08-12-at-11.48.01-AM.png","datePublished":"2020-08-12T15:47:17+00:00","dateModified":"2021-03-17T15:54:34+00:00","breadcrumb":{"@id":"https:\/\/bebeochaud.com\/en\/produit\/plush-sewing-kit-orange\/#breadcrumb"},"inLanguage":"en-US","potentialAction":[{"@type":"ReadAction","target":["https:\/\/bebeochaud.com\/en\/produit\/plush-sewing-kit-orange\/"]}]},{"@type":"ImageObject","inLanguage":"en-US","@id":"https:\/\/bebeochaud.com\/en\/produit\/plush-sewing-kit-orange\/#primaryimage","url":"https:\/\/bebeochaud.com\/wp-content\/uploads\/2020\/08\/Screen-Shot-2020-08-12-at-11.48.01-AM.png","contentUrl":"https:\/\/bebeochaud.com\/wp-content\/uploads\/2020\/08\/Screen-Shot-2020-08-12-at-11.48.01-AM.png","width":1413,"height":898},{"@type":"BreadcrumbList","@id":"https:\/\/bebeochaud.com\/en\/produit\/plush-sewing-kit-orange\/#breadcrumb","itemListElement":[{"@type":"ListItem","position":1,"name":"Accueil","item":"https:\/\/bebeochaud.com\/en\/"},{"@type":"ListItem","position":2,"name":"Shop","item":"https:\/\/bebeochaud.com\/en\/shop\/"},{"@type":"ListItem","position":3,"name":"Plush Sewing Kit &#8211; Orange"}]},{"@type":"WebSite","@id":"https:\/\/bebeochaud.com\/#website","url":"https:\/\/bebeochaud.com\/","name":"B\u00e9b\u00e9 \u00d4 Chaud","description":"V\u00eatements et accessoires pour b\u00e9b\u00e9s","publisher":{"@id":"https:\/\/bebeochaud.com\/#organization"},"potentialAction":[{"@type":"SearchAction","target":{"@type":"EntryPoint","urlTemplate":"https:\/\/bebeochaud.com\/?s={search_term_string}"},"query-input":{"@type":"PropertyValueSpecification","valueRequired":true,"valueName":"search_term_string"}}],"inLanguage":"en-US"},{"@type":"Organization","@id":"https:\/\/bebeochaud.com\/#organization","name":"B\u00e9b\u00e9 \u00f4 Chaud","url":"https:\/\/bebeochaud.com\/","logo":{"@type":"ImageObject","inLanguage":"en-US","@id":"https:\/\/bebeochaud.com\/#\/schema\/logo\/image\/","url":"https:\/\/bebeochaud.com\/wp-content\/uploads\/2021\/06\/logo-noir-gris-carre.png","contentUrl":"https:\/\/bebeochaud.com\/wp-content\/uploads\/2021\/06\/logo-noir-gris-carre.png","width":358,"height":277,"caption":"B\u00e9b\u00e9 \u00f4 Chaud"},"image":{"@id":"https:\/\/bebeochaud.com\/#\/schema\/logo\/image\/"},"sameAs":["https:\/\/www.facebook.com\/Bebe.O.Chaud"]}]}},"_links":{"self":[{"href":"https:\/\/bebeochaud.com\/en\/wp-json\/wp\/v2\/product\/29351","targetHints":{"allow":["GET"]}}],"collection":[{"href":"https:\/\/bebeochaud.com\/en\/wp-json\/wp\/v2\/product"}],"about":[{"href":"https:\/\/bebeochaud.com\/en\/wp-json\/wp\/v2\/types\/product"}],"replies":[{"embeddable":true,"href":"https:\/\/bebeochaud.com\/en\/wp-json\/wp\/v2\/comments?post=29351"}],"wp:featuredmedia":[{"embeddable":true,"href":"https:\/\/bebeochaud.com\/en\/wp-json\/wp\/v2\/media\/29353"}],"wp:attachment":[{"href":"https:\/\/bebeochaud.com\/en\/wp-json\/wp\/v2\/media?parent=29351"}],"wp:term":[{"taxonomy":"product_brand","embeddable":true,"href":"https:\/\/bebeochaud.com\/en\/wp-json\/wp\/v2\/product_brand?post=29351"},{"taxonomy":"product_cat","embeddable":true,"href":"https:\/\/bebeochaud.com\/en\/wp-json\/wp\/v2\/product_cat?post=29351"},{"taxonomy":"product_tag","embeddable":true,"href":"https:\/\/bebeochaud.com\/en\/wp-json\/wp\/v2\/product_tag?post=29351"}],"curies":[{"name":"wp","href":"https:\/\/api.w.org\/{rel}","templated":true}]}}