{"id":27645,"date":"2020-05-19T18:56:21","date_gmt":"2020-05-19T23:56:23","guid":{"rendered":"https:\/\/bebeochaud.com\/?post_type=product&#038;p=27645"},"modified":"2020-06-25T17:08:17","modified_gmt":"2020-06-25T22:08:17","slug":"blanket-in-search-of-to-learn-while-having-fun-24h","status":"publish","type":"product","link":"https:\/\/bebeochaud.com\/en\/produit\/blanket-in-search-of-to-learn-while-having-fun-24h\/","title":{"rendered":"Blanket &#8211; In search of &#8230; To learn while having fun! 24h"},"content":{"rendered":"<div id=\"tw-target-text-container\" class=\"tw-ta-container hide-focus-ring tw-nfl\" tabindex=\"0\">\n<h4 id=\"tw-target-text\" class=\"tw-data-text tw-text-large tw-ta\" dir=\"ltr\" data-placeholder=\"Traduction\"><span lang=\"en\">With children constantly on the lookout for discovery, we have created a unique blanket that allows them to play and learn while enjoying a comforting moment. Our popular minky cover has received an original transformation and features a magnificent illustration inspired by the Quebec forest. Aiming at the awakening of the curious little ones, whether they are of school age or not, the chosen concept invites to practice both locating, counting, as well as reading in French and in English. Varied sizes, the elements to look for bring two levels of difficulty (at the bottom for the youngest, on the right for the oldest). At rest or play, this blanket will captivate and amuse your little explorers!<\/span><\/h4>\n<\/div>\n<div id=\"tw-target-rmn-container\" class=\"tw-ta-container hide-focus-ring tw-nfl\">\n<h4 id=\"tw-target-rmn\" class=\"tw-data-placeholder tw-text-small tw-ta\" dir=\"ltr\"><\/h4>\n<\/div>\n","protected":false},"excerpt":{"rendered":"<p><strong>Composition :<\/strong> 100 % polyester<\/p>\n<p><strong>Maintenance :<\/strong> Can go to the washer and dryer<\/p>\n<p><strong>Size :<\/strong> 105 cm X 75 cm<\/p>\n<p><strong>Fabrics<\/strong> : Minky<\/p>\n<p><strong>Color\/Design : Recto<\/strong> : illustration from Manue iluustration |\u00a9 B\u00e9b\u00e9 \u00d4 Chaud 2020,<span lang=\"en\">All rights reserved<\/span><\/p>\n<p><strong>Back Color :<\/strong> Green Apple<\/p>\n","protected":false},"featured_media":24005,"comment_status":"open","ping_status":"closed","template":"","meta":[],"product_brand":[],"product_cat":[272],"product_tag":[],"class_list":{"0":"post-27645","1":"product","2":"type-product","3":"status-publish","4":"has-post-thumbnail","6":"product_cat-24h_blanket","8":"first","9":"outofstock","10":"taxable","11":"shipping-taxable","12":"purchasable","13":"product-type-variable"},"yoast_head":"<!-- This site is optimized with the Yoast SEO plugin v26.6 - https:\/\/yoast.com\/wordpress\/plugins\/seo\/ -->\n<title>Blanket - In search of ... To learn while having fun! 24h - B\u00e9b\u00e9 \u00d4 Chaud<\/title>\n<meta name=\"robots\" content=\"index, follow, max-snippet:-1, max-image-preview:large, max-video-preview:-1\" \/>\n<link rel=\"canonical\" href=\"https:\/\/bebeochaud.com\/en\/produit\/blanket-in-search-of-to-learn-while-having-fun-24h\/\" \/>\n<meta property=\"og:locale\" content=\"en_US\" \/>\n<meta property=\"og:type\" content=\"article\" \/>\n<meta property=\"og:title\" content=\"Blanket - In search of ... To learn while having fun! 24h - B\u00e9b\u00e9 \u00d4 Chaud\" \/>\n<meta property=\"og:description\" content=\"Composition : 100 % polyester  Maintenance : Can go to the washer and dryer  Size : 105 cm X 75 cm  Fabrics : Minky  Color\/Design : Recto : illustration from Manue iluustration |\u00a9 B\u00e9b\u00e9 \u00d4 Chaud 2020,All rights reserved  Back Color : Green Apple\" \/>\n<meta property=\"og:url\" content=\"https:\/\/bebeochaud.com\/en\/produit\/blanket-in-search-of-to-learn-while-having-fun-24h\/\" \/>\n<meta property=\"og:site_name\" content=\"B\u00e9b\u00e9 \u00d4 Chaud\" \/>\n<meta property=\"article:publisher\" content=\"https:\/\/www.facebook.com\/Bebe.O.Chaud\" \/>\n<meta property=\"article:modified_time\" content=\"2020-06-25T22:08:17+00:00\" \/>\n<meta property=\"og:image\" content=\"https:\/\/bebeochaud.com\/wp-content\/uploads\/2020\/03\/Fresque_Foret_Quebec_Lit_Cv.jpg\" \/>\n\t<meta property=\"og:image:width\" content=\"2000\" \/>\n\t<meta property=\"og:image:height\" content=\"1600\" \/>\n\t<meta property=\"og:image:type\" content=\"image\/jpeg\" \/>\n<meta name=\"twitter:card\" content=\"summary_large_image\" \/>\n<meta name=\"twitter:label1\" content=\"Est. reading time\" \/>\n\t<meta name=\"twitter:data1\" content=\"1 minute\" \/>\n<script type=\"application\/ld+json\" class=\"yoast-schema-graph\">{\"@context\":\"https:\/\/schema.org\",\"@graph\":[{\"@type\":\"WebPage\",\"@id\":\"https:\/\/bebeochaud.com\/en\/produit\/blanket-in-search-of-to-learn-while-having-fun-24h\/\",\"url\":\"https:\/\/bebeochaud.com\/en\/produit\/blanket-in-search-of-to-learn-while-having-fun-24h\/\",\"name\":\"Blanket - In search of ... To learn while having fun! 24h - B\u00e9b\u00e9 \u00d4 Chaud\",\"isPartOf\":{\"@id\":\"https:\/\/bebeochaud.com\/#website\"},\"primaryImageOfPage\":{\"@id\":\"https:\/\/bebeochaud.com\/en\/produit\/blanket-in-search-of-to-learn-while-having-fun-24h\/#primaryimage\"},\"image\":{\"@id\":\"https:\/\/bebeochaud.com\/en\/produit\/blanket-in-search-of-to-learn-while-having-fun-24h\/#primaryimage\"},\"thumbnailUrl\":\"https:\/\/bebeochaud.com\/wp-content\/uploads\/2020\/03\/Fresque_Foret_Quebec_Lit_Cv.jpg\",\"datePublished\":\"2020-05-19T23:56:23+00:00\",\"dateModified\":\"2020-06-25T22:08:17+00:00\",\"breadcrumb\":{\"@id\":\"https:\/\/bebeochaud.com\/en\/produit\/blanket-in-search-of-to-learn-while-having-fun-24h\/#breadcrumb\"},\"inLanguage\":\"en-US\",\"potentialAction\":[{\"@type\":\"ReadAction\",\"target\":[\"https:\/\/bebeochaud.com\/en\/produit\/blanket-in-search-of-to-learn-while-having-fun-24h\/\"]}]},{\"@type\":\"ImageObject\",\"inLanguage\":\"en-US\",\"@id\":\"https:\/\/bebeochaud.com\/en\/produit\/blanket-in-search-of-to-learn-while-having-fun-24h\/#primaryimage\",\"url\":\"https:\/\/bebeochaud.com\/wp-content\/uploads\/2020\/03\/Fresque_Foret_Quebec_Lit_Cv.jpg\",\"contentUrl\":\"https:\/\/bebeochaud.com\/wp-content\/uploads\/2020\/03\/Fresque_Foret_Quebec_Lit_Cv.jpg\",\"width\":2000,\"height\":1600},{\"@type\":\"BreadcrumbList\",\"@id\":\"https:\/\/bebeochaud.com\/en\/produit\/blanket-in-search-of-to-learn-while-having-fun-24h\/#breadcrumb\",\"itemListElement\":[{\"@type\":\"ListItem\",\"position\":1,\"name\":\"Accueil\",\"item\":\"https:\/\/bebeochaud.com\/en\/\"},{\"@type\":\"ListItem\",\"position\":2,\"name\":\"Shop\",\"item\":\"https:\/\/bebeochaud.com\/en\/shop\/\"},{\"@type\":\"ListItem\",\"position\":3,\"name\":\"Blanket &#8211; In search of &#8230; To learn while having fun! 24h\"}]},{\"@type\":\"WebSite\",\"@id\":\"https:\/\/bebeochaud.com\/#website\",\"url\":\"https:\/\/bebeochaud.com\/\",\"name\":\"B\u00e9b\u00e9 \u00d4 Chaud\",\"description\":\"V\u00eatements et accessoires pour b\u00e9b\u00e9s\",\"publisher\":{\"@id\":\"https:\/\/bebeochaud.com\/#organization\"},\"potentialAction\":[{\"@type\":\"SearchAction\",\"target\":{\"@type\":\"EntryPoint\",\"urlTemplate\":\"https:\/\/bebeochaud.com\/?s={search_term_string}\"},\"query-input\":{\"@type\":\"PropertyValueSpecification\",\"valueRequired\":true,\"valueName\":\"search_term_string\"}}],\"inLanguage\":\"en-US\"},{\"@type\":\"Organization\",\"@id\":\"https:\/\/bebeochaud.com\/#organization\",\"name\":\"B\u00e9b\u00e9 \u00f4 Chaud\",\"url\":\"https:\/\/bebeochaud.com\/\",\"logo\":{\"@type\":\"ImageObject\",\"inLanguage\":\"en-US\",\"@id\":\"https:\/\/bebeochaud.com\/#\/schema\/logo\/image\/\",\"url\":\"https:\/\/bebeochaud.com\/wp-content\/uploads\/2021\/06\/logo-noir-gris-carre.png\",\"contentUrl\":\"https:\/\/bebeochaud.com\/wp-content\/uploads\/2021\/06\/logo-noir-gris-carre.png\",\"width\":358,\"height\":277,\"caption\":\"B\u00e9b\u00e9 \u00f4 Chaud\"},\"image\":{\"@id\":\"https:\/\/bebeochaud.com\/#\/schema\/logo\/image\/\"},\"sameAs\":[\"https:\/\/www.facebook.com\/Bebe.O.Chaud\"]}]}<\/script>\n<!-- \/ Yoast SEO plugin. -->","yoast_head_json":{"title":"Blanket - In search of ... To learn while having fun! 24h - B\u00e9b\u00e9 \u00d4 Chaud","robots":{"index":"index","follow":"follow","max-snippet":"max-snippet:-1","max-image-preview":"max-image-preview:large","max-video-preview":"max-video-preview:-1"},"canonical":"https:\/\/bebeochaud.com\/en\/produit\/blanket-in-search-of-to-learn-while-having-fun-24h\/","og_locale":"en_US","og_type":"article","og_title":"Blanket - In search of ... To learn while having fun! 24h - B\u00e9b\u00e9 \u00d4 Chaud","og_description":"Composition : 100 % polyester  Maintenance : Can go to the washer and dryer  Size : 105 cm X 75 cm  Fabrics : Minky  Color\/Design : Recto : illustration from Manue iluustration |\u00a9 B\u00e9b\u00e9 \u00d4 Chaud 2020,All rights reserved  Back Color : Green Apple","og_url":"https:\/\/bebeochaud.com\/en\/produit\/blanket-in-search-of-to-learn-while-having-fun-24h\/","og_site_name":"B\u00e9b\u00e9 \u00d4 Chaud","article_publisher":"https:\/\/www.facebook.com\/Bebe.O.Chaud","article_modified_time":"2020-06-25T22:08:17+00:00","og_image":[{"width":2000,"height":1600,"url":"https:\/\/bebeochaud.com\/wp-content\/uploads\/2020\/03\/Fresque_Foret_Quebec_Lit_Cv.jpg","type":"image\/jpeg"}],"twitter_card":"summary_large_image","twitter_misc":{"Est. reading time":"1 minute"},"schema":{"@context":"https:\/\/schema.org","@graph":[{"@type":"WebPage","@id":"https:\/\/bebeochaud.com\/en\/produit\/blanket-in-search-of-to-learn-while-having-fun-24h\/","url":"https:\/\/bebeochaud.com\/en\/produit\/blanket-in-search-of-to-learn-while-having-fun-24h\/","name":"Blanket - In search of ... To learn while having fun! 24h - B\u00e9b\u00e9 \u00d4 Chaud","isPartOf":{"@id":"https:\/\/bebeochaud.com\/#website"},"primaryImageOfPage":{"@id":"https:\/\/bebeochaud.com\/en\/produit\/blanket-in-search-of-to-learn-while-having-fun-24h\/#primaryimage"},"image":{"@id":"https:\/\/bebeochaud.com\/en\/produit\/blanket-in-search-of-to-learn-while-having-fun-24h\/#primaryimage"},"thumbnailUrl":"https:\/\/bebeochaud.com\/wp-content\/uploads\/2020\/03\/Fresque_Foret_Quebec_Lit_Cv.jpg","datePublished":"2020-05-19T23:56:23+00:00","dateModified":"2020-06-25T22:08:17+00:00","breadcrumb":{"@id":"https:\/\/bebeochaud.com\/en\/produit\/blanket-in-search-of-to-learn-while-having-fun-24h\/#breadcrumb"},"inLanguage":"en-US","potentialAction":[{"@type":"ReadAction","target":["https:\/\/bebeochaud.com\/en\/produit\/blanket-in-search-of-to-learn-while-having-fun-24h\/"]}]},{"@type":"ImageObject","inLanguage":"en-US","@id":"https:\/\/bebeochaud.com\/en\/produit\/blanket-in-search-of-to-learn-while-having-fun-24h\/#primaryimage","url":"https:\/\/bebeochaud.com\/wp-content\/uploads\/2020\/03\/Fresque_Foret_Quebec_Lit_Cv.jpg","contentUrl":"https:\/\/bebeochaud.com\/wp-content\/uploads\/2020\/03\/Fresque_Foret_Quebec_Lit_Cv.jpg","width":2000,"height":1600},{"@type":"BreadcrumbList","@id":"https:\/\/bebeochaud.com\/en\/produit\/blanket-in-search-of-to-learn-while-having-fun-24h\/#breadcrumb","itemListElement":[{"@type":"ListItem","position":1,"name":"Accueil","item":"https:\/\/bebeochaud.com\/en\/"},{"@type":"ListItem","position":2,"name":"Shop","item":"https:\/\/bebeochaud.com\/en\/shop\/"},{"@type":"ListItem","position":3,"name":"Blanket &#8211; In search of &#8230; To learn while having fun! 24h"}]},{"@type":"WebSite","@id":"https:\/\/bebeochaud.com\/#website","url":"https:\/\/bebeochaud.com\/","name":"B\u00e9b\u00e9 \u00d4 Chaud","description":"V\u00eatements et accessoires pour b\u00e9b\u00e9s","publisher":{"@id":"https:\/\/bebeochaud.com\/#organization"},"potentialAction":[{"@type":"SearchAction","target":{"@type":"EntryPoint","urlTemplate":"https:\/\/bebeochaud.com\/?s={search_term_string}"},"query-input":{"@type":"PropertyValueSpecification","valueRequired":true,"valueName":"search_term_string"}}],"inLanguage":"en-US"},{"@type":"Organization","@id":"https:\/\/bebeochaud.com\/#organization","name":"B\u00e9b\u00e9 \u00f4 Chaud","url":"https:\/\/bebeochaud.com\/","logo":{"@type":"ImageObject","inLanguage":"en-US","@id":"https:\/\/bebeochaud.com\/#\/schema\/logo\/image\/","url":"https:\/\/bebeochaud.com\/wp-content\/uploads\/2021\/06\/logo-noir-gris-carre.png","contentUrl":"https:\/\/bebeochaud.com\/wp-content\/uploads\/2021\/06\/logo-noir-gris-carre.png","width":358,"height":277,"caption":"B\u00e9b\u00e9 \u00f4 Chaud"},"image":{"@id":"https:\/\/bebeochaud.com\/#\/schema\/logo\/image\/"},"sameAs":["https:\/\/www.facebook.com\/Bebe.O.Chaud"]}]}},"_links":{"self":[{"href":"https:\/\/bebeochaud.com\/en\/wp-json\/wp\/v2\/product\/27645","targetHints":{"allow":["GET"]}}],"collection":[{"href":"https:\/\/bebeochaud.com\/en\/wp-json\/wp\/v2\/product"}],"about":[{"href":"https:\/\/bebeochaud.com\/en\/wp-json\/wp\/v2\/types\/product"}],"replies":[{"embeddable":true,"href":"https:\/\/bebeochaud.com\/en\/wp-json\/wp\/v2\/comments?post=27645"}],"wp:featuredmedia":[{"embeddable":true,"href":"https:\/\/bebeochaud.com\/en\/wp-json\/wp\/v2\/media\/24005"}],"wp:attachment":[{"href":"https:\/\/bebeochaud.com\/en\/wp-json\/wp\/v2\/media?parent=27645"}],"wp:term":[{"taxonomy":"product_brand","embeddable":true,"href":"https:\/\/bebeochaud.com\/en\/wp-json\/wp\/v2\/product_brand?post=27645"},{"taxonomy":"product_cat","embeddable":true,"href":"https:\/\/bebeochaud.com\/en\/wp-json\/wp\/v2\/product_cat?post=27645"},{"taxonomy":"product_tag","embeddable":true,"href":"https:\/\/bebeochaud.com\/en\/wp-json\/wp\/v2\/product_tag?post=27645"}],"curies":[{"name":"wp","href":"https:\/\/api.w.org\/{rel}","templated":true}]}}