{"id":2582,"date":"2018-06-15T15:34:42","date_gmt":"2018-06-15T15:34:42","guid":{"rendered":"https:\/\/tempo.bebeochaud.com\/produit\/evolving-sweater-cotton-triangles\/"},"modified":"2020-01-07T07:37:09","modified_gmt":"2020-01-07T12:37:09","slug":"evolving-sweater-cotton-triangles","status":"publish","type":"product","link":"https:\/\/bebeochaud.com\/en\/produit\/evolving-sweater-cotton-triangles\/","title":{"rendered":"Evolving sweater &#8211; Cotton &#8220;triangles&#8221;"},"content":{"rendered":"<p>Young children keep growing, which means replacing clothing and shoes when they become too small. With adjustable waist and cuffs, evolving sweaters are a great solution to frequent shopping, while offering trendy looks that suit both toddlers and school-age children. These sweaters can be adjusted to fit children\u2019s growth over several seasons. With their quality pre-washed and pre-shrunk fabrics, they retain their original shape and texture despite repeated washing.<\/p>\n<p>The soft cotton fleece is both comfortable and warm, limiting the use of jackets for cooler spring and autumn days. Designed for durability and longevity and with a wide selection of patterns, the B\u00e9b\u00e9 \u00d4 Chaud evolving sweater will be a centerpiece of your child&#8217;s wardrobe.<\/p>\n","protected":false},"excerpt":{"rendered":"<p>Young children keep growing, which means replacing clothing and shoes when they become too small. With adjustable waist and cuffs, evolving sweaters are a great solution to frequent shopping, while offering trendy looks that suit both toddlers and school-age children. These sweaters can be adjusted to fit children\u2019s growth over several seasons. With their quality [&#8230;]\n","protected":false},"featured_media":3068,"comment_status":"open","ping_status":"closed","template":"","meta":[],"product_brand":[],"product_cat":[177],"product_tag":[],"class_list":{"0":"post-2582","1":"product","2":"type-product","3":"status-publish","4":"has-post-thumbnail","6":"product_cat-evolving-sweater","8":"first","9":"outofstock","10":"taxable","11":"shipping-taxable","12":"product-type-variable"},"yoast_head":"<!-- This site is optimized with the Yoast SEO plugin v26.6 - https:\/\/yoast.com\/wordpress\/plugins\/seo\/ -->\n<title>Evolving sweater - Cotton &quot;triangles&quot; - B\u00e9b\u00e9 \u00d4 Chaud<\/title>\n<meta name=\"robots\" content=\"index, follow, max-snippet:-1, max-image-preview:large, max-video-preview:-1\" \/>\n<link rel=\"canonical\" href=\"https:\/\/bebeochaud.com\/en\/produit\/evolving-sweater-cotton-triangles\/\" \/>\n<meta property=\"og:locale\" content=\"en_US\" \/>\n<meta property=\"og:type\" content=\"article\" \/>\n<meta property=\"og:title\" content=\"Evolving sweater - Cotton &quot;triangles&quot; - B\u00e9b\u00e9 \u00d4 Chaud\" \/>\n<meta property=\"og:description\" content=\"Young children keep growing, which means replacing clothing and shoes when they become too small. With adjustable waist and cuffs, evolving sweaters are a great solution to frequent shopping, while offering trendy looks that suit both toddlers and school-age children. These sweaters can be adjusted to fit children\u2019s growth over several seasons. With their quality [...]\" \/>\n<meta property=\"og:url\" content=\"https:\/\/bebeochaud.com\/en\/produit\/evolving-sweater-cotton-triangles\/\" \/>\n<meta property=\"og:site_name\" content=\"B\u00e9b\u00e9 \u00d4 Chaud\" \/>\n<meta property=\"article:publisher\" content=\"https:\/\/www.facebook.com\/Bebe.O.Chaud\" \/>\n<meta property=\"article:modified_time\" content=\"2020-01-07T12:37:09+00:00\" \/>\n<meta property=\"og:image\" content=\"https:\/\/bebeochaud.com\/wp-content\/uploads\/2018\/06\/coton-motif-de-triangles.jpg\" \/>\n\t<meta property=\"og:image:width\" content=\"640\" \/>\n\t<meta property=\"og:image:height\" content=\"960\" \/>\n\t<meta property=\"og:image:type\" content=\"image\/jpeg\" \/>\n<meta name=\"twitter:card\" content=\"summary_large_image\" \/>\n<meta name=\"twitter:label1\" content=\"Est. reading time\" \/>\n\t<meta name=\"twitter:data1\" content=\"1 minute\" \/>\n<script type=\"application\/ld+json\" class=\"yoast-schema-graph\">{\"@context\":\"https:\/\/schema.org\",\"@graph\":[{\"@type\":\"WebPage\",\"@id\":\"https:\/\/bebeochaud.com\/en\/produit\/evolving-sweater-cotton-triangles\/\",\"url\":\"https:\/\/bebeochaud.com\/en\/produit\/evolving-sweater-cotton-triangles\/\",\"name\":\"Evolving sweater - Cotton \\\"triangles\\\" - B\u00e9b\u00e9 \u00d4 Chaud\",\"isPartOf\":{\"@id\":\"https:\/\/bebeochaud.com\/#website\"},\"primaryImageOfPage\":{\"@id\":\"https:\/\/bebeochaud.com\/en\/produit\/evolving-sweater-cotton-triangles\/#primaryimage\"},\"image\":{\"@id\":\"https:\/\/bebeochaud.com\/en\/produit\/evolving-sweater-cotton-triangles\/#primaryimage\"},\"thumbnailUrl\":\"https:\/\/bebeochaud.com\/wp-content\/uploads\/2018\/06\/coton-motif-de-triangles.jpg\",\"datePublished\":\"2018-06-15T15:34:42+00:00\",\"dateModified\":\"2020-01-07T12:37:09+00:00\",\"breadcrumb\":{\"@id\":\"https:\/\/bebeochaud.com\/en\/produit\/evolving-sweater-cotton-triangles\/#breadcrumb\"},\"inLanguage\":\"en-US\",\"potentialAction\":[{\"@type\":\"ReadAction\",\"target\":[\"https:\/\/bebeochaud.com\/en\/produit\/evolving-sweater-cotton-triangles\/\"]}]},{\"@type\":\"ImageObject\",\"inLanguage\":\"en-US\",\"@id\":\"https:\/\/bebeochaud.com\/en\/produit\/evolving-sweater-cotton-triangles\/#primaryimage\",\"url\":\"https:\/\/bebeochaud.com\/wp-content\/uploads\/2018\/06\/coton-motif-de-triangles.jpg\",\"contentUrl\":\"https:\/\/bebeochaud.com\/wp-content\/uploads\/2018\/06\/coton-motif-de-triangles.jpg\",\"width\":640,\"height\":960},{\"@type\":\"BreadcrumbList\",\"@id\":\"https:\/\/bebeochaud.com\/en\/produit\/evolving-sweater-cotton-triangles\/#breadcrumb\",\"itemListElement\":[{\"@type\":\"ListItem\",\"position\":1,\"name\":\"Accueil\",\"item\":\"https:\/\/bebeochaud.com\/en\/\"},{\"@type\":\"ListItem\",\"position\":2,\"name\":\"Shop\",\"item\":\"https:\/\/bebeochaud.com\/en\/shop\/\"},{\"@type\":\"ListItem\",\"position\":3,\"name\":\"Evolving sweater &#8211; Cotton &#8220;triangles&#8221;\"}]},{\"@type\":\"WebSite\",\"@id\":\"https:\/\/bebeochaud.com\/#website\",\"url\":\"https:\/\/bebeochaud.com\/\",\"name\":\"B\u00e9b\u00e9 \u00d4 Chaud\",\"description\":\"V\u00eatements et accessoires pour b\u00e9b\u00e9s\",\"publisher\":{\"@id\":\"https:\/\/bebeochaud.com\/#organization\"},\"potentialAction\":[{\"@type\":\"SearchAction\",\"target\":{\"@type\":\"EntryPoint\",\"urlTemplate\":\"https:\/\/bebeochaud.com\/?s={search_term_string}\"},\"query-input\":{\"@type\":\"PropertyValueSpecification\",\"valueRequired\":true,\"valueName\":\"search_term_string\"}}],\"inLanguage\":\"en-US\"},{\"@type\":\"Organization\",\"@id\":\"https:\/\/bebeochaud.com\/#organization\",\"name\":\"B\u00e9b\u00e9 \u00f4 Chaud\",\"url\":\"https:\/\/bebeochaud.com\/\",\"logo\":{\"@type\":\"ImageObject\",\"inLanguage\":\"en-US\",\"@id\":\"https:\/\/bebeochaud.com\/#\/schema\/logo\/image\/\",\"url\":\"https:\/\/bebeochaud.com\/wp-content\/uploads\/2021\/06\/logo-noir-gris-carre.png\",\"contentUrl\":\"https:\/\/bebeochaud.com\/wp-content\/uploads\/2021\/06\/logo-noir-gris-carre.png\",\"width\":358,\"height\":277,\"caption\":\"B\u00e9b\u00e9 \u00f4 Chaud\"},\"image\":{\"@id\":\"https:\/\/bebeochaud.com\/#\/schema\/logo\/image\/\"},\"sameAs\":[\"https:\/\/www.facebook.com\/Bebe.O.Chaud\"]}]}<\/script>\n<!-- \/ Yoast SEO plugin. -->","yoast_head_json":{"title":"Evolving sweater - Cotton \"triangles\" - B\u00e9b\u00e9 \u00d4 Chaud","robots":{"index":"index","follow":"follow","max-snippet":"max-snippet:-1","max-image-preview":"max-image-preview:large","max-video-preview":"max-video-preview:-1"},"canonical":"https:\/\/bebeochaud.com\/en\/produit\/evolving-sweater-cotton-triangles\/","og_locale":"en_US","og_type":"article","og_title":"Evolving sweater - Cotton \"triangles\" - B\u00e9b\u00e9 \u00d4 Chaud","og_description":"Young children keep growing, which means replacing clothing and shoes when they become too small. With adjustable waist and cuffs, evolving sweaters are a great solution to frequent shopping, while offering trendy looks that suit both toddlers and school-age children. These sweaters can be adjusted to fit children\u2019s growth over several seasons. With their quality [...]","og_url":"https:\/\/bebeochaud.com\/en\/produit\/evolving-sweater-cotton-triangles\/","og_site_name":"B\u00e9b\u00e9 \u00d4 Chaud","article_publisher":"https:\/\/www.facebook.com\/Bebe.O.Chaud","article_modified_time":"2020-01-07T12:37:09+00:00","og_image":[{"width":640,"height":960,"url":"https:\/\/bebeochaud.com\/wp-content\/uploads\/2018\/06\/coton-motif-de-triangles.jpg","type":"image\/jpeg"}],"twitter_card":"summary_large_image","twitter_misc":{"Est. reading time":"1 minute"},"schema":{"@context":"https:\/\/schema.org","@graph":[{"@type":"WebPage","@id":"https:\/\/bebeochaud.com\/en\/produit\/evolving-sweater-cotton-triangles\/","url":"https:\/\/bebeochaud.com\/en\/produit\/evolving-sweater-cotton-triangles\/","name":"Evolving sweater - Cotton \"triangles\" - B\u00e9b\u00e9 \u00d4 Chaud","isPartOf":{"@id":"https:\/\/bebeochaud.com\/#website"},"primaryImageOfPage":{"@id":"https:\/\/bebeochaud.com\/en\/produit\/evolving-sweater-cotton-triangles\/#primaryimage"},"image":{"@id":"https:\/\/bebeochaud.com\/en\/produit\/evolving-sweater-cotton-triangles\/#primaryimage"},"thumbnailUrl":"https:\/\/bebeochaud.com\/wp-content\/uploads\/2018\/06\/coton-motif-de-triangles.jpg","datePublished":"2018-06-15T15:34:42+00:00","dateModified":"2020-01-07T12:37:09+00:00","breadcrumb":{"@id":"https:\/\/bebeochaud.com\/en\/produit\/evolving-sweater-cotton-triangles\/#breadcrumb"},"inLanguage":"en-US","potentialAction":[{"@type":"ReadAction","target":["https:\/\/bebeochaud.com\/en\/produit\/evolving-sweater-cotton-triangles\/"]}]},{"@type":"ImageObject","inLanguage":"en-US","@id":"https:\/\/bebeochaud.com\/en\/produit\/evolving-sweater-cotton-triangles\/#primaryimage","url":"https:\/\/bebeochaud.com\/wp-content\/uploads\/2018\/06\/coton-motif-de-triangles.jpg","contentUrl":"https:\/\/bebeochaud.com\/wp-content\/uploads\/2018\/06\/coton-motif-de-triangles.jpg","width":640,"height":960},{"@type":"BreadcrumbList","@id":"https:\/\/bebeochaud.com\/en\/produit\/evolving-sweater-cotton-triangles\/#breadcrumb","itemListElement":[{"@type":"ListItem","position":1,"name":"Accueil","item":"https:\/\/bebeochaud.com\/en\/"},{"@type":"ListItem","position":2,"name":"Shop","item":"https:\/\/bebeochaud.com\/en\/shop\/"},{"@type":"ListItem","position":3,"name":"Evolving sweater &#8211; Cotton &#8220;triangles&#8221;"}]},{"@type":"WebSite","@id":"https:\/\/bebeochaud.com\/#website","url":"https:\/\/bebeochaud.com\/","name":"B\u00e9b\u00e9 \u00d4 Chaud","description":"V\u00eatements et accessoires pour b\u00e9b\u00e9s","publisher":{"@id":"https:\/\/bebeochaud.com\/#organization"},"potentialAction":[{"@type":"SearchAction","target":{"@type":"EntryPoint","urlTemplate":"https:\/\/bebeochaud.com\/?s={search_term_string}"},"query-input":{"@type":"PropertyValueSpecification","valueRequired":true,"valueName":"search_term_string"}}],"inLanguage":"en-US"},{"@type":"Organization","@id":"https:\/\/bebeochaud.com\/#organization","name":"B\u00e9b\u00e9 \u00f4 Chaud","url":"https:\/\/bebeochaud.com\/","logo":{"@type":"ImageObject","inLanguage":"en-US","@id":"https:\/\/bebeochaud.com\/#\/schema\/logo\/image\/","url":"https:\/\/bebeochaud.com\/wp-content\/uploads\/2021\/06\/logo-noir-gris-carre.png","contentUrl":"https:\/\/bebeochaud.com\/wp-content\/uploads\/2021\/06\/logo-noir-gris-carre.png","width":358,"height":277,"caption":"B\u00e9b\u00e9 \u00f4 Chaud"},"image":{"@id":"https:\/\/bebeochaud.com\/#\/schema\/logo\/image\/"},"sameAs":["https:\/\/www.facebook.com\/Bebe.O.Chaud"]}]}},"_links":{"self":[{"href":"https:\/\/bebeochaud.com\/en\/wp-json\/wp\/v2\/product\/2582","targetHints":{"allow":["GET"]}}],"collection":[{"href":"https:\/\/bebeochaud.com\/en\/wp-json\/wp\/v2\/product"}],"about":[{"href":"https:\/\/bebeochaud.com\/en\/wp-json\/wp\/v2\/types\/product"}],"replies":[{"embeddable":true,"href":"https:\/\/bebeochaud.com\/en\/wp-json\/wp\/v2\/comments?post=2582"}],"wp:featuredmedia":[{"embeddable":true,"href":"https:\/\/bebeochaud.com\/en\/wp-json\/wp\/v2\/media\/3068"}],"wp:attachment":[{"href":"https:\/\/bebeochaud.com\/en\/wp-json\/wp\/v2\/media?parent=2582"}],"wp:term":[{"taxonomy":"product_brand","embeddable":true,"href":"https:\/\/bebeochaud.com\/en\/wp-json\/wp\/v2\/product_brand?post=2582"},{"taxonomy":"product_cat","embeddable":true,"href":"https:\/\/bebeochaud.com\/en\/wp-json\/wp\/v2\/product_cat?post=2582"},{"taxonomy":"product_tag","embeddable":true,"href":"https:\/\/bebeochaud.com\/en\/wp-json\/wp\/v2\/product_tag?post=2582"}],"curies":[{"name":"wp","href":"https:\/\/api.w.org\/{rel}","templated":true}]}}