{"id":15568,"date":"2019-07-25T12:09:10","date_gmt":"2019-07-25T17:09:10","guid":{"rendered":"https:\/\/bebeochaud.com\/o-chaud-pantoufles\/"},"modified":"2025-05-06T09:18:48","modified_gmt":"2025-05-06T14:18:48","slug":"slippers","status":"publish","type":"page","link":"https:\/\/bebeochaud.com\/en\/slippers\/","title":{"rendered":"Slippers"},"content":{"rendered":"\n<h2>Nos pantoufles<\/h2>\n<h4>\u00c0 confectionner<\/h4>\n<p>Voici tous les produits que nous pouvons confectionner pr\u00e9sentement. <br \/>\nPr\u00e9voyez un d\u00e9lais d\u2019environ 7 \u00e0 14 jours avant l\u2019exp\u00e9dition.<\/p>\n\n\n  \n    <div class=\"row large-columns-5 medium-columns-3 small-columns-2 row-small\" >\n  <div class=\"product-category col\" >\n            <div class=\"col-inner\">\n              <a aria-label=\"Visit product category Slippers solid color\" href=\"https:\/\/bebeochaud.com\/en\/categorie-produit\/slippers-solid-color\/\"><span class=\"prdctfltr_cat_support\" style=\"display:none!important;\" data-slug=\"slippers-solid-color\"><\/span>                <div class=\"box box-category has-hover box-normal \">\n                <div class=\"box-image\" >\n                  <div class=\"\" >\n                  <img loading=\"lazy\" decoding=\"async\" src=\"https:\/\/bebeochaud.com\/wp-content\/uploads\/2023\/07\/denim_lisse-300x300.jpg\" alt=\"Slippers solid color\" width=\"300\" height=\"300\" \/>                                                      <\/div>\n                <\/div>\n                <div class=\"box-text text-center\" >\n                  <div class=\"box-text-inner\">\n                      <h5 class=\"uppercase header-title\">\n                              Slippers solid color                      <\/h5>\n                                            <p class=\"is-xsmall uppercase count \">\n\t                       <mark class=\"count\">(40)<\/mark>                      <\/p>\n                                            \n                  <\/div>\n                <\/div>\n                <\/div>\n            <\/a>            <\/div>\n            <\/div><div class=\"product-category col\" >\n            <div class=\"col-inner\">\n              <a aria-label=\"Visit product category Slippers print\" href=\"https:\/\/bebeochaud.com\/en\/categorie-produit\/velcro-slippers\/\"><span class=\"prdctfltr_cat_support\" style=\"display:none!important;\" data-slug=\"velcro-slippers\"><\/span>                <div class=\"box box-category has-hover box-normal \">\n                <div class=\"box-image\" >\n                  <div class=\"\" >\n                  <img loading=\"lazy\" decoding=\"async\" src=\"https:\/\/bebeochaud.com\/wp-content\/uploads\/2023\/12\/Rose_Blanche_04-300x300.jpg\" alt=\"Slippers print\" width=\"300\" height=\"300\" \/>                                                      <\/div>\n                <\/div>\n                <div class=\"box-text text-center\" >\n                  <div class=\"box-text-inner\">\n                      <h5 class=\"uppercase header-title\">\n                              Slippers print                      <\/h5>\n                                            <p class=\"is-xsmall uppercase count \">\n\t                       <mark class=\"count\">(353)<\/mark>                      <\/p>\n                                            \n                  <\/div>\n                <\/div>\n                <\/div>\n            <\/a>            <\/div>\n            <\/div><div class=\"product-category col\" >\n            <div class=\"col-inner\">\n              <a aria-label=\"Visit product category Slippers Sherpa\" href=\"https:\/\/bebeochaud.com\/en\/categorie-produit\/slippers-sherpa\/\"><span class=\"prdctfltr_cat_support\" style=\"display:none!important;\" data-slug=\"slippers-sherpa\"><\/span>                <div class=\"box box-category has-hover box-normal \">\n                <div class=\"box-image\" >\n                  <div class=\"\" >\n                  <img loading=\"lazy\" decoding=\"async\" src=\"https:\/\/bebeochaud.com\/wp-content\/uploads\/2024\/04\/431902341_18281254780167655_5888010588217155926_n-300x300.jpg\" alt=\"Slippers Sherpa\" width=\"300\" height=\"300\" \/>                                                      <\/div>\n                <\/div>\n                <div class=\"box-text text-center\" >\n                  <div class=\"box-text-inner\">\n                      <h5 class=\"uppercase header-title\">\n                              Slippers Sherpa                      <\/h5>\n                                            <p class=\"is-xsmall uppercase count \">\n\t                       <mark class=\"count\">(7)<\/mark>                      <\/p>\n                                            \n                  <\/div>\n                <\/div>\n                <\/div>\n            <\/a>            <\/div>\n            <\/div><div class=\"product-category col\" >\n            <div class=\"col-inner\">\n              <a aria-label=\"Visit product category Slippers Ratine\" href=\"https:\/\/bebeochaud.com\/en\/categorie-produit\/slippers-ratine\/\"><span class=\"prdctfltr_cat_support\" style=\"display:none!important;\" data-slug=\"slippers-ratine\"><\/span>                <div class=\"box box-category has-hover box-normal \">\n                <div class=\"box-image\" >\n                  <div class=\"\" >\n                  <img loading=\"lazy\" decoding=\"async\" src=\"https:\/\/bebeochaud.com\/wp-content\/uploads\/2024\/04\/pantoufles-bebe-o-chaud-ratine-bambou-coton-chaussons-bebe-enfant-produit-quebecois-scaled-e1713403323731-300x300.webp\" alt=\"Slippers Ratine\" width=\"300\" height=\"300\" \/>                                                      <\/div>\n                <\/div>\n                <div class=\"box-text text-center\" >\n                  <div class=\"box-text-inner\">\n                      <h5 class=\"uppercase header-title\">\n                              Slippers Ratine                      <\/h5>\n                                            <p class=\"is-xsmall uppercase count \">\n\t                       <mark class=\"count\">(10)<\/mark>                      <\/p>\n                                            \n                  <\/div>\n                <\/div>\n                <\/div>\n            <\/a>            <\/div>\n            <\/div><div class=\"product-category col\" >\n            <div class=\"col-inner\">\n              <a aria-label=\"Visit product category Slippers for adults\" href=\"https:\/\/bebeochaud.com\/en\/categorie-produit\/slippers-for-adults\/\"><span class=\"prdctfltr_cat_support\" style=\"display:none!important;\" data-slug=\"slippers-for-adults\"><\/span>                <div class=\"box box-category has-hover box-normal \">\n                <div class=\"box-image\" >\n                  <div class=\"\" >\n                  <img loading=\"lazy\" decoding=\"async\" src=\"https:\/\/bebeochaud.com\/wp-content\/uploads\/2022\/10\/Untdddditled-1-300x300.jpg\" alt=\"Slippers for adults\" width=\"300\" height=\"300\" \/>                                                      <\/div>\n                <\/div>\n                <div class=\"box-text text-center\" >\n                  <div class=\"box-text-inner\">\n                      <h5 class=\"uppercase header-title\">\n                              Slippers for adults                      <\/h5>\n                                            <p class=\"is-xsmall uppercase count \">\n\t                       <mark class=\"count\">(2)<\/mark>                      <\/p>\n                                            \n                  <\/div>\n                <\/div>\n                <\/div>\n            <\/a>            <\/div>\n            <\/div><\/div>\n\n<h4>En inventaire<\/h4>\n<p>Voici tous les produits en stock et disponibles \u00e0 l\u2019exp\u00e9dition en 24h.<\/p>\n\n\n  \n    <div class=\"row large-columns-4 medium-columns-3 small-columns-2 row-small\" >\n  <div class=\"product-category col\" >\n            <div class=\"col-inner\">\n              <a aria-label=\"Visit product category Slippers minky solid color\" href=\"https:\/\/bebeochaud.com\/en\/categorie-produit\/24h-en\/slippers-minky-solid-color-24h\/\"><span class=\"prdctfltr_cat_support\" style=\"display:none!important;\" data-slug=\"slippers-minky-solid-color-24h\"><\/span>                <div class=\"box box-category has-hover box-normal \">\n                <div class=\"box-image\" >\n                  <div class=\"\" >\n                  <img loading=\"lazy\" decoding=\"async\" src=\"https:\/\/bebeochaud.com\/wp-content\/uploads\/2023\/07\/denim_lisse-300x300.jpg\" alt=\"Slippers minky solid color\" width=\"300\" height=\"300\" \/>                                                      <\/div>\n                <\/div>\n                <div class=\"box-text text-center\" >\n                  <div class=\"box-text-inner\">\n                      <h5 class=\"uppercase header-title\">\n                              Slippers minky solid color                      <\/h5>\n                                            <p class=\"is-xsmall uppercase count \">\n\t                       <mark class=\"count\">(53)<\/mark>                      <\/p>\n                                            \n                  <\/div>\n                <\/div>\n                <\/div>\n            <\/a>            <\/div>\n            <\/div><div class=\"product-category col\" >\n            <div class=\"col-inner\">\n              <a aria-label=\"Visit product category Slippers print\" href=\"https:\/\/bebeochaud.com\/en\/categorie-produit\/24h-en\/24h-velcro-slippers\/\"><span class=\"prdctfltr_cat_support\" style=\"display:none!important;\" data-slug=\"24h-velcro-slippers\"><\/span>                <div class=\"box box-category has-hover box-normal \">\n                <div class=\"box-image\" >\n                  <div class=\"\" >\n                  <img loading=\"lazy\" decoding=\"async\" src=\"https:\/\/bebeochaud.com\/wp-content\/uploads\/2023\/12\/Animaux_Damerique_04-300x300.jpg\" alt=\"Slippers print\" width=\"300\" height=\"300\" \/>                                                      <\/div>\n                <\/div>\n                <div class=\"box-text text-center\" >\n                  <div class=\"box-text-inner\">\n                      <h5 class=\"uppercase header-title\">\n                              Slippers print                      <\/h5>\n                                            <p class=\"is-xsmall uppercase count \">\n\t                       <mark class=\"count\">(282)<\/mark>                      <\/p>\n                                            \n                  <\/div>\n                <\/div>\n                <\/div>\n            <\/a>            <\/div>\n            <\/div><div class=\"product-category col\" >\n            <div class=\"col-inner\">\n              <a aria-label=\"Visit product category Slippers Sherpa\" href=\"https:\/\/bebeochaud.com\/en\/categorie-produit\/24h-en\/slippers-sherpa-24h\/\"><span class=\"prdctfltr_cat_support\" style=\"display:none!important;\" data-slug=\"slippers-sherpa-24h\"><\/span>                <div class=\"box box-category has-hover box-normal \">\n                <div class=\"box-image\" >\n                  <div class=\"\" >\n                  <img loading=\"lazy\" decoding=\"async\" src=\"https:\/\/bebeochaud.com\/wp-content\/uploads\/2024\/04\/431902341_18281254780167655_5888010588217155926_n-300x300.jpg\" alt=\"Slippers Sherpa\" width=\"300\" height=\"300\" \/>                                                      <\/div>\n                <\/div>\n                <div class=\"box-text text-center\" >\n                  <div class=\"box-text-inner\">\n                      <h5 class=\"uppercase header-title\">\n                              Slippers Sherpa                      <\/h5>\n                                            <p class=\"is-xsmall uppercase count \">\n\t                       <mark class=\"count\">(7)<\/mark>                      <\/p>\n                                            \n                  <\/div>\n                <\/div>\n                <\/div>\n            <\/a>            <\/div>\n            <\/div><div class=\"product-category col\" >\n            <div class=\"col-inner\">\n              <a aria-label=\"Visit product category Slippers adults\" href=\"https:\/\/bebeochaud.com\/en\/categorie-produit\/24h-en\/slippers-adults-24h\/\"><span class=\"prdctfltr_cat_support\" style=\"display:none!important;\" data-slug=\"slippers-adults-24h\"><\/span>                <div class=\"box box-category has-hover box-normal \">\n                <div class=\"box-image\" >\n                  <div class=\"\" >\n                  <img loading=\"lazy\" decoding=\"async\" src=\"https:\/\/bebeochaud.com\/wp-content\/uploads\/woocommerce-placeholder-300x300.png\" alt=\"Slippers adults\" width=\"300\" height=\"300\" \/>                                                      <\/div>\n                <\/div>\n                <div class=\"box-text text-center\" >\n                  <div class=\"box-text-inner\">\n                      <h5 class=\"uppercase header-title\">\n                              Slippers adults                      <\/h5>\n                                            <p class=\"is-xsmall uppercase count \">\n\t                       <mark class=\"count\">(26)<\/mark>                      <\/p>\n                                            \n                  <\/div>\n                <\/div>\n                <\/div>\n            <\/a>            <\/div>\n            <\/div><\/div>\n\n\n","protected":false},"excerpt":{"rendered":"","protected":false},"author":1731,"featured_media":0,"parent":0,"menu_order":0,"comment_status":"closed","ping_status":"closed","template":"","meta":{"footnotes":""},"class_list":["post-15568","page","type-page","status-publish","hentry"],"yoast_head":"<!-- This site is optimized with the Yoast SEO plugin v26.6 - https:\/\/yoast.com\/wordpress\/plugins\/seo\/ -->\n<title>Slippers - B\u00e9b\u00e9 \u00d4 Chaud<\/title>\n<meta name=\"robots\" content=\"index, follow, max-snippet:-1, max-image-preview:large, max-video-preview:-1\" \/>\n<link rel=\"canonical\" href=\"https:\/\/bebeochaud.com\/en\/slippers\/\" \/>\n<meta property=\"og:locale\" content=\"en_US\" \/>\n<meta property=\"og:type\" content=\"article\" \/>\n<meta property=\"og:title\" content=\"Slippers - B\u00e9b\u00e9 \u00d4 Chaud\" \/>\n<meta property=\"og:url\" content=\"https:\/\/bebeochaud.com\/en\/slippers\/\" \/>\n<meta property=\"og:site_name\" content=\"B\u00e9b\u00e9 \u00d4 Chaud\" \/>\n<meta property=\"article:publisher\" content=\"https:\/\/www.facebook.com\/Bebe.O.Chaud\" \/>\n<meta property=\"article:modified_time\" content=\"2025-05-06T14:18:48+00:00\" \/>\n<meta name=\"twitter:card\" content=\"summary_large_image\" \/>\n<script type=\"application\/ld+json\" class=\"yoast-schema-graph\">{\"@context\":\"https:\/\/schema.org\",\"@graph\":[{\"@type\":\"WebPage\",\"@id\":\"https:\/\/bebeochaud.com\/en\/slippers\/\",\"url\":\"https:\/\/bebeochaud.com\/en\/slippers\/\",\"name\":\"Slippers - B\u00e9b\u00e9 \u00d4 Chaud\",\"isPartOf\":{\"@id\":\"https:\/\/bebeochaud.com\/#website\"},\"datePublished\":\"2019-07-25T17:09:10+00:00\",\"dateModified\":\"2025-05-06T14:18:48+00:00\",\"breadcrumb\":{\"@id\":\"https:\/\/bebeochaud.com\/en\/slippers\/#breadcrumb\"},\"inLanguage\":\"en-US\",\"potentialAction\":[{\"@type\":\"ReadAction\",\"target\":[\"https:\/\/bebeochaud.com\/en\/slippers\/\"]}]},{\"@type\":\"BreadcrumbList\",\"@id\":\"https:\/\/bebeochaud.com\/en\/slippers\/#breadcrumb\",\"itemListElement\":[{\"@type\":\"ListItem\",\"position\":1,\"name\":\"Accueil\",\"item\":\"https:\/\/bebeochaud.com\/en\/\"},{\"@type\":\"ListItem\",\"position\":2,\"name\":\"Slippers\"}]},{\"@type\":\"WebSite\",\"@id\":\"https:\/\/bebeochaud.com\/#website\",\"url\":\"https:\/\/bebeochaud.com\/\",\"name\":\"B\u00e9b\u00e9 \u00d4 Chaud\",\"description\":\"V\u00eatements et accessoires pour b\u00e9b\u00e9s\",\"publisher\":{\"@id\":\"https:\/\/bebeochaud.com\/#organization\"},\"potentialAction\":[{\"@type\":\"SearchAction\",\"target\":{\"@type\":\"EntryPoint\",\"urlTemplate\":\"https:\/\/bebeochaud.com\/?s={search_term_string}\"},\"query-input\":{\"@type\":\"PropertyValueSpecification\",\"valueRequired\":true,\"valueName\":\"search_term_string\"}}],\"inLanguage\":\"en-US\"},{\"@type\":\"Organization\",\"@id\":\"https:\/\/bebeochaud.com\/#organization\",\"name\":\"B\u00e9b\u00e9 \u00f4 Chaud\",\"url\":\"https:\/\/bebeochaud.com\/\",\"logo\":{\"@type\":\"ImageObject\",\"inLanguage\":\"en-US\",\"@id\":\"https:\/\/bebeochaud.com\/#\/schema\/logo\/image\/\",\"url\":\"https:\/\/bebeochaud.com\/wp-content\/uploads\/2021\/06\/logo-noir-gris-carre.png\",\"contentUrl\":\"https:\/\/bebeochaud.com\/wp-content\/uploads\/2021\/06\/logo-noir-gris-carre.png\",\"width\":358,\"height\":277,\"caption\":\"B\u00e9b\u00e9 \u00f4 Chaud\"},\"image\":{\"@id\":\"https:\/\/bebeochaud.com\/#\/schema\/logo\/image\/\"},\"sameAs\":[\"https:\/\/www.facebook.com\/Bebe.O.Chaud\"]}]}<\/script>\n<!-- \/ Yoast SEO plugin. -->","yoast_head_json":{"title":"Slippers - B\u00e9b\u00e9 \u00d4 Chaud","robots":{"index":"index","follow":"follow","max-snippet":"max-snippet:-1","max-image-preview":"max-image-preview:large","max-video-preview":"max-video-preview:-1"},"canonical":"https:\/\/bebeochaud.com\/en\/slippers\/","og_locale":"en_US","og_type":"article","og_title":"Slippers - B\u00e9b\u00e9 \u00d4 Chaud","og_url":"https:\/\/bebeochaud.com\/en\/slippers\/","og_site_name":"B\u00e9b\u00e9 \u00d4 Chaud","article_publisher":"https:\/\/www.facebook.com\/Bebe.O.Chaud","article_modified_time":"2025-05-06T14:18:48+00:00","twitter_card":"summary_large_image","schema":{"@context":"https:\/\/schema.org","@graph":[{"@type":"WebPage","@id":"https:\/\/bebeochaud.com\/en\/slippers\/","url":"https:\/\/bebeochaud.com\/en\/slippers\/","name":"Slippers - B\u00e9b\u00e9 \u00d4 Chaud","isPartOf":{"@id":"https:\/\/bebeochaud.com\/#website"},"datePublished":"2019-07-25T17:09:10+00:00","dateModified":"2025-05-06T14:18:48+00:00","breadcrumb":{"@id":"https:\/\/bebeochaud.com\/en\/slippers\/#breadcrumb"},"inLanguage":"en-US","potentialAction":[{"@type":"ReadAction","target":["https:\/\/bebeochaud.com\/en\/slippers\/"]}]},{"@type":"BreadcrumbList","@id":"https:\/\/bebeochaud.com\/en\/slippers\/#breadcrumb","itemListElement":[{"@type":"ListItem","position":1,"name":"Accueil","item":"https:\/\/bebeochaud.com\/en\/"},{"@type":"ListItem","position":2,"name":"Slippers"}]},{"@type":"WebSite","@id":"https:\/\/bebeochaud.com\/#website","url":"https:\/\/bebeochaud.com\/","name":"B\u00e9b\u00e9 \u00d4 Chaud","description":"V\u00eatements et accessoires pour b\u00e9b\u00e9s","publisher":{"@id":"https:\/\/bebeochaud.com\/#organization"},"potentialAction":[{"@type":"SearchAction","target":{"@type":"EntryPoint","urlTemplate":"https:\/\/bebeochaud.com\/?s={search_term_string}"},"query-input":{"@type":"PropertyValueSpecification","valueRequired":true,"valueName":"search_term_string"}}],"inLanguage":"en-US"},{"@type":"Organization","@id":"https:\/\/bebeochaud.com\/#organization","name":"B\u00e9b\u00e9 \u00f4 Chaud","url":"https:\/\/bebeochaud.com\/","logo":{"@type":"ImageObject","inLanguage":"en-US","@id":"https:\/\/bebeochaud.com\/#\/schema\/logo\/image\/","url":"https:\/\/bebeochaud.com\/wp-content\/uploads\/2021\/06\/logo-noir-gris-carre.png","contentUrl":"https:\/\/bebeochaud.com\/wp-content\/uploads\/2021\/06\/logo-noir-gris-carre.png","width":358,"height":277,"caption":"B\u00e9b\u00e9 \u00f4 Chaud"},"image":{"@id":"https:\/\/bebeochaud.com\/#\/schema\/logo\/image\/"},"sameAs":["https:\/\/www.facebook.com\/Bebe.O.Chaud"]}]}},"_links":{"self":[{"href":"https:\/\/bebeochaud.com\/en\/wp-json\/wp\/v2\/pages\/15568","targetHints":{"allow":["GET"]}}],"collection":[{"href":"https:\/\/bebeochaud.com\/en\/wp-json\/wp\/v2\/pages"}],"about":[{"href":"https:\/\/bebeochaud.com\/en\/wp-json\/wp\/v2\/types\/page"}],"author":[{"embeddable":true,"href":"https:\/\/bebeochaud.com\/en\/wp-json\/wp\/v2\/users\/1731"}],"replies":[{"embeddable":true,"href":"https:\/\/bebeochaud.com\/en\/wp-json\/wp\/v2\/comments?post=15568"}],"version-history":[{"count":5,"href":"https:\/\/bebeochaud.com\/en\/wp-json\/wp\/v2\/pages\/15568\/revisions"}],"predecessor-version":[{"id":111664,"href":"https:\/\/bebeochaud.com\/en\/wp-json\/wp\/v2\/pages\/15568\/revisions\/111664"}],"wp:attachment":[{"href":"https:\/\/bebeochaud.com\/en\/wp-json\/wp\/v2\/media?parent=15568"}],"curies":[{"name":"wp","href":"https:\/\/api.w.org\/{rel}","templated":true}]}}