{"id":1471,"date":"2018-07-10T15:29:35","date_gmt":"2018-07-10T15:29:35","guid":{"rendered":"https:\/\/tempo.bebeochaud.com\/?page_id=1471"},"modified":"2021-06-09T13:21:05","modified_gmt":"2021-06-09T18:21:05","slug":"boutique","status":"publish","type":"page","link":"https:\/\/bebeochaud.com\/en\/boutique\/","title":{"rendered":"Shop"},"content":{"rendered":"\n<h2>Our products<\/h2>\n<p>Here is all our products on demand.<br \/>Please note that it takes 7-10 before shipping.<br \/>For a faster shipping you can shop on &#8220;departure in 24h&#8221;.<\/p>\n<p>\u00a0<\/p>\n\n  \n    <div class=\"row large-columns-4 medium-columns-3 small-columns-2 row-small\" >\n  <div class=\"product-category col\" >\n            <div class=\"col-inner\">\n              <a aria-label=\"Visit product category Promotion\" href=\"https:\/\/bebeochaud.com\/en\/categorie-produit\/promotion-active-en\/\"><span class=\"prdctfltr_cat_support\" style=\"display:none!important;\" data-slug=\"promotion-active-en\"><\/span>                <div class=\"box box-category has-hover box-normal \">\n                <div class=\"box-image\" >\n                  <div class=\"\" >\n                  <img loading=\"lazy\" decoding=\"async\" src=\"https:\/\/bebeochaud.com\/wp-content\/uploads\/2019\/05\/promo_sale-1-300x300.jpg\" alt=\"Promotion\" width=\"300\" height=\"300\" \/>                                                      <\/div>\n                <\/div>\n                <div class=\"box-text text-center\" >\n                  <div class=\"box-text-inner\">\n                      <h5 class=\"uppercase header-title\">\n                              Promotion                      <\/h5>\n                                            <p class=\"is-xsmall uppercase count \">\n\t                       <mark class=\"count\">(89)<\/mark>                      <\/p>\n                                            \n                  <\/div>\n                <\/div>\n                <\/div>\n            <\/a>            <\/div>\n            <\/div><div class=\"product-category col\" >\n            <div class=\"col-inner\">\n              <a aria-label=\"Visit product category Muslin blankets\" href=\"https:\/\/bebeochaud.com\/en\/categorie-produit\/muslin-blanket\/\"><span class=\"prdctfltr_cat_support\" style=\"display:none!important;\" data-slug=\"muslin-blanket\"><\/span>                <div class=\"box box-category has-hover box-normal \">\n                <div class=\"box-image\" >\n                  <div class=\"\" >\n                  <img loading=\"lazy\" decoding=\"async\" src=\"https:\/\/bebeochaud.com\/wp-content\/uploads\/2025\/01\/Bebe-o-chaud-mousseline-de-bambou-fait-au-quebec-dino-boho3-300x300.jpg\" alt=\"Muslin blankets\" width=\"300\" height=\"300\" \/>                                                      <\/div>\n                <\/div>\n                <div class=\"box-text text-center\" >\n                  <div class=\"box-text-inner\">\n                      <h5 class=\"uppercase header-title\">\n                              Muslin blankets                      <\/h5>\n                                            <p class=\"is-xsmall uppercase count \">\n\t                       <mark class=\"count\">(226)<\/mark>                      <\/p>\n                                            \n                  <\/div>\n                <\/div>\n                <\/div>\n            <\/a>            <\/div>\n            <\/div><div class=\"product-category col\" >\n            <div class=\"col-inner\">\n              <a aria-label=\"Visit product category Soft blankets\" href=\"https:\/\/bebeochaud.com\/en\/categorie-produit\/plain-blanket\/\"><span class=\"prdctfltr_cat_support\" style=\"display:none!important;\" data-slug=\"plain-blanket\"><\/span>                <div class=\"box box-category has-hover box-normal \">\n                <div class=\"box-image\" >\n                  <div class=\"\" >\n                  <img loading=\"lazy\" decoding=\"async\" src=\"https:\/\/bebeochaud.com\/wp-content\/uploads\/2025\/05\/2025-mobile-couverture-300x300.jpg\" alt=\"Soft blankets\" width=\"300\" height=\"300\" \/>                                                      <\/div>\n                <\/div>\n                <div class=\"box-text text-center\" >\n                  <div class=\"box-text-inner\">\n                      <h5 class=\"uppercase header-title\">\n                              Soft blankets                      <\/h5>\n                                            <p class=\"is-xsmall uppercase count \">\n\t                       <mark class=\"count\">(343)<\/mark>                      <\/p>\n                                            \n                  <\/div>\n                <\/div>\n                <\/div>\n            <\/a>            <\/div>\n            <\/div><div class=\"product-category col\" >\n            <div class=\"col-inner\">\n              <a aria-label=\"Visit product category Thumbless mittens\" href=\"https:\/\/bebeochaud.com\/en\/categorie-produit\/thumbless-mittens\/\"><span class=\"prdctfltr_cat_support\" style=\"display:none!important;\" data-slug=\"thumbless-mittens\"><\/span>                <div class=\"box box-category has-hover box-normal \">\n                <div class=\"box-image\" >\n                  <div class=\"\" >\n                  <img loading=\"lazy\" decoding=\"async\" src=\"https:\/\/bebeochaud.com\/wp-content\/uploads\/2024\/02\/423568214_387386447233492_8759352839851494260_n-300x300.jpg\" alt=\"Thumbless mittens\" width=\"300\" height=\"300\" \/>                                                      <\/div>\n                <\/div>\n                <div class=\"box-text text-center\" >\n                  <div class=\"box-text-inner\">\n                      <h5 class=\"uppercase header-title\">\n                              Thumbless mittens                      <\/h5>\n                                            <p class=\"is-xsmall uppercase count \">\n\t                       <mark class=\"count\">(22)<\/mark>                      <\/p>\n                                            \n                  <\/div>\n                <\/div>\n                <\/div>\n            <\/a>            <\/div>\n            <\/div><div class=\"product-category col\" >\n            <div class=\"col-inner\">\n              <a aria-label=\"Visit product category Slippers print\" href=\"https:\/\/bebeochaud.com\/en\/categorie-produit\/velcro-slippers\/\"><span class=\"prdctfltr_cat_support\" style=\"display:none!important;\" data-slug=\"velcro-slippers\"><\/span>                <div class=\"box box-category has-hover box-normal \">\n                <div class=\"box-image\" >\n                  <div class=\"\" >\n                  <img loading=\"lazy\" decoding=\"async\" src=\"https:\/\/bebeochaud.com\/wp-content\/uploads\/2023\/12\/Rose_Blanche_04-300x300.jpg\" alt=\"Slippers print\" width=\"300\" height=\"300\" \/>                                                      <\/div>\n                <\/div>\n                <div class=\"box-text text-center\" >\n                  <div class=\"box-text-inner\">\n                      <h5 class=\"uppercase header-title\">\n                              Slippers print                      <\/h5>\n                                            <p class=\"is-xsmall uppercase count \">\n\t                       <mark class=\"count\">(353)<\/mark>                      <\/p>\n                                            \n                  <\/div>\n                <\/div>\n                <\/div>\n            <\/a>            <\/div>\n            <\/div><div class=\"product-category col\" >\n            <div class=\"col-inner\">\n              <a aria-label=\"Visit product category Waterproof and absorbent quilted covers\" href=\"https:\/\/bebeochaud.com\/en\/categorie-produit\/waterproof-and-absorbent-quilted-covers\/\"><span class=\"prdctfltr_cat_support\" style=\"display:none!important;\" data-slug=\"waterproof-and-absorbent-quilted-covers\"><\/span>                <div class=\"box box-category has-hover box-normal \">\n                <div class=\"box-image\" >\n                  <div class=\"\" >\n                  <img loading=\"lazy\" decoding=\"async\" src=\"https:\/\/bebeochaud.com\/wp-content\/uploads\/2018\/06\/pique-oiseaux-300x300.jpg\" alt=\"Waterproof and absorbent quilted covers\" width=\"300\" height=\"300\" \/>                                                      <\/div>\n                <\/div>\n                <div class=\"box-text text-center\" >\n                  <div class=\"box-text-inner\">\n                      <h5 class=\"uppercase header-title\">\n                              Waterproof and absorbent quilted covers                      <\/h5>\n                                            <p class=\"is-xsmall uppercase count \">\n\t                                            <\/p>\n                                            \n                  <\/div>\n                <\/div>\n                <\/div>\n            <\/a>            <\/div>\n            <\/div><div class=\"product-category col\" >\n            <div class=\"col-inner\">\n              <a aria-label=\"Visit product category Bathcapes\" href=\"https:\/\/bebeochaud.com\/en\/categorie-produit\/bathcape\/\"><span class=\"prdctfltr_cat_support\" style=\"display:none!important;\" data-slug=\"bathcape\"><\/span>                <div class=\"box box-category has-hover box-normal \">\n                <div class=\"box-image\" >\n                  <div class=\"\" >\n                  <img loading=\"lazy\" decoding=\"async\" src=\"https:\/\/bebeochaud.com\/wp-content\/uploads\/2019\/05\/60201481_658604324590140_530696643108929536_n-300x300.jpg\" alt=\"Bathcapes\" width=\"300\" height=\"300\" \/>                                                      <\/div>\n                <\/div>\n                <div class=\"box-text text-center\" >\n                  <div class=\"box-text-inner\">\n                      <h5 class=\"uppercase header-title\">\n                              Bathcapes                      <\/h5>\n                                            <p class=\"is-xsmall uppercase count \">\n\t                       <mark class=\"count\">(56)<\/mark>                      <\/p>\n                                            \n                  <\/div>\n                <\/div>\n                <\/div>\n            <\/a>            <\/div>\n            <\/div><div class=\"product-category col\" >\n            <div class=\"col-inner\">\n              <a aria-label=\"Visit product category Bear&#039;s ear tuques\" href=\"https:\/\/bebeochaud.com\/en\/categorie-produit\/bears-ear-tuques\/\"><span class=\"prdctfltr_cat_support\" style=\"display:none!important;\" data-slug=\"bears-ear-tuques\"><\/span>                <div class=\"box box-category has-hover box-normal \">\n                <div class=\"box-image\" >\n                  <div class=\"\" >\n                  <img loading=\"lazy\" decoding=\"async\" src=\"https:\/\/bebeochaud.com\/wp-content\/uploads\/2024\/10\/2024-mobile-tuques-300x300.jpg\" alt=\"Bear&#039;s ear tuques\" width=\"300\" height=\"300\" \/>                                                      <\/div>\n                <\/div>\n                <div class=\"box-text text-center\" >\n                  <div class=\"box-text-inner\">\n                      <h5 class=\"uppercase header-title\">\n                              Bear's ear tuques                      <\/h5>\n                                            <p class=\"is-xsmall uppercase count \">\n\t                       <mark class=\"count\">(20)<\/mark>                      <\/p>\n                                            \n                  <\/div>\n                <\/div>\n                <\/div>\n            <\/a>            <\/div>\n            <\/div><div class=\"product-category col\" >\n            <div class=\"col-inner\">\n              <a aria-label=\"Visit product category Pompom tuques\" href=\"https:\/\/bebeochaud.com\/en\/categorie-produit\/pompom-tuque\/\"><span class=\"prdctfltr_cat_support\" style=\"display:none!important;\" data-slug=\"pompom-tuque\"><\/span>                <div class=\"box box-category has-hover box-normal \">\n                <div class=\"box-image\" >\n                  <div class=\"\" >\n                  <img loading=\"lazy\" decoding=\"async\" src=\"https:\/\/bebeochaud.com\/wp-content\/uploads\/2021\/09\/Tuque_pompon-300x300.jpeg\" alt=\"Pompom tuques\" width=\"300\" height=\"300\" \/>                                                      <\/div>\n                <\/div>\n                <div class=\"box-text text-center\" >\n                  <div class=\"box-text-inner\">\n                      <h5 class=\"uppercase header-title\">\n                              Pompom tuques                      <\/h5>\n                                            <p class=\"is-xsmall uppercase count \">\n\t                       <mark class=\"count\">(18)<\/mark>                      <\/p>\n                                            \n                  <\/div>\n                <\/div>\n                <\/div>\n            <\/a>            <\/div>\n            <\/div><div class=\"product-category col\" >\n            <div class=\"col-inner\">\n              <a aria-label=\"Visit product category Neck warmers\" href=\"https:\/\/bebeochaud.com\/en\/categorie-produit\/neck-warmers\/\"><span class=\"prdctfltr_cat_support\" style=\"display:none!important;\" data-slug=\"neck-warmers\"><\/span>                <div class=\"box box-category has-hover box-normal \">\n                <div class=\"box-image\" >\n                  <div class=\"\" >\n                  <img loading=\"lazy\" decoding=\"async\" src=\"https:\/\/bebeochaud.com\/wp-content\/uploads\/2021\/07\/IMG_4549-300x300.jpg\" alt=\"Neck warmers\" width=\"300\" height=\"300\" \/>                                                      <\/div>\n                <\/div>\n                <div class=\"box-text text-center\" >\n                  <div class=\"box-text-inner\">\n                      <h5 class=\"uppercase header-title\">\n                              Neck warmers                      <\/h5>\n                                            <p class=\"is-xsmall uppercase count \">\n\t                       <mark class=\"count\">(16)<\/mark>                      <\/p>\n                                            \n                  <\/div>\n                <\/div>\n                <\/div>\n            <\/a>            <\/div>\n            <\/div><\/div>\n\n\n","protected":false},"excerpt":{"rendered":"","protected":false},"author":1731,"featured_media":0,"parent":0,"menu_order":0,"comment_status":"closed","ping_status":"closed","template":"","meta":{"footnotes":""},"class_list":["post-1471","page","type-page","status-publish","hentry"],"yoast_head":"<!-- This site is optimized with the Yoast SEO plugin v26.6 - https:\/\/yoast.com\/wordpress\/plugins\/seo\/ -->\n<title>Shop - B\u00e9b\u00e9 \u00d4 Chaud<\/title>\n<meta name=\"robots\" content=\"index, follow, max-snippet:-1, max-image-preview:large, max-video-preview:-1\" \/>\n<link rel=\"canonical\" href=\"https:\/\/bebeochaud.com\/en\/boutique\/\" \/>\n<meta property=\"og:locale\" content=\"en_US\" \/>\n<meta property=\"og:type\" content=\"article\" \/>\n<meta property=\"og:title\" content=\"Shop - B\u00e9b\u00e9 \u00d4 Chaud\" \/>\n<meta property=\"og:url\" content=\"https:\/\/bebeochaud.com\/en\/boutique\/\" \/>\n<meta property=\"og:site_name\" content=\"B\u00e9b\u00e9 \u00d4 Chaud\" \/>\n<meta property=\"article:publisher\" content=\"https:\/\/www.facebook.com\/Bebe.O.Chaud\" \/>\n<meta property=\"article:modified_time\" content=\"2021-06-09T18:21:05+00:00\" \/>\n<meta name=\"twitter:card\" content=\"summary_large_image\" \/>\n<script type=\"application\/ld+json\" class=\"yoast-schema-graph\">{\"@context\":\"https:\/\/schema.org\",\"@graph\":[{\"@type\":\"WebPage\",\"@id\":\"https:\/\/bebeochaud.com\/en\/boutique\/\",\"url\":\"https:\/\/bebeochaud.com\/en\/boutique\/\",\"name\":\"Shop - B\u00e9b\u00e9 \u00d4 Chaud\",\"isPartOf\":{\"@id\":\"https:\/\/bebeochaud.com\/#website\"},\"datePublished\":\"2018-07-10T15:29:35+00:00\",\"dateModified\":\"2021-06-09T18:21:05+00:00\",\"breadcrumb\":{\"@id\":\"https:\/\/bebeochaud.com\/en\/boutique\/#breadcrumb\"},\"inLanguage\":\"en-US\",\"potentialAction\":[{\"@type\":\"ReadAction\",\"target\":[\"https:\/\/bebeochaud.com\/en\/boutique\/\"]}]},{\"@type\":\"BreadcrumbList\",\"@id\":\"https:\/\/bebeochaud.com\/en\/boutique\/#breadcrumb\",\"itemListElement\":[{\"@type\":\"ListItem\",\"position\":1,\"name\":\"Accueil\",\"item\":\"https:\/\/bebeochaud.com\/en\/\"},{\"@type\":\"ListItem\",\"position\":2,\"name\":\"Shop\"}]},{\"@type\":\"WebSite\",\"@id\":\"https:\/\/bebeochaud.com\/#website\",\"url\":\"https:\/\/bebeochaud.com\/\",\"name\":\"B\u00e9b\u00e9 \u00d4 Chaud\",\"description\":\"V\u00eatements et accessoires pour b\u00e9b\u00e9s\",\"publisher\":{\"@id\":\"https:\/\/bebeochaud.com\/#organization\"},\"potentialAction\":[{\"@type\":\"SearchAction\",\"target\":{\"@type\":\"EntryPoint\",\"urlTemplate\":\"https:\/\/bebeochaud.com\/?s={search_term_string}\"},\"query-input\":{\"@type\":\"PropertyValueSpecification\",\"valueRequired\":true,\"valueName\":\"search_term_string\"}}],\"inLanguage\":\"en-US\"},{\"@type\":\"Organization\",\"@id\":\"https:\/\/bebeochaud.com\/#organization\",\"name\":\"B\u00e9b\u00e9 \u00f4 Chaud\",\"url\":\"https:\/\/bebeochaud.com\/\",\"logo\":{\"@type\":\"ImageObject\",\"inLanguage\":\"en-US\",\"@id\":\"https:\/\/bebeochaud.com\/#\/schema\/logo\/image\/\",\"url\":\"https:\/\/bebeochaud.com\/wp-content\/uploads\/2021\/06\/logo-noir-gris-carre.png\",\"contentUrl\":\"https:\/\/bebeochaud.com\/wp-content\/uploads\/2021\/06\/logo-noir-gris-carre.png\",\"width\":358,\"height\":277,\"caption\":\"B\u00e9b\u00e9 \u00f4 Chaud\"},\"image\":{\"@id\":\"https:\/\/bebeochaud.com\/#\/schema\/logo\/image\/\"},\"sameAs\":[\"https:\/\/www.facebook.com\/Bebe.O.Chaud\"]}]}<\/script>\n<!-- \/ Yoast SEO plugin. -->","yoast_head_json":{"title":"Shop - B\u00e9b\u00e9 \u00d4 Chaud","robots":{"index":"index","follow":"follow","max-snippet":"max-snippet:-1","max-image-preview":"max-image-preview:large","max-video-preview":"max-video-preview:-1"},"canonical":"https:\/\/bebeochaud.com\/en\/boutique\/","og_locale":"en_US","og_type":"article","og_title":"Shop - B\u00e9b\u00e9 \u00d4 Chaud","og_url":"https:\/\/bebeochaud.com\/en\/boutique\/","og_site_name":"B\u00e9b\u00e9 \u00d4 Chaud","article_publisher":"https:\/\/www.facebook.com\/Bebe.O.Chaud","article_modified_time":"2021-06-09T18:21:05+00:00","twitter_card":"summary_large_image","schema":{"@context":"https:\/\/schema.org","@graph":[{"@type":"WebPage","@id":"https:\/\/bebeochaud.com\/en\/boutique\/","url":"https:\/\/bebeochaud.com\/en\/boutique\/","name":"Shop - B\u00e9b\u00e9 \u00d4 Chaud","isPartOf":{"@id":"https:\/\/bebeochaud.com\/#website"},"datePublished":"2018-07-10T15:29:35+00:00","dateModified":"2021-06-09T18:21:05+00:00","breadcrumb":{"@id":"https:\/\/bebeochaud.com\/en\/boutique\/#breadcrumb"},"inLanguage":"en-US","potentialAction":[{"@type":"ReadAction","target":["https:\/\/bebeochaud.com\/en\/boutique\/"]}]},{"@type":"BreadcrumbList","@id":"https:\/\/bebeochaud.com\/en\/boutique\/#breadcrumb","itemListElement":[{"@type":"ListItem","position":1,"name":"Accueil","item":"https:\/\/bebeochaud.com\/en\/"},{"@type":"ListItem","position":2,"name":"Shop"}]},{"@type":"WebSite","@id":"https:\/\/bebeochaud.com\/#website","url":"https:\/\/bebeochaud.com\/","name":"B\u00e9b\u00e9 \u00d4 Chaud","description":"V\u00eatements et accessoires pour b\u00e9b\u00e9s","publisher":{"@id":"https:\/\/bebeochaud.com\/#organization"},"potentialAction":[{"@type":"SearchAction","target":{"@type":"EntryPoint","urlTemplate":"https:\/\/bebeochaud.com\/?s={search_term_string}"},"query-input":{"@type":"PropertyValueSpecification","valueRequired":true,"valueName":"search_term_string"}}],"inLanguage":"en-US"},{"@type":"Organization","@id":"https:\/\/bebeochaud.com\/#organization","name":"B\u00e9b\u00e9 \u00f4 Chaud","url":"https:\/\/bebeochaud.com\/","logo":{"@type":"ImageObject","inLanguage":"en-US","@id":"https:\/\/bebeochaud.com\/#\/schema\/logo\/image\/","url":"https:\/\/bebeochaud.com\/wp-content\/uploads\/2021\/06\/logo-noir-gris-carre.png","contentUrl":"https:\/\/bebeochaud.com\/wp-content\/uploads\/2021\/06\/logo-noir-gris-carre.png","width":358,"height":277,"caption":"B\u00e9b\u00e9 \u00f4 Chaud"},"image":{"@id":"https:\/\/bebeochaud.com\/#\/schema\/logo\/image\/"},"sameAs":["https:\/\/www.facebook.com\/Bebe.O.Chaud"]}]}},"_links":{"self":[{"href":"https:\/\/bebeochaud.com\/en\/wp-json\/wp\/v2\/pages\/1471","targetHints":{"allow":["GET"]}}],"collection":[{"href":"https:\/\/bebeochaud.com\/en\/wp-json\/wp\/v2\/pages"}],"about":[{"href":"https:\/\/bebeochaud.com\/en\/wp-json\/wp\/v2\/types\/page"}],"author":[{"embeddable":true,"href":"https:\/\/bebeochaud.com\/en\/wp-json\/wp\/v2\/users\/1731"}],"replies":[{"embeddable":true,"href":"https:\/\/bebeochaud.com\/en\/wp-json\/wp\/v2\/comments?post=1471"}],"version-history":[{"count":6,"href":"https:\/\/bebeochaud.com\/en\/wp-json\/wp\/v2\/pages\/1471\/revisions"}],"predecessor-version":[{"id":45276,"href":"https:\/\/bebeochaud.com\/en\/wp-json\/wp\/v2\/pages\/1471\/revisions\/45276"}],"wp:attachment":[{"href":"https:\/\/bebeochaud.com\/en\/wp-json\/wp\/v2\/media?parent=1471"}],"curies":[{"name":"wp","href":"https:\/\/api.w.org\/{rel}","templated":true}]}}