{"id":111650,"date":"2025-05-02T09:51:21","date_gmt":"2025-05-02T14:51:21","guid":{"rendered":"https:\/\/bebeochaud.com\/?page_id=111650"},"modified":"2025-05-02T10:13:43","modified_gmt":"2025-05-02T15:13:43","slug":"baths","status":"publish","type":"page","link":"https:\/\/bebeochaud.com\/en\/baths\/","title":{"rendered":"Baths"},"content":{"rendered":"\n<h2>Baths<\/h2>\n<h4>Made to order<\/h4>\n<p>Here are all the products we can currently manufacture.<br \/>\nPlease allow approximately 7 to 14 days for delivery.<\/p>\n\n\n  \n    <div class=\"row large-columns-4 medium-columns-3 small-columns-2 row-small\" >\n  <div class=\"product-category col\" >\n            <div class=\"col-inner\">\n              <a aria-label=\"Visit product category Washcloths\" href=\"https:\/\/bebeochaud.com\/en\/categorie-produit\/washcloth\/\"><span class=\"prdctfltr_cat_support\" style=\"display:none!important;\" data-slug=\"washcloth\"><\/span>                <div class=\"box box-category has-hover box-normal \">\n                <div class=\"box-image\" >\n                  <div class=\"\" >\n                  <img loading=\"lazy\" decoding=\"async\" src=\"https:\/\/bebeochaud.com\/wp-content\/uploads\/2025\/05\/debarbouillette-bebe-o-chaud-300x300.jpg\" alt=\"Washcloths\" width=\"300\" height=\"300\" \/>                                                      <\/div>\n                <\/div>\n                <div class=\"box-text text-center\" >\n                  <div class=\"box-text-inner\">\n                      <h5 class=\"uppercase header-title\">\n                              Washcloths                      <\/h5>\n                                            <p class=\"is-xsmall uppercase count \">\n\t                       <mark class=\"count\">(11)<\/mark>                      <\/p>\n                                            \n                  <\/div>\n                <\/div>\n                <\/div>\n            <\/a>            <\/div>\n            <\/div><div class=\"product-category col\" >\n            <div class=\"col-inner\">\n              <a aria-label=\"Visit product category Washable wipes\" href=\"https:\/\/bebeochaud.com\/en\/categorie-produit\/washable-wipes\/\"><span class=\"prdctfltr_cat_support\" style=\"display:none!important;\" data-slug=\"washable-wipes\"><\/span>                <div class=\"box box-category has-hover box-normal \">\n                <div class=\"box-image\" >\n                  <div class=\"\" >\n                  <img loading=\"lazy\" decoding=\"async\" src=\"https:\/\/bebeochaud.com\/wp-content\/uploads\/2023\/02\/Lingette-lavable-fleur-se\u0300che-1-300x300.jpg\" alt=\"Washable wipes\" width=\"300\" height=\"300\" \/>                                                      <\/div>\n                <\/div>\n                <div class=\"box-text text-center\" >\n                  <div class=\"box-text-inner\">\n                      <h5 class=\"uppercase header-title\">\n                              Washable wipes                      <\/h5>\n                                            <p class=\"is-xsmall uppercase count \">\n\t                       <mark class=\"count\">(11)<\/mark>                      <\/p>\n                                            \n                  <\/div>\n                <\/div>\n                <\/div>\n            <\/a>            <\/div>\n            <\/div><div class=\"product-category col\" >\n            <div class=\"col-inner\">\n              <a aria-label=\"Visit product category Bath ponchos\" href=\"https:\/\/bebeochaud.com\/en\/categorie-produit\/24h-en\/bath-poncho-24h\/\"><span class=\"prdctfltr_cat_support\" style=\"display:none!important;\" data-slug=\"bath-poncho-24h\"><\/span>                <div class=\"box box-category has-hover box-normal \">\n                <div class=\"box-image\" >\n                  <div class=\"\" >\n                  <img loading=\"lazy\" decoding=\"async\" src=\"https:\/\/bebeochaud.com\/wp-content\/uploads\/woocommerce-placeholder-300x300.png\" alt=\"Bath ponchos\" width=\"300\" height=\"300\" \/>                                                      <\/div>\n                <\/div>\n                <div class=\"box-text text-center\" >\n                  <div class=\"box-text-inner\">\n                      <h5 class=\"uppercase header-title\">\n                              Bath ponchos                      <\/h5>\n                                            <p class=\"is-xsmall uppercase count \">\n\t                                            <\/p>\n                                            \n                  <\/div>\n                <\/div>\n                <\/div>\n            <\/a>            <\/div>\n            <\/div><div class=\"product-category col\" >\n            <div class=\"col-inner\">\n              <a aria-label=\"Visit product category Bathcapes\" href=\"https:\/\/bebeochaud.com\/en\/categorie-produit\/bathcape\/\"><span class=\"prdctfltr_cat_support\" style=\"display:none!important;\" data-slug=\"bathcape\"><\/span>                <div class=\"box box-category has-hover box-normal \">\n                <div class=\"box-image\" >\n                  <div class=\"\" >\n                  <img loading=\"lazy\" decoding=\"async\" src=\"https:\/\/bebeochaud.com\/wp-content\/uploads\/2019\/05\/60201481_658604324590140_530696643108929536_n-300x300.jpg\" alt=\"Bathcapes\" width=\"300\" height=\"300\" \/>                                                      <\/div>\n                <\/div>\n                <div class=\"box-text text-center\" >\n                  <div class=\"box-text-inner\">\n                      <h5 class=\"uppercase header-title\">\n                              Bathcapes                      <\/h5>\n                                            <p class=\"is-xsmall uppercase count \">\n\t                       <mark class=\"count\">(56)<\/mark>                      <\/p>\n                                            \n                  <\/div>\n                <\/div>\n                <\/div>\n            <\/a>            <\/div>\n            <\/div><\/div>\n\n<h4>In stock<\/h4>\n<p>Here are all the products in stock and available for shipping within 24 hours.<\/p>\n\n\n  \n    <div class=\"row large-columns-4 medium-columns-3 small-columns-2 row-small\" >\n  <div class=\"product-category col\" >\n            <div class=\"col-inner\">\n              <a aria-label=\"Visit product category Bath ponchos\" href=\"https:\/\/bebeochaud.com\/en\/categorie-produit\/bath-poncho\/\"><span class=\"prdctfltr_cat_support\" style=\"display:none!important;\" data-slug=\"bath-poncho\"><\/span>                <div class=\"box box-category has-hover box-normal \">\n                <div class=\"box-image\" >\n                  <div class=\"\" >\n                  <img loading=\"lazy\" decoding=\"async\" src=\"https:\/\/bebeochaud.com\/wp-content\/uploads\/2023\/02\/Poncho-de-bain-rose-4-300x300.jpg\" alt=\"Bath ponchos\" width=\"300\" height=\"300\" \/>                                                      <\/div>\n                <\/div>\n                <div class=\"box-text text-center\" >\n                  <div class=\"box-text-inner\">\n                      <h5 class=\"uppercase header-title\">\n                              Bath ponchos                      <\/h5>\n                                            <p class=\"is-xsmall uppercase count \">\n\t                       <mark class=\"count\">(2)<\/mark>                      <\/p>\n                                            \n                  <\/div>\n                <\/div>\n                <\/div>\n            <\/a>            <\/div>\n            <\/div><div class=\"product-category col\" >\n            <div class=\"col-inner\">\n              <a aria-label=\"Visit product category Bathcapes\" href=\"https:\/\/bebeochaud.com\/en\/categorie-produit\/24h-en\/24h-bathcape\/\"><span class=\"prdctfltr_cat_support\" style=\"display:none!important;\" data-slug=\"24h-bathcape\"><\/span>                <div class=\"box box-category has-hover box-normal \">\n                <div class=\"box-image\" >\n                  <div class=\"\" >\n                  <img loading=\"lazy\" decoding=\"async\" src=\"https:\/\/bebeochaud.com\/wp-content\/uploads\/2019\/06\/Sb_Toucan-300x300.jpg\" alt=\"Bathcapes\" width=\"300\" height=\"300\" \/>                                                      <\/div>\n                <\/div>\n                <div class=\"box-text text-center\" >\n                  <div class=\"box-text-inner\">\n                      <h5 class=\"uppercase header-title\">\n                              Bathcapes                      <\/h5>\n                                            <p class=\"is-xsmall uppercase count \">\n\t                                            <\/p>\n                                            \n                  <\/div>\n                <\/div>\n                <\/div>\n            <\/a>            <\/div>\n            <\/div><\/div>\n\n\n","protected":false},"excerpt":{"rendered":"","protected":false},"author":1731,"featured_media":0,"parent":0,"menu_order":0,"comment_status":"closed","ping_status":"closed","template":"","meta":{"footnotes":""},"class_list":["post-111650","page","type-page","status-publish","hentry"],"yoast_head":"<!-- This site is optimized with the Yoast SEO plugin v26.6 - https:\/\/yoast.com\/wordpress\/plugins\/seo\/ -->\n<title>Baths - B\u00e9b\u00e9 \u00d4 Chaud<\/title>\n<meta name=\"robots\" content=\"index, follow, max-snippet:-1, max-image-preview:large, max-video-preview:-1\" \/>\n<link rel=\"canonical\" href=\"https:\/\/bebeochaud.com\/en\/baths\/\" \/>\n<meta property=\"og:locale\" content=\"en_US\" \/>\n<meta property=\"og:type\" content=\"article\" \/>\n<meta property=\"og:title\" content=\"Baths - B\u00e9b\u00e9 \u00d4 Chaud\" \/>\n<meta property=\"og:url\" content=\"https:\/\/bebeochaud.com\/en\/baths\/\" \/>\n<meta property=\"og:site_name\" content=\"B\u00e9b\u00e9 \u00d4 Chaud\" \/>\n<meta property=\"article:publisher\" content=\"https:\/\/www.facebook.com\/Bebe.O.Chaud\" \/>\n<meta property=\"article:modified_time\" content=\"2025-05-02T15:13:43+00:00\" \/>\n<meta name=\"twitter:card\" content=\"summary_large_image\" \/>\n<script type=\"application\/ld+json\" class=\"yoast-schema-graph\">{\"@context\":\"https:\/\/schema.org\",\"@graph\":[{\"@type\":\"WebPage\",\"@id\":\"https:\/\/bebeochaud.com\/en\/baths\/\",\"url\":\"https:\/\/bebeochaud.com\/en\/baths\/\",\"name\":\"Baths - B\u00e9b\u00e9 \u00d4 Chaud\",\"isPartOf\":{\"@id\":\"https:\/\/bebeochaud.com\/#website\"},\"datePublished\":\"2025-05-02T14:51:21+00:00\",\"dateModified\":\"2025-05-02T15:13:43+00:00\",\"breadcrumb\":{\"@id\":\"https:\/\/bebeochaud.com\/en\/baths\/#breadcrumb\"},\"inLanguage\":\"en-US\",\"potentialAction\":[{\"@type\":\"ReadAction\",\"target\":[\"https:\/\/bebeochaud.com\/en\/baths\/\"]}]},{\"@type\":\"BreadcrumbList\",\"@id\":\"https:\/\/bebeochaud.com\/en\/baths\/#breadcrumb\",\"itemListElement\":[{\"@type\":\"ListItem\",\"position\":1,\"name\":\"Accueil\",\"item\":\"https:\/\/bebeochaud.com\/en\/\"},{\"@type\":\"ListItem\",\"position\":2,\"name\":\"Baths\"}]},{\"@type\":\"WebSite\",\"@id\":\"https:\/\/bebeochaud.com\/#website\",\"url\":\"https:\/\/bebeochaud.com\/\",\"name\":\"B\u00e9b\u00e9 \u00d4 Chaud\",\"description\":\"V\u00eatements et accessoires pour b\u00e9b\u00e9s\",\"publisher\":{\"@id\":\"https:\/\/bebeochaud.com\/#organization\"},\"potentialAction\":[{\"@type\":\"SearchAction\",\"target\":{\"@type\":\"EntryPoint\",\"urlTemplate\":\"https:\/\/bebeochaud.com\/?s={search_term_string}\"},\"query-input\":{\"@type\":\"PropertyValueSpecification\",\"valueRequired\":true,\"valueName\":\"search_term_string\"}}],\"inLanguage\":\"en-US\"},{\"@type\":\"Organization\",\"@id\":\"https:\/\/bebeochaud.com\/#organization\",\"name\":\"B\u00e9b\u00e9 \u00f4 Chaud\",\"url\":\"https:\/\/bebeochaud.com\/\",\"logo\":{\"@type\":\"ImageObject\",\"inLanguage\":\"en-US\",\"@id\":\"https:\/\/bebeochaud.com\/#\/schema\/logo\/image\/\",\"url\":\"https:\/\/bebeochaud.com\/wp-content\/uploads\/2021\/06\/logo-noir-gris-carre.png\",\"contentUrl\":\"https:\/\/bebeochaud.com\/wp-content\/uploads\/2021\/06\/logo-noir-gris-carre.png\",\"width\":358,\"height\":277,\"caption\":\"B\u00e9b\u00e9 \u00f4 Chaud\"},\"image\":{\"@id\":\"https:\/\/bebeochaud.com\/#\/schema\/logo\/image\/\"},\"sameAs\":[\"https:\/\/www.facebook.com\/Bebe.O.Chaud\"]}]}<\/script>\n<!-- \/ Yoast SEO plugin. -->","yoast_head_json":{"title":"Baths - B\u00e9b\u00e9 \u00d4 Chaud","robots":{"index":"index","follow":"follow","max-snippet":"max-snippet:-1","max-image-preview":"max-image-preview:large","max-video-preview":"max-video-preview:-1"},"canonical":"https:\/\/bebeochaud.com\/en\/baths\/","og_locale":"en_US","og_type":"article","og_title":"Baths - B\u00e9b\u00e9 \u00d4 Chaud","og_url":"https:\/\/bebeochaud.com\/en\/baths\/","og_site_name":"B\u00e9b\u00e9 \u00d4 Chaud","article_publisher":"https:\/\/www.facebook.com\/Bebe.O.Chaud","article_modified_time":"2025-05-02T15:13:43+00:00","twitter_card":"summary_large_image","schema":{"@context":"https:\/\/schema.org","@graph":[{"@type":"WebPage","@id":"https:\/\/bebeochaud.com\/en\/baths\/","url":"https:\/\/bebeochaud.com\/en\/baths\/","name":"Baths - B\u00e9b\u00e9 \u00d4 Chaud","isPartOf":{"@id":"https:\/\/bebeochaud.com\/#website"},"datePublished":"2025-05-02T14:51:21+00:00","dateModified":"2025-05-02T15:13:43+00:00","breadcrumb":{"@id":"https:\/\/bebeochaud.com\/en\/baths\/#breadcrumb"},"inLanguage":"en-US","potentialAction":[{"@type":"ReadAction","target":["https:\/\/bebeochaud.com\/en\/baths\/"]}]},{"@type":"BreadcrumbList","@id":"https:\/\/bebeochaud.com\/en\/baths\/#breadcrumb","itemListElement":[{"@type":"ListItem","position":1,"name":"Accueil","item":"https:\/\/bebeochaud.com\/en\/"},{"@type":"ListItem","position":2,"name":"Baths"}]},{"@type":"WebSite","@id":"https:\/\/bebeochaud.com\/#website","url":"https:\/\/bebeochaud.com\/","name":"B\u00e9b\u00e9 \u00d4 Chaud","description":"V\u00eatements et accessoires pour b\u00e9b\u00e9s","publisher":{"@id":"https:\/\/bebeochaud.com\/#organization"},"potentialAction":[{"@type":"SearchAction","target":{"@type":"EntryPoint","urlTemplate":"https:\/\/bebeochaud.com\/?s={search_term_string}"},"query-input":{"@type":"PropertyValueSpecification","valueRequired":true,"valueName":"search_term_string"}}],"inLanguage":"en-US"},{"@type":"Organization","@id":"https:\/\/bebeochaud.com\/#organization","name":"B\u00e9b\u00e9 \u00f4 Chaud","url":"https:\/\/bebeochaud.com\/","logo":{"@type":"ImageObject","inLanguage":"en-US","@id":"https:\/\/bebeochaud.com\/#\/schema\/logo\/image\/","url":"https:\/\/bebeochaud.com\/wp-content\/uploads\/2021\/06\/logo-noir-gris-carre.png","contentUrl":"https:\/\/bebeochaud.com\/wp-content\/uploads\/2021\/06\/logo-noir-gris-carre.png","width":358,"height":277,"caption":"B\u00e9b\u00e9 \u00f4 Chaud"},"image":{"@id":"https:\/\/bebeochaud.com\/#\/schema\/logo\/image\/"},"sameAs":["https:\/\/www.facebook.com\/Bebe.O.Chaud"]}]}},"_links":{"self":[{"href":"https:\/\/bebeochaud.com\/en\/wp-json\/wp\/v2\/pages\/111650","targetHints":{"allow":["GET"]}}],"collection":[{"href":"https:\/\/bebeochaud.com\/en\/wp-json\/wp\/v2\/pages"}],"about":[{"href":"https:\/\/bebeochaud.com\/en\/wp-json\/wp\/v2\/types\/page"}],"author":[{"embeddable":true,"href":"https:\/\/bebeochaud.com\/en\/wp-json\/wp\/v2\/users\/1731"}],"replies":[{"embeddable":true,"href":"https:\/\/bebeochaud.com\/en\/wp-json\/wp\/v2\/comments?post=111650"}],"version-history":[{"count":2,"href":"https:\/\/bebeochaud.com\/en\/wp-json\/wp\/v2\/pages\/111650\/revisions"}],"predecessor-version":[{"id":111661,"href":"https:\/\/bebeochaud.com\/en\/wp-json\/wp\/v2\/pages\/111650\/revisions\/111661"}],"wp:attachment":[{"href":"https:\/\/bebeochaud.com\/en\/wp-json\/wp\/v2\/media?parent=111650"}],"curies":[{"name":"wp","href":"https:\/\/api.w.org\/{rel}","templated":true}]}}