{"id":111648,"date":"2025-05-02T09:51:02","date_gmt":"2025-05-02T14:51:02","guid":{"rendered":"https:\/\/bebeochaud.com\/?page_id=111648"},"modified":"2025-05-02T10:11:12","modified_gmt":"2025-05-02T15:11:12","slug":"accessories","status":"publish","type":"page","link":"https:\/\/bebeochaud.com\/en\/accessories\/","title":{"rendered":"Accessories"},"content":{"rendered":"\n<h2>Accessories<\/h2>\n<h4>Made to order<\/h4>\n<p>Here are all the products we can currently manufacture.<br \/>\nPlease allow approximately 7 to 14 days for delivery.<\/p>\n\n\n  \n    <div class=\"row large-columns-4 medium-columns-3 small-columns-2 row-small\" >\n  <div class=\"product-category col\" >\n            <div class=\"col-inner\">\n              <a aria-label=\"Visit product category Neck warmers\" href=\"https:\/\/bebeochaud.com\/en\/categorie-produit\/neck-warmers\/\"><span class=\"prdctfltr_cat_support\" style=\"display:none!important;\" data-slug=\"neck-warmers\"><\/span>                <div class=\"box box-category has-hover box-default \">\n                <div class=\"box-image\" >\n                  <div class=\"\" >\n                  <img loading=\"lazy\" decoding=\"async\" src=\"https:\/\/bebeochaud.com\/wp-content\/uploads\/2021\/07\/IMG_4549-300x300.jpg\" alt=\"Neck warmers\" width=\"300\" height=\"300\" \/>                                                      <\/div>\n                <\/div>\n                <div class=\"box-text text-center\" >\n                  <div class=\"box-text-inner\">\n                      <h5 class=\"uppercase header-title\">\n                              Neck warmers                      <\/h5>\n                                            <p class=\"is-xsmall uppercase count \">\n\t                       <mark class=\"count\">(16)<\/mark>                      <\/p>\n                                            \n                  <\/div>\n                <\/div>\n                <\/div>\n            <\/a>            <\/div>\n            <\/div><div class=\"product-category col\" >\n            <div class=\"col-inner\">\n              <a aria-label=\"Visit product category Thumbless mittens\" href=\"https:\/\/bebeochaud.com\/en\/categorie-produit\/thumbless-mittens\/\"><span class=\"prdctfltr_cat_support\" style=\"display:none!important;\" data-slug=\"thumbless-mittens\"><\/span>                <div class=\"box box-category has-hover box-default \">\n                <div class=\"box-image\" >\n                  <div class=\"\" >\n                  <img loading=\"lazy\" decoding=\"async\" src=\"https:\/\/bebeochaud.com\/wp-content\/uploads\/2024\/02\/423568214_387386447233492_8759352839851494260_n-300x300.jpg\" alt=\"Thumbless mittens\" width=\"300\" height=\"300\" \/>                                                      <\/div>\n                <\/div>\n                <div class=\"box-text text-center\" >\n                  <div class=\"box-text-inner\">\n                      <h5 class=\"uppercase header-title\">\n                              Thumbless mittens                      <\/h5>\n                                            <p class=\"is-xsmall uppercase count \">\n\t                       <mark class=\"count\">(22)<\/mark>                      <\/p>\n                                            \n                  <\/div>\n                <\/div>\n                <\/div>\n            <\/a>            <\/div>\n            <\/div><div class=\"product-category col\" >\n            <div class=\"col-inner\">\n              <a aria-label=\"Visit product category Bear&#039;s ear tuques\" href=\"https:\/\/bebeochaud.com\/en\/categorie-produit\/bears-ear-tuques\/\"><span class=\"prdctfltr_cat_support\" style=\"display:none!important;\" data-slug=\"bears-ear-tuques\"><\/span>                <div class=\"box box-category has-hover box-default \">\n                <div class=\"box-image\" >\n                  <div class=\"\" >\n                  <img loading=\"lazy\" decoding=\"async\" src=\"https:\/\/bebeochaud.com\/wp-content\/uploads\/2024\/10\/2024-mobile-tuques-300x300.jpg\" alt=\"Bear&#039;s ear tuques\" width=\"300\" height=\"300\" \/>                                                      <\/div>\n                <\/div>\n                <div class=\"box-text text-center\" >\n                  <div class=\"box-text-inner\">\n                      <h5 class=\"uppercase header-title\">\n                              Bear's ear tuques                      <\/h5>\n                                            <p class=\"is-xsmall uppercase count \">\n\t                       <mark class=\"count\">(20)<\/mark>                      <\/p>\n                                            \n                  <\/div>\n                <\/div>\n                <\/div>\n            <\/a>            <\/div>\n            <\/div><div class=\"product-category col\" >\n            <div class=\"col-inner\">\n              <a aria-label=\"Visit product category Pompom tuques\" href=\"https:\/\/bebeochaud.com\/en\/categorie-produit\/pompom-tuque\/\"><span class=\"prdctfltr_cat_support\" style=\"display:none!important;\" data-slug=\"pompom-tuque\"><\/span>                <div class=\"box box-category has-hover box-default \">\n                <div class=\"box-image\" >\n                  <div class=\"\" >\n                  <img loading=\"lazy\" decoding=\"async\" src=\"https:\/\/bebeochaud.com\/wp-content\/uploads\/2021\/09\/Tuque_pompon-300x300.jpeg\" alt=\"Pompom tuques\" width=\"300\" height=\"300\" \/>                                                      <\/div>\n                <\/div>\n                <div class=\"box-text text-center\" >\n                  <div class=\"box-text-inner\">\n                      <h5 class=\"uppercase header-title\">\n                              Pompom tuques                      <\/h5>\n                                            <p class=\"is-xsmall uppercase count \">\n\t                       <mark class=\"count\">(18)<\/mark>                      <\/p>\n                                            \n                  <\/div>\n                <\/div>\n                <\/div>\n            <\/a>            <\/div>\n            <\/div><\/div>\n\n<h4>In stock<\/h4>\n<p>Here are all the products in stock and available for shipping within 24 hours.<\/p>\n\n\n  \n    <div class=\"row large-columns-4 medium-columns-3 small-columns-2 row-small\" >\n  <div class=\"product-category col\" >\n            <div class=\"col-inner\">\n              <a aria-label=\"Visit product category Neck warmers\" href=\"https:\/\/bebeochaud.com\/en\/categorie-produit\/24h-en\/24h-neck-warmer\/\"><span class=\"prdctfltr_cat_support\" style=\"display:none!important;\" data-slug=\"24h-neck-warmer\"><\/span>                <div class=\"box box-category has-hover box-default \">\n                <div class=\"box-image\" >\n                  <div class=\"\" >\n                  <img loading=\"lazy\" decoding=\"async\" src=\"https:\/\/bebeochaud.com\/wp-content\/uploads\/2021\/07\/IMG_4549-300x300.jpg\" alt=\"Neck warmers\" width=\"300\" height=\"300\" \/>                                                      <\/div>\n                <\/div>\n                <div class=\"box-text text-center\" >\n                  <div class=\"box-text-inner\">\n                      <h5 class=\"uppercase header-title\">\n                              Neck warmers                      <\/h5>\n                                            <p class=\"is-xsmall uppercase count \">\n\t                       <mark class=\"count\">(14)<\/mark>                      <\/p>\n                                            \n                  <\/div>\n                <\/div>\n                <\/div>\n            <\/a>            <\/div>\n            <\/div><div class=\"product-category col\" >\n            <div class=\"col-inner\">\n              <a aria-label=\"Visit product category Thumbless mittens\" href=\"https:\/\/bebeochaud.com\/en\/categorie-produit\/24h-en\/24h-thumbless-mittens\/\"><span class=\"prdctfltr_cat_support\" style=\"display:none!important;\" data-slug=\"24h-thumbless-mittens\"><\/span>                <div class=\"box box-category has-hover box-default \">\n                <div class=\"box-image\" >\n                  <div class=\"\" >\n                  <img loading=\"lazy\" decoding=\"async\" src=\"https:\/\/bebeochaud.com\/wp-content\/uploads\/2024\/02\/423568214_387386447233492_8759352839851494260_n-300x300.jpg\" alt=\"Thumbless mittens\" width=\"300\" height=\"300\" \/>                                                      <\/div>\n                <\/div>\n                <div class=\"box-text text-center\" >\n                  <div class=\"box-text-inner\">\n                      <h5 class=\"uppercase header-title\">\n                              Thumbless mittens                      <\/h5>\n                                            <p class=\"is-xsmall uppercase count \">\n\t                       <mark class=\"count\">(26)<\/mark>                      <\/p>\n                                            \n                  <\/div>\n                <\/div>\n                <\/div>\n            <\/a>            <\/div>\n            <\/div><div class=\"product-category col\" >\n            <div class=\"col-inner\">\n              <a aria-label=\"Visit product category Tuques\" href=\"https:\/\/bebeochaud.com\/en\/categorie-produit\/24h-en\/24h_tuque\/\"><span class=\"prdctfltr_cat_support\" style=\"display:none!important;\" data-slug=\"24h_tuque\"><\/span>                <div class=\"box box-category has-hover box-default \">\n                <div class=\"box-image\" >\n                  <div class=\"\" >\n                  <img loading=\"lazy\" decoding=\"async\" src=\"https:\/\/bebeochaud.com\/wp-content\/uploads\/2021\/09\/Tuque_pompon-300x300.jpeg\" alt=\"Tuques\" width=\"300\" height=\"300\" \/>                                                      <\/div>\n                <\/div>\n                <div class=\"box-text text-center\" >\n                  <div class=\"box-text-inner\">\n                      <h5 class=\"uppercase header-title\">\n                              Tuques                      <\/h5>\n                                            <p class=\"is-xsmall uppercase count \">\n\t                       <mark class=\"count\">(17)<\/mark>                      <\/p>\n                                            \n                  <\/div>\n                <\/div>\n                <\/div>\n            <\/a>            <\/div>\n            <\/div><div class=\"product-category col\" >\n            <div class=\"col-inner\">\n              <a aria-label=\"Visit product category Pompoms\" href=\"https:\/\/bebeochaud.com\/en\/categorie-produit\/pompom\/\"><span class=\"prdctfltr_cat_support\" style=\"display:none!important;\" data-slug=\"pompom\"><\/span>                <div class=\"box box-category has-hover box-default \">\n                <div class=\"box-image\" >\n                  <div class=\"\" >\n                  <img loading=\"lazy\" decoding=\"async\" src=\"https:\/\/bebeochaud.com\/wp-content\/uploads\/2019\/08\/IMG_4523-300x300.jpeg\" alt=\"Pompoms\" width=\"300\" height=\"300\" \/>                                                      <\/div>\n                <\/div>\n                <div class=\"box-text text-center\" >\n                  <div class=\"box-text-inner\">\n                      <h5 class=\"uppercase header-title\">\n                              Pompoms                      <\/h5>\n                                            <p class=\"is-xsmall uppercase count \">\n\t                       <mark class=\"count\">(1)<\/mark>                      <\/p>\n                                            \n                  <\/div>\n                <\/div>\n                <\/div>\n            <\/a>            <\/div>\n            <\/div><\/div>\n\n\n","protected":false},"excerpt":{"rendered":"","protected":false},"author":1731,"featured_media":0,"parent":0,"menu_order":0,"comment_status":"closed","ping_status":"closed","template":"","meta":{"footnotes":""},"class_list":["post-111648","page","type-page","status-publish","hentry"],"yoast_head":"<!-- This site is optimized with the Yoast SEO plugin v26.6 - https:\/\/yoast.com\/wordpress\/plugins\/seo\/ -->\n<title>Accessories - B\u00e9b\u00e9 \u00d4 Chaud<\/title>\n<meta name=\"robots\" content=\"index, follow, max-snippet:-1, max-image-preview:large, max-video-preview:-1\" \/>\n<link rel=\"canonical\" href=\"https:\/\/bebeochaud.com\/accessoires\/\" \/>\n<meta property=\"og:locale\" content=\"en_US\" \/>\n<meta property=\"og:type\" content=\"article\" \/>\n<meta property=\"og:title\" content=\"Accessories - B\u00e9b\u00e9 \u00d4 Chaud\" \/>\n<meta property=\"og:url\" content=\"https:\/\/bebeochaud.com\/accessoires\/\" \/>\n<meta property=\"og:site_name\" content=\"B\u00e9b\u00e9 \u00d4 Chaud\" \/>\n<meta property=\"article:publisher\" content=\"https:\/\/www.facebook.com\/Bebe.O.Chaud\" \/>\n<meta property=\"article:modified_time\" content=\"2025-05-02T15:11:12+00:00\" \/>\n<meta name=\"twitter:card\" content=\"summary_large_image\" \/>\n<script type=\"application\/ld+json\" class=\"yoast-schema-graph\">{\"@context\":\"https:\/\/schema.org\",\"@graph\":[{\"@type\":\"WebPage\",\"@id\":\"https:\/\/bebeochaud.com\/accessoires\/\",\"url\":\"https:\/\/bebeochaud.com\/accessoires\/\",\"name\":\"Accessories - B\u00e9b\u00e9 \u00d4 Chaud\",\"isPartOf\":{\"@id\":\"https:\/\/bebeochaud.com\/#website\"},\"datePublished\":\"2025-05-02T14:51:02+00:00\",\"dateModified\":\"2025-05-02T15:11:12+00:00\",\"breadcrumb\":{\"@id\":\"https:\/\/bebeochaud.com\/accessoires\/#breadcrumb\"},\"inLanguage\":\"en-US\",\"potentialAction\":[{\"@type\":\"ReadAction\",\"target\":[\"https:\/\/bebeochaud.com\/accessoires\/\"]}]},{\"@type\":\"BreadcrumbList\",\"@id\":\"https:\/\/bebeochaud.com\/accessoires\/#breadcrumb\",\"itemListElement\":[{\"@type\":\"ListItem\",\"position\":1,\"name\":\"Accueil\",\"item\":\"https:\/\/bebeochaud.com\/en\/\"},{\"@type\":\"ListItem\",\"position\":2,\"name\":\"Accessories\"}]},{\"@type\":\"WebSite\",\"@id\":\"https:\/\/bebeochaud.com\/#website\",\"url\":\"https:\/\/bebeochaud.com\/\",\"name\":\"B\u00e9b\u00e9 \u00d4 Chaud\",\"description\":\"V\u00eatements et accessoires pour b\u00e9b\u00e9s\",\"publisher\":{\"@id\":\"https:\/\/bebeochaud.com\/#organization\"},\"potentialAction\":[{\"@type\":\"SearchAction\",\"target\":{\"@type\":\"EntryPoint\",\"urlTemplate\":\"https:\/\/bebeochaud.com\/?s={search_term_string}\"},\"query-input\":{\"@type\":\"PropertyValueSpecification\",\"valueRequired\":true,\"valueName\":\"search_term_string\"}}],\"inLanguage\":\"en-US\"},{\"@type\":\"Organization\",\"@id\":\"https:\/\/bebeochaud.com\/#organization\",\"name\":\"B\u00e9b\u00e9 \u00f4 Chaud\",\"url\":\"https:\/\/bebeochaud.com\/\",\"logo\":{\"@type\":\"ImageObject\",\"inLanguage\":\"en-US\",\"@id\":\"https:\/\/bebeochaud.com\/#\/schema\/logo\/image\/\",\"url\":\"https:\/\/bebeochaud.com\/wp-content\/uploads\/2021\/06\/logo-noir-gris-carre.png\",\"contentUrl\":\"https:\/\/bebeochaud.com\/wp-content\/uploads\/2021\/06\/logo-noir-gris-carre.png\",\"width\":358,\"height\":277,\"caption\":\"B\u00e9b\u00e9 \u00f4 Chaud\"},\"image\":{\"@id\":\"https:\/\/bebeochaud.com\/#\/schema\/logo\/image\/\"},\"sameAs\":[\"https:\/\/www.facebook.com\/Bebe.O.Chaud\"]}]}<\/script>\n<!-- \/ Yoast SEO plugin. -->","yoast_head_json":{"title":"Accessories - B\u00e9b\u00e9 \u00d4 Chaud","robots":{"index":"index","follow":"follow","max-snippet":"max-snippet:-1","max-image-preview":"max-image-preview:large","max-video-preview":"max-video-preview:-1"},"canonical":"https:\/\/bebeochaud.com\/accessoires\/","og_locale":"en_US","og_type":"article","og_title":"Accessories - B\u00e9b\u00e9 \u00d4 Chaud","og_url":"https:\/\/bebeochaud.com\/accessoires\/","og_site_name":"B\u00e9b\u00e9 \u00d4 Chaud","article_publisher":"https:\/\/www.facebook.com\/Bebe.O.Chaud","article_modified_time":"2025-05-02T15:11:12+00:00","twitter_card":"summary_large_image","schema":{"@context":"https:\/\/schema.org","@graph":[{"@type":"WebPage","@id":"https:\/\/bebeochaud.com\/accessoires\/","url":"https:\/\/bebeochaud.com\/accessoires\/","name":"Accessories - B\u00e9b\u00e9 \u00d4 Chaud","isPartOf":{"@id":"https:\/\/bebeochaud.com\/#website"},"datePublished":"2025-05-02T14:51:02+00:00","dateModified":"2025-05-02T15:11:12+00:00","breadcrumb":{"@id":"https:\/\/bebeochaud.com\/accessoires\/#breadcrumb"},"inLanguage":"en-US","potentialAction":[{"@type":"ReadAction","target":["https:\/\/bebeochaud.com\/accessoires\/"]}]},{"@type":"BreadcrumbList","@id":"https:\/\/bebeochaud.com\/accessoires\/#breadcrumb","itemListElement":[{"@type":"ListItem","position":1,"name":"Accueil","item":"https:\/\/bebeochaud.com\/en\/"},{"@type":"ListItem","position":2,"name":"Accessories"}]},{"@type":"WebSite","@id":"https:\/\/bebeochaud.com\/#website","url":"https:\/\/bebeochaud.com\/","name":"B\u00e9b\u00e9 \u00d4 Chaud","description":"V\u00eatements et accessoires pour b\u00e9b\u00e9s","publisher":{"@id":"https:\/\/bebeochaud.com\/#organization"},"potentialAction":[{"@type":"SearchAction","target":{"@type":"EntryPoint","urlTemplate":"https:\/\/bebeochaud.com\/?s={search_term_string}"},"query-input":{"@type":"PropertyValueSpecification","valueRequired":true,"valueName":"search_term_string"}}],"inLanguage":"en-US"},{"@type":"Organization","@id":"https:\/\/bebeochaud.com\/#organization","name":"B\u00e9b\u00e9 \u00f4 Chaud","url":"https:\/\/bebeochaud.com\/","logo":{"@type":"ImageObject","inLanguage":"en-US","@id":"https:\/\/bebeochaud.com\/#\/schema\/logo\/image\/","url":"https:\/\/bebeochaud.com\/wp-content\/uploads\/2021\/06\/logo-noir-gris-carre.png","contentUrl":"https:\/\/bebeochaud.com\/wp-content\/uploads\/2021\/06\/logo-noir-gris-carre.png","width":358,"height":277,"caption":"B\u00e9b\u00e9 \u00f4 Chaud"},"image":{"@id":"https:\/\/bebeochaud.com\/#\/schema\/logo\/image\/"},"sameAs":["https:\/\/www.facebook.com\/Bebe.O.Chaud"]}]}},"_links":{"self":[{"href":"https:\/\/bebeochaud.com\/en\/wp-json\/wp\/v2\/pages\/111648","targetHints":{"allow":["GET"]}}],"collection":[{"href":"https:\/\/bebeochaud.com\/en\/wp-json\/wp\/v2\/pages"}],"about":[{"href":"https:\/\/bebeochaud.com\/en\/wp-json\/wp\/v2\/types\/page"}],"author":[{"embeddable":true,"href":"https:\/\/bebeochaud.com\/en\/wp-json\/wp\/v2\/users\/1731"}],"replies":[{"embeddable":true,"href":"https:\/\/bebeochaud.com\/en\/wp-json\/wp\/v2\/comments?post=111648"}],"version-history":[{"count":2,"href":"https:\/\/bebeochaud.com\/en\/wp-json\/wp\/v2\/pages\/111648\/revisions"}],"predecessor-version":[{"id":111660,"href":"https:\/\/bebeochaud.com\/en\/wp-json\/wp\/v2\/pages\/111648\/revisions\/111660"}],"wp:attachment":[{"href":"https:\/\/bebeochaud.com\/en\/wp-json\/wp\/v2\/media?parent=111648"}],"curies":[{"name":"wp","href":"https:\/\/api.w.org\/{rel}","templated":true}]}}